{"id":760,"date":"2008-09-20T10:51:19","date_gmt":"2008-09-20T09:51:19","guid":{"rendered":"http:\/\/www.sv-bad-bevensen.de\/wp\/?page_id=760"},"modified":"2017-06-25T16:11:45","modified_gmt":"2017-06-25T15:11:45","slug":"2008-2","status":"publish","type":"page","link":"https:\/\/www.sv-bad-bevensen.de\/?page_id=760","title":{"rendered":"Stadtmeisterschaft 2008"},"content":{"rendered":"<p>Rangliste: Stand nach der 7. Runde<\/p>\n<table class=\"tournament\">\n<tbody>\n<tr>\n<th style=\"text-align: center;\">Platz<\/th>\n<th>Name<\/th>\n<th>Verein<\/th>\n<th style=\"text-align: center;\">ELO\/DWZ<\/th>\n<th style=\"text-align: center;\">Pkte.<\/th>\n<th style=\"text-align: center;\">W.1<\/th>\n<th style=\"text-align: center;\">W.2<\/th>\n<\/tr>\n<tr>\n<td style=\"text-align: right;\">1<\/td>\n<td>Krneta, Slavko<\/td>\n<td>SK Hermannsburg<\/td>\n<td style=\"text-align: center;\">1771<\/td>\n<td style=\"text-align: center;\">6.0<\/td>\n<td style=\"text-align: center;\">27.00<\/td>\n<td style=\"text-align: center;\">188.00<\/td>\n<\/tr>\n<tr>\n<td style=\"text-align: right;\">2<\/td>\n<td>Raasch, Peter<\/td>\n<td>Turm L\u00fcneburg<\/td>\n<td style=\"text-align: center;\">1702<\/td>\n<td style=\"text-align: center;\">6.0<\/td>\n<td style=\"text-align: center;\">24.50<\/td>\n<td style=\"text-align: center;\">190.50<\/td>\n<\/tr>\n<tr>\n<td style=\"text-align: right;\">3<\/td>\n<td>Meyner, Hannes<\/td>\n<td>Turm L\u00fcneburg<\/td>\n<td style=\"text-align: center;\">2090<\/td>\n<td style=\"text-align: center;\">5.5<\/td>\n<td style=\"text-align: center;\">31.00<\/td>\n<td style=\"text-align: center;\">179.50<\/td>\n<\/tr>\n<tr>\n<td style=\"text-align: right;\">4<\/td>\n<td>Mittelst\u00e4dt, Hendrik<\/td>\n<td>Post SV Uelzen<\/td>\n<td style=\"text-align: center;\">1981<\/td>\n<td style=\"text-align: center;\">5.5<\/td>\n<td style=\"text-align: center;\">28.50<\/td>\n<td style=\"text-align: center;\">181.50<\/td>\n<\/tr>\n<tr>\n<td style=\"text-align: right;\">5<\/td>\n<td>Br\u00fcmmel, Arend<\/td>\n<td>Stader SV<\/td>\n<td style=\"text-align: center;\">1930<\/td>\n<td style=\"text-align: center;\">5.0<\/td>\n<td style=\"text-align: center;\">27.50<\/td>\n<td style=\"text-align: center;\">184.50<\/td>\n<\/tr>\n<tr>\n<td style=\"text-align: right;\">6<\/td>\n<td>M\u00fcnster, Henning<\/td>\n<td>TSV Bienenb\u00fcttel<\/td>\n<td style=\"text-align: center;\">1670<\/td>\n<td style=\"text-align: center;\">5.0<\/td>\n<td style=\"text-align: center;\">25.00<\/td>\n<td style=\"text-align: center;\">174.00<\/td>\n<\/tr>\n<tr>\n<td style=\"text-align: right;\">7<\/td>\n<td>Wiens, Dimitri<\/td>\n<td>TSV Bienenb\u00fcttel<\/td>\n<td style=\"text-align: center;\">1569<\/td>\n<td style=\"text-align: center;\">4.5<\/td>\n<td style=\"text-align: center;\">29.50<\/td>\n<td style=\"text-align: center;\">178.00<\/td>\n<\/tr>\n<tr>\n<td style=\"text-align: right;\">8<\/td>\n<td>Buck, Klaus-Michael<\/td>\n<td>Vfl Jesteburg<\/td>\n<td style=\"text-align: center;\">1614<\/td>\n<td style=\"text-align: center;\">4.0<\/td>\n<td style=\"text-align: center;\">25.50<\/td>\n<td style=\"text-align: center;\">160.00<\/td>\n<\/tr>\n<tr>\n<td style=\"text-align: right;\">9<\/td>\n<td>Sch\u00f6nherr, Michael<\/td>\n<td>TV Meckelfeld<\/td>\n<td style=\"text-align: center;\">1270<\/td>\n<td style=\"text-align: center;\">4.0<\/td>\n<td style=\"text-align: center;\">24.50<\/td>\n<td style=\"text-align: center;\">166.50<\/td>\n<\/tr>\n<tr>\n<td style=\"text-align: right;\">10<\/td>\n<td>Sch\u00fctz, Alexander<\/td>\n<td>TSV Bienenb\u00fcttel<\/td>\n<td style=\"text-align: center;\">1388<\/td>\n<td style=\"text-align: center;\">4.0<\/td>\n<td style=\"text-align: center;\">23.50<\/td>\n<td style=\"text-align: center;\">163.50<\/td>\n<\/tr>\n<tr>\n<td style=\"text-align: right;\">11<\/td>\n<td>Breitmann, Gerhard<\/td>\n<td>Hank.-Bodenteich<\/td>\n<td style=\"text-align: center;\">1484<\/td>\n<td style=\"text-align: center;\">4.0<\/td>\n<td style=\"text-align: center;\">22.50<\/td>\n<td style=\"text-align: center;\">167.00<\/td>\n<\/tr>\n<tr>\n<td style=\"text-align: right;\">12<\/td>\n<td>Vick, Andreas<\/td>\n<td>TSV Bienenb\u00fcttel<\/td>\n<td style=\"text-align: center;\">1456<\/td>\n<td style=\"text-align: center;\">4.0<\/td>\n<td style=\"text-align: center;\">21.50<\/td>\n<td style=\"text-align: center;\">155.00<\/td>\n<\/tr>\n<tr>\n<td style=\"text-align: right;\">13<\/td>\n<td>Beyer, Ruben (J)<\/td>\n<td>SV Bad Bevensen<\/td>\n<td style=\"text-align: center;\">1308<\/td>\n<td style=\"text-align: center;\">4.0<\/td>\n<td style=\"text-align: center;\">21.00<\/td>\n<td style=\"text-align: center;\">167.00<\/td>\n<\/tr>\n<tr>\n<td style=\"text-align: right;\">14<\/td>\n<td>Koch, Jannis (J)<\/td>\n<td>Post SV Uelzen<\/td>\n<td style=\"text-align: center;\">1426<\/td>\n<td style=\"text-align: center;\">4.0<\/td>\n<td style=\"text-align: center;\">21.00<\/td>\n<td style=\"text-align: center;\">166.00<\/td>\n<\/tr>\n<tr>\n<td style=\"text-align: right;\">15<\/td>\n<td>Klein, Stefan<\/td>\n<td>SF Buxtehude<\/td>\n<td style=\"text-align: center;\">1613<\/td>\n<td style=\"text-align: center;\">4.0<\/td>\n<td style=\"text-align: center;\">19.50<\/td>\n<td style=\"text-align: center;\">152.50<\/td>\n<\/tr>\n<tr>\n<td style=\"text-align: right;\">16<\/td>\n<td>Hayessen, Hinrich<\/td>\n<td>SV Bad Bevensen<\/td>\n<td style=\"text-align: center;\">1295<\/td>\n<td style=\"text-align: center;\">4.0<\/td>\n<td style=\"text-align: center;\">18.50<\/td>\n<td style=\"text-align: center;\">151.50<\/td>\n<\/tr>\n<tr>\n<td style=\"text-align: right;\">17<\/td>\n<td>Schmidt, Ulrich<\/td>\n<td>SK Soltau<\/td>\n<td style=\"text-align: center;\">1725<\/td>\n<td style=\"text-align: center;\">3.5<\/td>\n<td style=\"text-align: center;\">30.00<\/td>\n<td style=\"text-align: center;\">172.50<\/td>\n<\/tr>\n<tr>\n<td style=\"text-align: right;\">18<\/td>\n<td>Keplin, Andreas<\/td>\n<td>vereinslos<\/td>\n<td style=\"text-align: center;\"><\/td>\n<td style=\"text-align: center;\">3.5<\/td>\n<td style=\"text-align: center;\">27.00<\/td>\n<td style=\"text-align: center;\">157.00<\/td>\n<\/tr>\n<tr>\n<td style=\"text-align: right;\">19<\/td>\n<td>Gerken, Frieso (J)<\/td>\n<td>Turm L\u00fcneburg<\/td>\n<td style=\"text-align: center;\">983<\/td>\n<td style=\"text-align: center;\">3.5<\/td>\n<td style=\"text-align: center;\">20.50<\/td>\n<td style=\"text-align: center;\">140.00<\/td>\n<\/tr>\n<tr>\n<td style=\"text-align: right;\">20<\/td>\n<td>Milnikel, Eugen<\/td>\n<td>SV Bad Bevensen<\/td>\n<td style=\"text-align: center;\">1341<\/td>\n<td style=\"text-align: center;\">3.5<\/td>\n<td style=\"text-align: center;\">16.50<\/td>\n<td style=\"text-align: center;\">144.50<\/td>\n<\/tr>\n<tr>\n<td style=\"text-align: right;\">21<\/td>\n<td>Piepenburg, Norbert<\/td>\n<td>TSV Bienenb\u00fcttel<\/td>\n<td style=\"text-align: center;\">1680<\/td>\n<td style=\"text-align: center;\">3.0<\/td>\n<td style=\"text-align: center;\">27.00<\/td>\n<td style=\"text-align: center;\">165.00<\/td>\n<\/tr>\n<tr>\n<td style=\"text-align: right;\">22<\/td>\n<td>Zaiser, Horst<\/td>\n<td>Post SV Uelzen<\/td>\n<td style=\"text-align: center;\"><\/td>\n<td style=\"text-align: center;\">3.0<\/td>\n<td style=\"text-align: center;\">22.50<\/td>\n<td style=\"text-align: center;\">150.00<\/td>\n<\/tr>\n<tr>\n<td style=\"text-align: right;\">23<\/td>\n<td>Ludwig, Dr. Timm<\/td>\n<td>SV Bad Bevensen<\/td>\n<td style=\"text-align: center;\">1328<\/td>\n<td style=\"text-align: center;\">3.0<\/td>\n<td style=\"text-align: center;\">21.50<\/td>\n<td style=\"text-align: center;\">167.50<\/td>\n<\/tr>\n<tr>\n<td style=\"text-align: right;\">24<\/td>\n<td>Gissel, Thomas (J)<\/td>\n<td>TSV Bienenb\u00fcttel<\/td>\n<td style=\"text-align: center;\">972<\/td>\n<td style=\"text-align: center;\">3.0<\/td>\n<td style=\"text-align: center;\">21.00<\/td>\n<td style=\"text-align: center;\">142.00<\/td>\n<\/tr>\n<tr>\n<td style=\"text-align: right;\">25<\/td>\n<td>Weichsel, Philip (J)<\/td>\n<td>SV Bad Bevensen<\/td>\n<td style=\"text-align: center;\">976<\/td>\n<td style=\"text-align: center;\">3.0<\/td>\n<td style=\"text-align: center;\">19.00<\/td>\n<td style=\"text-align: center;\">161.50<\/td>\n<\/tr>\n<tr>\n<td style=\"text-align: right;\">26<\/td>\n<td>Sisic, Esad<\/td>\n<td>TV Meckelfeld<\/td>\n<td style=\"text-align: center;\">1423<\/td>\n<td style=\"text-align: center;\">2.5<\/td>\n<td style=\"text-align: center;\">21.50<\/td>\n<td style=\"text-align: center;\">146.00<\/td>\n<\/tr>\n<tr>\n<td style=\"text-align: right;\">27<\/td>\n<td>Witzel, Markus<\/td>\n<td>vereinslos<\/td>\n<td style=\"text-align: center;\"><\/td>\n<td style=\"text-align: center;\">2.5<\/td>\n<td style=\"text-align: center;\">21.00<\/td>\n<td style=\"text-align: center;\">139.50<\/td>\n<\/tr>\n<tr>\n<td style=\"text-align: right;\">28<\/td>\n<td>Friebe, Erik (J)<\/td>\n<td>SV Bad Bevensen<\/td>\n<td style=\"text-align: center;\"><\/td>\n<td style=\"text-align: center;\">2.5<\/td>\n<td style=\"text-align: center;\">20.00<\/td>\n<td style=\"text-align: center;\">148.00<\/td>\n<\/tr>\n<tr>\n<td style=\"text-align: right;\">29<\/td>\n<td>Kozik, Klaus<\/td>\n<td>SV Bad Bevensen<\/td>\n<td style=\"text-align: center;\">1073<\/td>\n<td style=\"text-align: center;\">2.0<\/td>\n<td style=\"text-align: center;\">21.50<\/td>\n<td style=\"text-align: center;\">153.50<\/td>\n<\/tr>\n<tr>\n<td style=\"text-align: right;\">30<\/td>\n<td>Tappenbeck, Rolf<\/td>\n<td>TSV Bienenb\u00fcttel<\/td>\n<td style=\"text-align: center;\"><\/td>\n<td style=\"text-align: center;\">2.0<\/td>\n<td style=\"text-align: center;\">20.50<\/td>\n<td style=\"text-align: center;\">137.00<\/td>\n<\/tr>\n<tr>\n<td style=\"text-align: right;\">31<\/td>\n<td>Haak, Gerhard<\/td>\n<td>vereinslos<\/td>\n<td style=\"text-align: center;\"><\/td>\n<td style=\"text-align: center;\">1.5<\/td>\n<td style=\"text-align: center;\">18.50<\/td>\n<td style=\"text-align: center;\">129.00<\/td>\n<\/tr>\n<tr>\n<td style=\"text-align: right;\">32<\/td>\n<td>Bauer, Leonhard (J)<\/td>\n<td>SV Bad Bevensen<\/td>\n<td style=\"text-align: center;\"><\/td>\n<td style=\"text-align: center;\">1.5<\/td>\n<td style=\"text-align: center;\">14.50<\/td>\n<td style=\"text-align: center;\">143.00<\/td>\n<\/tr>\n<tr>\n<td style=\"text-align: right;\">33<\/td>\n<td>Borchmannm, Horst<\/td>\n<td>vereinslos<\/td>\n<td style=\"text-align: center;\"><\/td>\n<td style=\"text-align: center;\">1.0<\/td>\n<td style=\"text-align: center;\">21.00<\/td>\n<td style=\"text-align: center;\">143.00<\/td>\n<\/tr>\n<tr>\n<td style=\"text-align: right;\">34<\/td>\n<td>Thei\u00df, Felix (J)<\/td>\n<td>SV Bad Bevensen<\/td>\n<td style=\"text-align: center;\"><\/td>\n<td style=\"text-align: center;\">1.0<\/td>\n<td style=\"text-align: center;\">17.00<\/td>\n<td style=\"text-align: center;\">133.00<\/td>\n<\/tr>\n<\/tbody>\n<\/table>\n<p>W.1=Buchholz, schlechteste Wertung gestrichen W.2=Wertungswertung<\/p>\n<p><a href=\"https:\/\/www.sv-bad-bevensen.de\/wp-content\/uploads\/2008\/09\/Ausschreibung.pdf\" rel=\"\">Ausschreibung<\/a>, <a href=\"https:\/\/www.sv-bad-bevensen.de\/?page_id=1973\">Fotos<\/a>, <a href=\"https:\/\/www.sv-bad-bevensen.de\/?page_id=744\">Archiv<\/a><\/p>\n","protected":false},"excerpt":{"rendered":"<p>Rangliste: Stand nach der 7. Runde Platz Name Verein ELO\/DWZ Pkte. W.1 W.2 1 Krneta, Slavko SK Hermannsburg 1771 6.0 27.00 188.00 2 Raasch, Peter Turm L\u00fcneburg 1702 6.0 24.50 190.50 3 Meyner, Hannes Turm L\u00fcneburg 2090 5.5 31.00 179.50 4 Mittelst\u00e4dt, Hendrik Post SV Uelzen 1981 5.5 28.50 181.50 5 Br\u00fcmmel, Arend Stader SV &hellip; <a href=\"https:\/\/www.sv-bad-bevensen.de\/?page_id=760\" class=\"more-link\"><span class=\"screen-reader-text\">Stadtmeisterschaft 2008<\/span> weiterlesen<\/a><\/p>\n","protected":false},"author":1,"featured_media":0,"parent":744,"menu_order":99,"comment_status":"closed","ping_status":"closed","template":"","meta":{"ngg_post_thumbnail":0,"footnotes":""},"class_list":["post-760","page","type-page","status-publish","hentry"],"_links":{"self":[{"href":"https:\/\/www.sv-bad-bevensen.de\/index.php?rest_route=\/wp\/v2\/pages\/760","targetHints":{"allow":["GET"]}}],"collection":[{"href":"https:\/\/www.sv-bad-bevensen.de\/index.php?rest_route=\/wp\/v2\/pages"}],"about":[{"href":"https:\/\/www.sv-bad-bevensen.de\/index.php?rest_route=\/wp\/v2\/types\/page"}],"author":[{"embeddable":true,"href":"https:\/\/www.sv-bad-bevensen.de\/index.php?rest_route=\/wp\/v2\/users\/1"}],"replies":[{"embeddable":true,"href":"https:\/\/www.sv-bad-bevensen.de\/index.php?rest_route=%2Fwp%2Fv2%2Fcomments&post=760"}],"version-history":[{"count":0,"href":"https:\/\/www.sv-bad-bevensen.de\/index.php?rest_route=\/wp\/v2\/pages\/760\/revisions"}],"up":[{"embeddable":true,"href":"https:\/\/www.sv-bad-bevensen.de\/index.php?rest_route=\/wp\/v2\/pages\/744"}],"wp:attachment":[{"href":"https:\/\/www.sv-bad-bevensen.de\/index.php?rest_route=%2Fwp%2Fv2%2Fmedia&parent=760"}],"curies":[{"name":"wp","href":"https:\/\/api.w.org\/{rel}","templated":true}]}}