{"id":744,"date":"2015-12-26T10:38:23","date_gmt":"2015-12-26T10:38:23","guid":{"rendered":"http:\/\/www.sv-bad-bevensen.de\/wp\/?page_id=744"},"modified":"2026-04-30T09:46:25","modified_gmt":"2026-04-30T08:46:25","slug":"archiv","status":"publish","type":"page","link":"https:\/\/www.sv-bad-bevensen.de\/?page_id=744","title":{"rendered":"Archiv"},"content":{"rendered":"<table class=\"noBorder\" style=\"width: 100%; height: 482px;\">\n<tbody>\n<tr>\n<td style=\"vertical-align: middle;\"><a href=\"https:\/\/www.sv-bad-bevensen.de\/wp-content\/uploads\/2025\/09\/Rangliste.pdf\">2025<\/a> Sieger: Rudolph &#8211; Jugend: B\u00fcrgener<\/td>\n<td style=\"vertical-align: middle;\">&nbsp;<\/td>\n<td style=\"vertical-align: middle;\">&nbsp;<\/td>\n<\/tr>\n<tr>\n<td style=\"vertical-align: middle;\"><a href=\"https:\/\/www.sv-bad-bevensen.de\/wp-content\/uploads\/2024\/09\/Rangliste.pdf\">2024<\/a> Sieger: Mittelst\u00e4dt &#8211; Jugend: Helms<\/td>\n<td style=\"vertical-align: middle;\"><a href=\"https:\/\/www.sv-bad-bevensen.de\/wp-content\/uploads\/2024\/09\/20240907_182526-1.jpg\"><img loading=\"lazy\" decoding=\"async\" class=\"alignnone size-medium wp-image-19918\" src=\"https:\/\/www.sv-bad-bevensen.de\/wp-content\/uploads\/2024\/09\/20240907_182526-1-300x167.jpg\" alt=\"\" width=\"50\" height=\"28\" srcset=\"https:\/\/www.sv-bad-bevensen.de\/wp-content\/uploads\/2024\/09\/20240907_182526-1-300x167.jpg 300w, https:\/\/www.sv-bad-bevensen.de\/wp-content\/uploads\/2024\/09\/20240907_182526-1-1024x568.jpg 1024w, https:\/\/www.sv-bad-bevensen.de\/wp-content\/uploads\/2024\/09\/20240907_182526-1-768x426.jpg 768w, https:\/\/www.sv-bad-bevensen.de\/wp-content\/uploads\/2024\/09\/20240907_182526-1.jpg 1200w\" sizes=\"auto, (max-width: 50px) 100vw, 50px\" \/><\/a><\/td>\n<td style=\"vertical-align: middle;\"><a href=\"https:\/\/www.sv-bad-bevensen.de\/?page_id=19444\">Fotos<\/a><\/td>\n<\/tr>\n<tr>\n<td style=\"vertical-align: middle;\"><a href=\"https:\/\/www.sv-bad-bevensen.de\/?page_id=18599\">2023<\/a> Sieger: Mittelst\u00e4dt &#8211; Jugend: Reinke<\/td>\n<td style=\"vertical-align: middle;\"><a href=\"https:\/\/www.sv-bad-bevensen.de\/wp-content\/uploads\/2023\/09\/20230916_183322.jpg\"><img loading=\"lazy\" decoding=\"async\" class=\"alignnone size-medium wp-image-18922\" src=\"https:\/\/www.sv-bad-bevensen.de\/wp-content\/uploads\/2023\/09\/20230916_183322-300x225.jpg\" alt=\"\" width=\"50\" height=\"38\" srcset=\"https:\/\/www.sv-bad-bevensen.de\/wp-content\/uploads\/2023\/09\/20230916_183322-300x225.jpg 300w, https:\/\/www.sv-bad-bevensen.de\/wp-content\/uploads\/2023\/09\/20230916_183322-1024x768.jpg 1024w, https:\/\/www.sv-bad-bevensen.de\/wp-content\/uploads\/2023\/09\/20230916_183322-768x576.jpg 768w, https:\/\/www.sv-bad-bevensen.de\/wp-content\/uploads\/2023\/09\/20230916_183322.jpg 1200w\" sizes=\"auto, (max-width: 50px) 100vw, 50px\" \/><\/a><\/td>\n<td style=\"vertical-align: middle;\"><a href=\"https:\/\/www.sv-bad-bevensen.de\/?page_id=18615\">Fotos<\/a><\/td>\n<\/tr>\n<tr style=\"height: 29px;\">\n<td style=\"vertical-align: middle; height: 29px;\"><a href=\"https:\/\/www.sv-bad-bevensen.de\/?page_id=16702\">2022<\/a> Sieger: von Estorff &#8211; Jugend: Helms<\/td>\n<td style=\"vertical-align: middle; height: 29px;\"><a href=\"https:\/\/www.sv-bad-bevensen.de\/wp-content\/gallery\/stadtmeisterschaft-2022\/b499c8d8-16bb-4e90-96fe-5a1519196376.jpg\"><img loading=\"lazy\" decoding=\"async\" class=\"alignnone size-medium\" src=\"https:\/\/www.sv-bad-bevensen.de\/wp-content\/gallery\/stadtmeisterschaft-2022\/b499c8d8-16bb-4e90-96fe-5a1519196376.jpg\" width=\"50\" height=\"28\"><\/a><\/td>\n<td style=\"vertical-align: middle; height: 29px;\"><a href=\"https:\/\/www.sv-bad-bevensen.de\/?page_id=16723\">Fotos<\/a><\/td>\n<\/tr>\n<tr style=\"height: 29px;\">\n<td style=\"vertical-align: middle; height: 29px;\"><a href=\"https:\/\/www.sv-bad-bevensen.de\/?page_id=15002\">2019<\/a> Sieger: H\u00f6gy &#8211; Jugend: Kn\u00fcdel<\/td>\n<td style=\"vertical-align: middle; height: 29px;\"><a href=\"https:\/\/www.sv-bad-bevensen.de\/wp-content\/gallery\/stadtmeisterschaft-2019\/Stadtmeisterschaft_2019_090.jpg\"><img loading=\"lazy\" decoding=\"async\" class=\"alignnone size-medium\" src=\"https:\/\/www.sv-bad-bevensen.de\/wp-content\/gallery\/stadtmeisterschaft-2019\/Stadtmeisterschaft_2019_090.jpg\" width=\"50\" height=\"28\"><\/a><\/td>\n<td style=\"vertical-align: middle; height: 29px;\"><a href=\"https:\/\/www.sv-bad-bevensen.de\/?page_id=15220\">Fotos<\/a><\/td>\n<\/tr>\n<tr style=\"height: 29px;\">\n<td style=\"vertical-align: middle; height: 29px;\"><a href=\"https:\/\/www.sv-bad-bevensen.de\/?page_id=13948\">2018<\/a> Sieger: H\u00f6gy &#8211; Jugend: Kn\u00fcdel<\/td>\n<td style=\"vertical-align: middle; height: 29px;\"><a href=\"https:\/\/www.sv-bad-bevensen.de\/wp-content\/gallery\/stadtmeisterschaft-2018\/20180915_153951.jpg\"><img loading=\"lazy\" decoding=\"async\" class=\"alignnone size-medium\" src=\"https:\/\/www.sv-bad-bevensen.de\/wp-content\/gallery\/stadtmeisterschaft-2018\/20180915_153951.jpg\" width=\"50\" height=\"28\"><\/a><\/td>\n<td style=\"vertical-align: middle; height: 29px;\"><a href=\"https:\/\/www.sv-bad-bevensen.de\/?page_id=13959\">Fotos<\/a><\/td>\n<\/tr>\n<tr style=\"height: 29px;\">\n<td style=\"vertical-align: middle; height: 29px;\"><a href=\"https:\/\/www.sv-bad-bevensen.de\/?page_id=12317\">2017<\/a> Sieger: H\u00f6gy &#8211; Jugend: Untiedt<\/td>\n<td style=\"vertical-align: middle; height: 29px;\"><a href=\"https:\/\/www.sv-bad-bevensen.de\/wp-content\/gallery\/stadtmeisterschaft-2017\/20170909_123339.jpg\"><img loading=\"lazy\" decoding=\"async\" class=\"alignnone size-medium\" src=\"https:\/\/www.sv-bad-bevensen.de\/wp-content\/gallery\/stadtmeisterschaft-2017\/20170909_123339.jpg\" width=\"50\" height=\"38\"><\/a><\/td>\n<td style=\"vertical-align: middle; height: 29px;\"><a href=\"https:\/\/www.sv-bad-bevensen.de\/?page_id=12571\">Fotos<\/a><\/td>\n<\/tr>\n<tr style=\"height: 37px;\">\n<td style=\"vertical-align: middle; height: 37px;\"><a href=\"https:\/\/www.sv-bad-bevensen.de\/?page_id=10267\">2016<\/a> Sieger: Mittelst\u00e4dt &#8211; Jugend: Untiedt<\/td>\n<td style=\"vertical-align: middle; height: 37px;\"><a href=\"https:\/\/www.sv-bad-bevensen.de\/wp-content\/gallery\/stadtmeisterschaft-2016\/DSCI0007.JPG\"><img loading=\"lazy\" decoding=\"async\" class=\"alignnone size-medium\" src=\"https:\/\/www.sv-bad-bevensen.de\/wp-content\/gallery\/stadtmeisterschaft-2016\/DSCI0007.JPG\" width=\"50\" height=\"38\"><\/a><\/td>\n<td style=\"vertical-align: middle; height: 37px;\"><a href=\"https:\/\/www.sv-bad-bevensen.de\/?page_id=10274\">Fotos<\/a><\/td>\n<\/tr>\n<tr style=\"height: 37px;\">\n<td style=\"vertical-align: middle; height: 37px;\"><a href=\"https:\/\/www.sv-bad-bevensen.de\/?page_id=787\">2015<\/a>&nbsp;Sieger: Gomolla <em>&#8211; <\/em>Jugend: Untiedt <em><br \/>\n<\/em><\/td>\n<td style=\"vertical-align: middle; height: 37px;\"><a href=\"https:\/\/www.sv-bad-bevensen.de\/wp-content\/gallery\/stadtmeisterschaft\/Stadtmeisterschaft_2015_028.jpg\"><img loading=\"lazy\" decoding=\"async\" class=\"alignnone\" src=\"https:\/\/www.sv-bad-bevensen.de\/wp-content\/gallery\/stadtmeisterschaft\/Stadtmeisterschaft_2015_028.jpg\" alt=\"\" width=\"50\" height=\"38\"><\/a><\/td>\n<td style=\"vertical-align: middle; height: 37px;\"><a href=\"https:\/\/www.sv-bad-bevensen.de\/?page_id=466\">Fotos<\/a><\/td>\n<\/tr>\n<tr style=\"height: 37px;\">\n<td style=\"vertical-align: middle; height: 37px;\"><a href=\"https:\/\/www.sv-bad-bevensen.de\/?page_id=746\">2014<\/a> Sieger: Mittelst\u00e4dt <em>&#8211; <\/em>Jugend: Askerov<\/td>\n<td style=\"vertical-align: middle; height: 37px;\"><a href=\"https:\/\/www.sv-bad-bevensen.de\/wp-content\/gallery\/stadtmeisterschaft-2014\/Stadtmeisterschaft_2014_28.jpg\"><img loading=\"lazy\" decoding=\"async\" class=\"alignnone\" src=\"https:\/\/www.sv-bad-bevensen.de\/wp-content\/gallery\/stadtmeisterschaft-2014\/Stadtmeisterschaft_2014_28.jpg\" alt=\"\" width=\"50\" height=\"38\"><\/a><\/td>\n<td style=\"vertical-align: middle; height: 37px;\"><a href=\"https:\/\/www.sv-bad-bevensen.de\/?page_id=1292\">Fotos<\/a><\/td>\n<\/tr>\n<tr style=\"height: 33px;\">\n<td style=\"vertical-align: middle; height: 33px;\"><a href=\"https:\/\/www.sv-bad-bevensen.de\/?page_id=750\">2013<\/a> Sieger: Mittelst\u00e4dt <em>&#8211; <\/em>Jugend: Untiedt<\/td>\n<td style=\"vertical-align: middle; height: 33px;\"><a href=\"https:\/\/www.sv-bad-bevensen.de\/wp-content\/gallery\/stadtmeisterschaft-2013\/Stadtmeisterschaft_2013_088.jpg\"><img loading=\"lazy\" decoding=\"async\" class=\"alignnone\" src=\"https:\/\/www.sv-bad-bevensen.de\/wp-content\/gallery\/stadtmeisterschaft-2013\/Stadtmeisterschaft_2013_088.jpg\" alt=\"\" width=\"50\" height=\"33\"><\/a><\/td>\n<td style=\"vertical-align: middle; height: 33px;\"><a href=\"https:\/\/www.sv-bad-bevensen.de\/?page_id=1566\">Fotos<\/a><\/td>\n<\/tr>\n<tr style=\"height: 37px;\">\n<td style=\"vertical-align: middle; height: 37px;\"><a href=\"https:\/\/www.sv-bad-bevensen.de\/?page_id=752\">2012<\/a>&nbsp;Sieger<em>: <\/em>Noack <em>&#8211; <\/em>Jugend: Schl\u00e4ger<\/td>\n<td style=\"vertical-align: middle; height: 37px;\"><a href=\"https:\/\/www.sv-bad-bevensen.de\/wp-content\/gallery\/stadtmeisterschaft-2012\/Stadtmeisterschaft_2012_10.jpg\"><img loading=\"lazy\" decoding=\"async\" class=\"alignnone\" src=\"https:\/\/www.sv-bad-bevensen.de\/wp-content\/gallery\/stadtmeisterschaft-2012\/Stadtmeisterschaft_2012_10.jpg\" alt=\"\" width=\"50\" height=\"37\"><\/a><\/td>\n<td style=\"vertical-align: middle; height: 37px;\"><a href=\"https:\/\/www.sv-bad-bevensen.de\/?page_id=1632\">Fotos<\/a><\/td>\n<\/tr>\n<tr style=\"height: 37px;\">\n<td style=\"vertical-align: middle; height: 37px;\"><a href=\"https:\/\/www.sv-bad-bevensen.de\/?page_id=754\">2011<\/a> Sieger: Sch\u00e4fer <em>&#8211; <\/em>Jugend: Schl\u00e4ger<\/td>\n<td style=\"vertical-align: middle; height: 37px;\"><a href=\"https:\/\/www.sv-bad-bevensen.de\/wp-content\/gallery\/stadtmeisterschaft-2011\/Stadtmeisterschaft_2011_33.jpg\"><img loading=\"lazy\" decoding=\"async\" class=\"alignnone\" src=\"https:\/\/www.sv-bad-bevensen.de\/wp-content\/gallery\/stadtmeisterschaft-2011\/Stadtmeisterschaft_2011_33.jpg\" alt=\"\" width=\"50\" height=\"38\"><\/a><\/td>\n<td style=\"vertical-align: middle; height: 37px;\"><a href=\"https:\/\/www.sv-bad-bevensen.de\/?page_id=1712\">Fotos<\/a><\/td>\n<\/tr>\n<tr style=\"height: 37px;\">\n<td style=\"vertical-align: middle; height: 37px;\"><a href=\"https:\/\/www.sv-bad-bevensen.de\/?page_id=756\">2010<\/a>&nbsp;Sieger<em>: <\/em>Mittelst\u00e4dt <em>&#8211; <\/em>Jugend: Delekat<\/td>\n<td style=\"vertical-align: middle; height: 37px;\"><a href=\"https:\/\/www.sv-bad-bevensen.de\/wp-content\/gallery\/stadtmeisterschaft-2010\/2010_09_11_SMS_20.jpg\"><img loading=\"lazy\" decoding=\"async\" class=\"alignnone\" src=\"https:\/\/www.sv-bad-bevensen.de\/wp-content\/gallery\/stadtmeisterschaft-2010\/2010_09_11_SMS_20.jpg\" alt=\"\" width=\"50\" height=\"38\"><\/a><\/td>\n<td style=\"vertical-align: middle; height: 37px;\"><a href=\"https:\/\/www.sv-bad-bevensen.de\/?page_id=1815\">Fotos<\/a><\/td>\n<\/tr>\n<tr style=\"height: 37px;\">\n<td style=\"vertical-align: middle; height: 37px;\"><a href=\"https:\/\/www.sv-bad-bevensen.de\/?page_id=758\">2009<\/a> Sieger:<em> Krneta &#8211; <\/em>Jugend: Knopf<\/td>\n<td style=\"vertical-align: middle; height: 37px;\"><a href=\"https:\/\/www.sv-bad-bevensen.de\/wp-content\/gallery\/stadtmeisterschaft-2009\/2009_09_12_SMS_25.jpg\"><img loading=\"lazy\" decoding=\"async\" class=\"alignnone\" src=\"https:\/\/www.sv-bad-bevensen.de\/wp-content\/gallery\/stadtmeisterschaft-2009\/2009_09_12_SMS_25.jpg\" alt=\"\" width=\"50\" height=\"38\"><\/a><\/td>\n<td style=\"vertical-align: middle; height: 37px;\"><a href=\"https:\/\/www.sv-bad-bevensen.de\/?page_id=1914\">Fotos<\/a><\/td>\n<\/tr>\n<tr style=\"height: 37px;\">\n<td style=\"vertical-align: middle; height: 37px;\"><a href=\"https:\/\/www.sv-bad-bevensen.de\/?page_id=760\">2008<\/a> Sieger: Krneta <em>&#8211; <\/em>Jugend: Beyer<\/td>\n<td style=\"vertical-align: middle; height: 37px;\"><a href=\"https:\/\/www.sv-bad-bevensen.de\/wp-content\/gallery\/stadtmeisterschaft-2008\/2008_09_20_SMS_21.jpg\"><img loading=\"lazy\" decoding=\"async\" class=\"alignnone\" src=\"https:\/\/www.sv-bad-bevensen.de\/wp-content\/gallery\/stadtmeisterschaft-2008\/2008_09_20_SMS_21.jpg\" alt=\"\" width=\"50\" height=\"38\"><\/a><\/td>\n<td style=\"vertical-align: middle; height: 37px;\"><a href=\"https:\/\/www.sv-bad-bevensen.de\/?page_id=1973\">Fotos<\/a><\/td>\n<\/tr>\n<tr style=\"height: 37px;\">\n<td style=\"vertical-align: middle; height: 37px;\"><a href=\"https:\/\/www.sv-bad-bevensen.de\/?page_id=770\">2007<\/a> Sieger: Mittelst\u00e4dt <em>&#8211; <\/em>Jugend<em>: <\/em>Koch<\/td>\n<td style=\"vertical-align: middle; height: 37px;\"><a href=\"https:\/\/www.sv-bad-bevensen.de\/wp-content\/gallery\/stadtmeisterschaft-2007\/SSMS_2007_04.jpg\"><img loading=\"lazy\" decoding=\"async\" class=\"alignnone\" src=\"https:\/\/www.sv-bad-bevensen.de\/wp-content\/gallery\/stadtmeisterschaft-2007\/SSMS_2007_04.jpg\" alt=\"\" width=\"50\" height=\"38\"><\/a><\/td>\n<td style=\"height: 37px;\"><a href=\"https:\/\/www.sv-bad-bevensen.de\/?page_id=2045\">Fotos<\/a><\/td>\n<\/tr>\n<\/tbody>\n<\/table>\n<p>&nbsp;<\/p>\n","protected":false},"excerpt":{"rendered":"<p>2025 Sieger: Rudolph &#8211; Jugend: B\u00fcrgener &nbsp; &nbsp; 2024 Sieger: Mittelst\u00e4dt &#8211; Jugend: Helms Fotos 2023 Sieger: Mittelst\u00e4dt &#8211; Jugend: Reinke Fotos 2022 Sieger: von Estorff &#8211; Jugend: Helms Fotos 2019 Sieger: H\u00f6gy &#8211; Jugend: Kn\u00fcdel Fotos 2018 Sieger: H\u00f6gy &#8211; Jugend: Kn\u00fcdel Fotos 2017 Sieger: H\u00f6gy &#8211; Jugend: Untiedt Fotos 2016 Sieger: Mittelst\u00e4dt &#8211; &hellip; <a href=\"https:\/\/www.sv-bad-bevensen.de\/?page_id=744\" class=\"more-link\"><span class=\"screen-reader-text\">Archiv<\/span> weiterlesen<\/a><\/p>\n","protected":false},"author":1,"featured_media":0,"parent":7,"menu_order":2,"comment_status":"closed","ping_status":"closed","template":"","meta":{"ngg_post_thumbnail":0,"footnotes":""},"class_list":["post-744","page","type-page","status-publish","hentry"],"_links":{"self":[{"href":"https:\/\/www.sv-bad-bevensen.de\/index.php?rest_route=\/wp\/v2\/pages\/744","targetHints":{"allow":["GET"]}}],"collection":[{"href":"https:\/\/www.sv-bad-bevensen.de\/index.php?rest_route=\/wp\/v2\/pages"}],"about":[{"href":"https:\/\/www.sv-bad-bevensen.de\/index.php?rest_route=\/wp\/v2\/types\/page"}],"author":[{"embeddable":true,"href":"https:\/\/www.sv-bad-bevensen.de\/index.php?rest_route=\/wp\/v2\/users\/1"}],"replies":[{"embeddable":true,"href":"https:\/\/www.sv-bad-bevensen.de\/index.php?rest_route=%2Fwp%2Fv2%2Fcomments&post=744"}],"version-history":[{"count":3,"href":"https:\/\/www.sv-bad-bevensen.de\/index.php?rest_route=\/wp\/v2\/pages\/744\/revisions"}],"predecessor-version":[{"id":21146,"href":"https:\/\/www.sv-bad-bevensen.de\/index.php?rest_route=\/wp\/v2\/pages\/744\/revisions\/21146"}],"up":[{"embeddable":true,"href":"https:\/\/www.sv-bad-bevensen.de\/index.php?rest_route=\/wp\/v2\/pages\/7"}],"wp:attachment":[{"href":"https:\/\/www.sv-bad-bevensen.de\/index.php?rest_route=%2Fwp%2Fv2%2Fmedia&parent=744"}],"curies":[{"name":"wp","href":"https:\/\/api.w.org\/{rel}","templated":true}]}}