{"id":551,"date":"2015-12-15T14:41:35","date_gmt":"2015-12-15T14:41:35","guid":{"rendered":"http:\/\/www.sv-bad-bevensen.de\/wp\/?page_id=551"},"modified":"2016-01-24T09:14:30","modified_gmt":"2016-01-24T09:14:30","slug":"ausschreibung","status":"publish","type":"page","link":"https:\/\/www.sv-bad-bevensen.de\/?page_id=551","title":{"rendered":"Vereinsmeisterschaft 2015"},"content":{"rendered":"<p>Ausschreibung<\/p>\n<ul style=\"font-size: small;\">\n<li>9 Runden nach Schweizer System<\/li>\n<li>90 Minuten Bedenkzeit pro Spieler und Partie zzgl. 30 Sekunden pro Zug<\/li>\n<li>Notationspflicht bis zum Ende der Partie<\/li>\n<li>DWZ-Auswertung<\/li>\n<li>maximal 3 Wochen Zeit pro Runde<\/li>\n<li>Anmeldeschluss: 06.05.2015<\/li>\n<li>Je Runde gibt es einen Haupttermin (Achtung!!! &#8211; \u00c4nderungen im Spielplan sind jederzeit m\u00f6glich. Liegen z.B. alle Ergebnisse einer Runde fr\u00fchzeitig vor, so kann die Vorverlegung der n\u00e4chsten Runden bekannt gegeben werden.):<br \/>\n1. Runde: 08.05.2015 (Ausweichtermin je Runde eine Woche sp\u00e4ter)<br \/>\n2. Runde: 29.05.2015<br \/>\n3. Runde: 19.06.2015<br \/>\n4. Runde: 10.07.2015<br \/>\n5. Runde: 31.07.2015<br \/>\n6. Runde: 21.08.2015<br \/>\n7. Runde: 11.09.2015<br \/>\n8. Runde: 02.10.2015<br \/>\n9. Runde: 23.10.2015<br \/>\nEnde der VMS sp\u00e4testens am 06.11.2015<\/li>\n<li>Spielbeginn i.d.R. um 18.30 Uhr, gegen Jugendliche um 17.30 Uhr<\/li>\n<li>Nach M\u00f6glichkeit soll am Hauptspieltag gespielt werden, alternativ eine Woche sp\u00e4ter.<\/li>\n<li>Nach Bekanntgabe der Auslosung versucht JEDER vor dem Haupttermin seinen Spielpartner zu erreichen.<\/li>\n<li>Mit der Anmeldung zur VMS bekundet jeder Teilnehmer seinen Willen, alle Partien stattfinden zu lassen. Damit kommt u.U. jeder Wochentag als Spieltermin infrage. Kampflose Paarungen sollen nach Kr\u00e4ften vermieden werden!<\/li>\n<li>Bis sp\u00e4testens 5 Tage vor Ansetzung der n\u00e4chten Runde muss die Partie gespielt und das Ergebnis gemeldet werden. Dementsprechend ist die Auslosung einer Runde auch rechtzeitig bekannt. Alle Partieverlegungen sind mir per E-Mail mitzuteilen!<\/li>\n<li>Beider Spieler melden das Ergebnis.<\/li>\n<li>Wir spielen nach den FIDE-Schachregeln (Ausnahme Mobiltelefone: Regelung siehe <a href=\"http:\/\/www.schachbezirk4.de\/satzung\/BTO.pdf\" target=\"_blank\">Bezirksturnierordnung<\/a> 9.8).<\/li>\n<\/ul>\n<h3>Allgemeine Hinweise<\/h3>\n<ul style=\"font-size: small;\">\n<li>Zur Terminabsprache habt Ihr eine Telefonliste bekommen.<\/li>\n<li>Zwischenst\u00e4nde, Auslosungen etc. sind auch auf unserer <a href=\"https:\/\/www.sv-bad-bevensen.de\" target=\"_top\">Homepage<\/a> einzusehen.<\/li>\n<li>Es empfiehlt sich, VMS-Partien im hinteren Teil des Raumes stattfinden zu lassen, wo man etwas mehr Ruhe hat.<\/li>\n<li>F\u00fcr den Lerneffekt spielt die Partien doch (gemeinsam) nach und analysiert sie. Dazu k\u00f6nnt Ihr den Vereinslaptop nutzen. Analysiert Ihr die Partie erst zu Hause am PC, so schickt die Analyse doch auch Eurem Spielpartner.<\/li>\n<li>Bitte unterlasst das Anbieten fr\u00fchzeitiger Remis. Die VMS dient v.a. unserer Spielpraxis. Ein Remis l\u00e4sst meist offene Fragen auf dem Brett zur\u00fcck&#8230; was w\u00e4re wenn&#8230; spielt es doch einfach bis zum Schluss aus, dann er\u00fcbrigt sich die Frage.<\/li>\n<\/ul>\n<p style=\"font-size: small;\">Viel Spa\u00df!<br \/>\n<em>Friedjof<\/em><\/p>\n<p style=\"font-size: small;\"><a href=\"https:\/\/www.sv-bad-bevensen.de\/?page_id=97\">Rangliste<\/a><\/p>\n","protected":false},"excerpt":{"rendered":"<p>Ausschreibung 9 Runden nach Schweizer System 90 Minuten Bedenkzeit pro Spieler und Partie zzgl. 30 Sekunden pro Zug Notationspflicht bis zum Ende der Partie DWZ-Auswertung maximal 3 Wochen Zeit pro Runde Anmeldeschluss: 06.05.2015 Je Runde gibt es einen Haupttermin (Achtung!!! &#8211; \u00c4nderungen im Spielplan sind jederzeit m\u00f6glich. Liegen z.B. alle Ergebnisse einer Runde fr\u00fchzeitig vor, &hellip; <a href=\"https:\/\/www.sv-bad-bevensen.de\/?page_id=551\" class=\"more-link\"><span class=\"screen-reader-text\">Vereinsmeisterschaft 2015<\/span> weiterlesen<\/a><\/p>\n","protected":false},"author":1,"featured_media":0,"parent":97,"menu_order":1,"comment_status":"closed","ping_status":"closed","template":"","meta":{"ngg_post_thumbnail":0,"footnotes":""},"class_list":["post-551","page","type-page","status-publish","hentry"],"_links":{"self":[{"href":"https:\/\/www.sv-bad-bevensen.de\/index.php?rest_route=\/wp\/v2\/pages\/551","targetHints":{"allow":["GET"]}}],"collection":[{"href":"https:\/\/www.sv-bad-bevensen.de\/index.php?rest_route=\/wp\/v2\/pages"}],"about":[{"href":"https:\/\/www.sv-bad-bevensen.de\/index.php?rest_route=\/wp\/v2\/types\/page"}],"author":[{"embeddable":true,"href":"https:\/\/www.sv-bad-bevensen.de\/index.php?rest_route=\/wp\/v2\/users\/1"}],"replies":[{"embeddable":true,"href":"https:\/\/www.sv-bad-bevensen.de\/index.php?rest_route=%2Fwp%2Fv2%2Fcomments&post=551"}],"version-history":[{"count":0,"href":"https:\/\/www.sv-bad-bevensen.de\/index.php?rest_route=\/wp\/v2\/pages\/551\/revisions"}],"up":[{"embeddable":true,"href":"https:\/\/www.sv-bad-bevensen.de\/index.php?rest_route=\/wp\/v2\/pages\/97"}],"wp:attachment":[{"href":"https:\/\/www.sv-bad-bevensen.de\/index.php?rest_route=%2Fwp%2Fv2%2Fmedia&parent=551"}],"curies":[{"name":"wp","href":"https:\/\/api.w.org\/{rel}","templated":true}]}}