{"id":4717,"date":"2016-02-10T16:42:41","date_gmt":"2016-02-10T16:42:41","guid":{"rendered":"http:\/\/www.sv-bad-bevensen.de\/wp\/?page_id=4717"},"modified":"2016-05-21T15:10:46","modified_gmt":"2016-05-21T14:10:46","slug":"mannschaftsmeisterschaft-20022003-kreisliga-ost","status":"publish","type":"page","link":"https:\/\/www.sv-bad-bevensen.de\/?page_id=4717","title":{"rendered":"Mannschaftsmeisterschaft 2002\/2003 Kreisliga Ost"},"content":{"rendered":"<p>Runde <a href=\"#r1\">1<\/a> <a href=\"#r2\">2<\/a> <a href=\"#r3\">3<\/a> <a href=\"#r4\">4<\/a> <a href=\"#r5\">5<\/a> <a href=\"#r6\">6<\/a> <a href=\"#r7\">7<\/a> <a href=\"#r8\">8<\/a> <a href=\"#r9\">9<\/a><br \/>\n<a href=\"#tab\">Tabelle<br \/>\n<\/a><\/p>\n<table class=\"noBorder\">\n<tbody>\n<tr>\n<th style=\"text-align: left;\" colspan=\"4\"><a id=\"r1\"><\/a>Runde 1, 20.10.2002<\/th>\n<\/tr>\n<tr>\n<td nowrap=\"nowrap\">SG Lachendorf\/Westercelle II<\/td>\n<td>&#8211;<\/td>\n<td nowrap=\"nowrap\">SK Hermannsburg I<\/td>\n<td style=\"text-align: center;\" nowrap=\"nowrap\">1 &#8211; 7<\/td>\n<\/tr>\n<tr title=\"verlegt auf den 13.10.2002!\">\n<td style=\"color: darkblue; font-weight: bold;\" nowrap=\"nowrap\">SV Bad Bevensen<\/td>\n<td>&#8211;<\/td>\n<td nowrap=\"nowrap\">SVG B\u00f6hmetal<\/td>\n<td style=\"text-align: center;\" nowrap=\"nowrap\"><a href=\"https:\/\/www.sv-bad-bevensen.de\/?page_id=4727\">3 &#8211; 5<\/a><\/td>\n<\/tr>\n<tr>\n<td nowrap=\"nowrap\">SG Unterl\u00fc\u00df\/Wietzendorf I<\/td>\n<td>&#8211;<\/td>\n<td nowrap=\"nowrap\">Bleckeder SC<\/td>\n<td style=\"text-align: center;\" nowrap=\"nowrap\">3.5 &#8211; 4.5<\/td>\n<\/tr>\n<tr>\n<td nowrap=\"nowrap\">SC 81 Schneverdingen II<\/td>\n<td>&#8211;<\/td>\n<td nowrap=\"nowrap\">SV Winsen (Luhe) III<\/td>\n<td style=\"text-align: center;\" nowrap=\"nowrap\">3.5 &#8211; 4.5<\/td>\n<\/tr>\n<tr>\n<td nowrap=\"nowrap\">TSV Bienenb\u00fcttel<\/td>\n<td>&#8211;<\/td>\n<td nowrap=\"nowrap\">PSV Uelzen IV<\/td>\n<td style=\"text-align: center;\" nowrap=\"nowrap\">2 &#8211; 6<\/td>\n<\/tr>\n<\/tbody>\n<\/table>\n<p>&nbsp;<\/p>\n<table class=\"noBorder\">\n<tbody>\n<tr>\n<th style=\"text-align: left;\" colspan=\"4\"><a id=\"r2\"><\/a>Runde 2, 03.11.2002<\/th>\n<\/tr>\n<tr>\n<td nowrap=\"nowrap\">SK Hermannsburg I<\/td>\n<td>&#8211;<\/td>\n<td nowrap=\"nowrap\">PSV Uelzen IV<\/td>\n<td style=\"text-align: center;\" nowrap=\"nowrap\">4.5 &#8211; 3.5<\/td>\n<\/tr>\n<tr>\n<td nowrap=\"nowrap\">SV Winsen (Luhe) III<\/td>\n<td>&#8211;<\/td>\n<td nowrap=\"nowrap\">TSV Bienenb\u00fcttel<\/td>\n<td style=\"text-align: center;\" nowrap=\"nowrap\">2.5 &#8211; 5.5<\/td>\n<\/tr>\n<tr>\n<td nowrap=\"nowrap\">Bleckeder SC<\/td>\n<td>&#8211;<\/td>\n<td nowrap=\"nowrap\">SC 81 Schneverdingen II<\/td>\n<td style=\"text-align: center;\" nowrap=\"nowrap\">7 &#8211; 1<\/td>\n<\/tr>\n<tr>\n<td nowrap=\"nowrap\">SVG B\u00f6hmetal<\/td>\n<td>&#8211;<\/td>\n<td nowrap=\"nowrap\">SG Unterl\u00fc\u00df\/Wietzendorf I<\/td>\n<td style=\"text-align: center;\" nowrap=\"nowrap\">4 &#8211; 4<\/td>\n<\/tr>\n<tr>\n<td nowrap=\"nowrap\">SG Lachendorf\/Westercelle II<\/td>\n<td>&#8211;<\/td>\n<td style=\"color: darkblue; font-weight: bold;\" nowrap=\"nowrap\">SV Bad Bevensen<\/td>\n<td style=\"text-align: center;\" nowrap=\"nowrap\"><a href=\"https:\/\/www.sv-bad-bevensen.de\/?page_id=4732\">5.5 &#8211; 2.5<\/a><\/td>\n<\/tr>\n<\/tbody>\n<\/table>\n<p>&nbsp;<\/p>\n<table class=\"noBorder\">\n<tbody>\n<tr>\n<th style=\"text-align: left;\" colspan=\"4\"><a id=\"r3\"><\/a>Runde 3, 17.11.2002<\/th>\n<\/tr>\n<tr>\n<td style=\"color: darkblue; font-weight: bold;\" nowrap=\"nowrap\">SV Bad Bevensen<\/td>\n<td>&#8211;<\/td>\n<td nowrap=\"nowrap\">SK Hermannsburg I<\/td>\n<td style=\"text-align: center;\" nowrap=\"nowrap\"><a href=\"https:\/\/www.sv-bad-bevensen.de\/?page_id=4736\">2.5 &#8211; 5.5<\/a><\/td>\n<\/tr>\n<tr>\n<td nowrap=\"nowrap\">SG Unterl\u00fc\u00df\/Wietzendorf I<\/td>\n<td>&#8211;<\/td>\n<td nowrap=\"nowrap\">SG Lachendorf\/Westercelle II<\/td>\n<td style=\"text-align: center;\" nowrap=\"nowrap\">6 &#8211; 2<\/td>\n<\/tr>\n<tr>\n<td nowrap=\"nowrap\">SC 81 Schneverdingen II<\/td>\n<td>&#8211;<\/td>\n<td nowrap=\"nowrap\">SVG B\u00f6hmetal<\/td>\n<td style=\"text-align: center;\" nowrap=\"nowrap\">3 &#8211; 5<\/td>\n<\/tr>\n<tr>\n<td nowrap=\"nowrap\">TSV Bienenb\u00fcttel<\/td>\n<td>&#8211;<\/td>\n<td nowrap=\"nowrap\">Bleckeder SC<\/td>\n<td style=\"text-align: center;\" nowrap=\"nowrap\">4 &#8211; 4<\/td>\n<\/tr>\n<tr>\n<td nowrap=\"nowrap\">PSV Uelzen IV<\/td>\n<td>&#8211;<\/td>\n<td nowrap=\"nowrap\">SV Winsen (Luhe) III<\/td>\n<td style=\"text-align: center;\" nowrap=\"nowrap\">7.5 &#8211; 0.5<\/td>\n<\/tr>\n<\/tbody>\n<\/table>\n<p>&nbsp;<\/p>\n<table class=\"noBorder\">\n<tbody>\n<tr>\n<th style=\"text-align: left;\" colspan=\"4\"><a id=\"r4\"><\/a>Runde 4, 15.12.2002<\/th>\n<\/tr>\n<tr>\n<td nowrap=\"nowrap\">SK Hermannsburg I<\/td>\n<td>&#8211;<\/td>\n<td nowrap=\"nowrap\">SV Winsen (Luhe) III<\/td>\n<td style=\"text-align: center;\" nowrap=\"nowrap\">7 &#8211; 1<\/td>\n<\/tr>\n<tr>\n<td nowrap=\"nowrap\">Bleckeder SC<\/td>\n<td>&#8211;<\/td>\n<td nowrap=\"nowrap\">PSV Uelzen IV<\/td>\n<td style=\"text-align: center;\" nowrap=\"nowrap\">2 &#8211; 6<\/td>\n<\/tr>\n<tr>\n<td nowrap=\"nowrap\">SVG B\u00f6hmetal<\/td>\n<td>&#8211;<\/td>\n<td nowrap=\"nowrap\">TSV Bienenb\u00fcttel<\/td>\n<td style=\"text-align: center;\" nowrap=\"nowrap\">6.5 &#8211; 1.5<\/td>\n<\/tr>\n<tr>\n<td nowrap=\"nowrap\">SG Lachendorf\/Westercelle II<\/td>\n<td>&#8211;<\/td>\n<td nowrap=\"nowrap\">SC 81 Schneverdingen II<\/td>\n<td style=\"text-align: center;\" nowrap=\"nowrap\">5 &#8211; 3<\/td>\n<\/tr>\n<tr>\n<td style=\"color: darkblue; font-weight: bold;\" nowrap=\"nowrap\">SV Bad Bevensen<\/td>\n<td>&#8211;<\/td>\n<td nowrap=\"nowrap\">SG Unterl\u00fc\u00df\/Wietzendorf I<\/td>\n<td style=\"text-align: center;\" nowrap=\"nowrap\"><a href=\"https:\/\/www.sv-bad-bevensen.de\/?page_id=4739\">3.5 &#8211; 4.5<\/a><\/td>\n<\/tr>\n<\/tbody>\n<\/table>\n<p>&nbsp;<\/p>\n<table class=\"noBorder\">\n<tbody>\n<tr>\n<th style=\"text-align: left;\" colspan=\"4\"><a id=\"r5\"><\/a>Runde 5, 12.01.2003<\/th>\n<\/tr>\n<tr>\n<td nowrap=\"nowrap\">SG Unterl\u00fc\u00df\/Wietzendorf I<\/td>\n<td>&#8211;<\/td>\n<td nowrap=\"nowrap\">SK Hermannsburg I<\/td>\n<td style=\"text-align: center;\" nowrap=\"nowrap\">1.5 &#8211; 6.5<\/td>\n<\/tr>\n<tr>\n<td nowrap=\"nowrap\">SC 81 Schneverdingen II<\/td>\n<td>&#8211;<\/td>\n<td style=\"color: darkblue; font-weight: bold;\" nowrap=\"nowrap\">SV Bad Bevensen<\/td>\n<td style=\"text-align: center;\" nowrap=\"nowrap\"><a href=\"https:\/\/www.sv-bad-bevensen.de\/?page_id=4742\">4 &#8211; 4<\/a><\/td>\n<\/tr>\n<tr>\n<td nowrap=\"nowrap\">TSV Bienenb\u00fcttel<\/td>\n<td>&#8211;<\/td>\n<td nowrap=\"nowrap\">SG Lachendorf\/Westercelle II<\/td>\n<td style=\"text-align: center;\" nowrap=\"nowrap\">4 &#8211; 4<\/td>\n<\/tr>\n<tr>\n<td nowrap=\"nowrap\">PSV Uelzen IV<\/td>\n<td>&#8211;<\/td>\n<td nowrap=\"nowrap\">SVG B\u00f6hmetal<\/td>\n<td style=\"text-align: center;\" nowrap=\"nowrap\">3.5 &#8211; 4.5<\/td>\n<\/tr>\n<tr>\n<td nowrap=\"nowrap\">SV Winsen (Luhe) III<\/td>\n<td>&#8211;<\/td>\n<td nowrap=\"nowrap\">Bleckeder SC<\/td>\n<td style=\"text-align: center;\" nowrap=\"nowrap\">2.5 &#8211; 5.5<\/td>\n<\/tr>\n<\/tbody>\n<\/table>\n<p>&nbsp;<\/p>\n<table class=\"noBorder\">\n<tbody>\n<tr>\n<th style=\"text-align: left;\" colspan=\"4\"><a id=\"r6\"><\/a>Runde 6, 09.02.2003<\/th>\n<\/tr>\n<tr>\n<td nowrap=\"nowrap\">SK Hermannsburg I<\/td>\n<td>&#8211;<\/td>\n<td nowrap=\"nowrap\">Bleckeder SC<\/td>\n<td style=\"text-align: center;\" nowrap=\"nowrap\">5.5 &#8211; 2.5<\/td>\n<\/tr>\n<tr>\n<td nowrap=\"nowrap\">SVG B\u00f6hmetal<\/td>\n<td>&#8211;<\/td>\n<td nowrap=\"nowrap\">SV Winsen (Luhe) III<\/td>\n<td style=\"text-align: center;\" nowrap=\"nowrap\">5 &#8211; 3<\/td>\n<\/tr>\n<tr>\n<td nowrap=\"nowrap\">SG Lachendorf\/Westercelle II<\/td>\n<td>&#8211;<\/td>\n<td nowrap=\"nowrap\">PSV Uelzen IV<\/td>\n<td style=\"text-align: center;\" nowrap=\"nowrap\">3.5 &#8211; 4.5<\/td>\n<\/tr>\n<tr>\n<td style=\"color: darkblue; font-weight: bold;\" nowrap=\"nowrap\">SV Bad Bevensen<\/td>\n<td>&#8211;<\/td>\n<td nowrap=\"nowrap\">TSV Bienenb\u00fcttel<\/td>\n<td style=\"text-align: center;\" nowrap=\"nowrap\"><a href=\"https:\/\/www.sv-bad-bevensen.de\/?page_id=4745\">3.5 &#8211; 4.5<\/a><\/td>\n<\/tr>\n<tr>\n<td nowrap=\"nowrap\">SG Unterl\u00fc\u00df\/Wietzendorf I<\/td>\n<td>&#8211;<\/td>\n<td nowrap=\"nowrap\">SC 81 Schneverdingen II<\/td>\n<td style=\"text-align: center;\" nowrap=\"nowrap\">6 &#8211; 2<\/td>\n<\/tr>\n<\/tbody>\n<\/table>\n<p>&nbsp;<\/p>\n<table class=\"noBorder\">\n<tbody>\n<tr>\n<th style=\"text-align: left;\" colspan=\"4\"><a id=\"r7\"><\/a>Runde 7, 23.02.2003<\/th>\n<\/tr>\n<tr>\n<td nowrap=\"nowrap\">SC 81 Schneverdingen II<\/td>\n<td>&#8211;<\/td>\n<td nowrap=\"nowrap\">SK Hermannsburg I<\/td>\n<td style=\"text-align: center;\" nowrap=\"nowrap\">1.5 &#8211; 6.5<\/td>\n<\/tr>\n<tr>\n<td nowrap=\"nowrap\">TSV Bienenb\u00fcttel<\/td>\n<td>&#8211;<\/td>\n<td nowrap=\"nowrap\">SG Unterl\u00fc\u00df\/Wietzendorf I<\/td>\n<td style=\"text-align: center;\" nowrap=\"nowrap\">3 &#8211; 5<\/td>\n<\/tr>\n<tr>\n<td nowrap=\"nowrap\">PSV Uelzen IV<\/td>\n<td>&#8211;<\/td>\n<td style=\"color: darkblue; font-weight: bold;\" nowrap=\"nowrap\">SV Bad Bevensen<\/td>\n<td style=\"text-align: center;\" nowrap=\"nowrap\"><a href=\"https:\/\/www.sv-bad-bevensen.de\/?page_id=4748\">4.5 &#8211; 3.5<\/a><\/td>\n<\/tr>\n<tr>\n<td nowrap=\"nowrap\">SV Winsen (Luhe) III<\/td>\n<td>&#8211;<\/td>\n<td nowrap=\"nowrap\">SG Lachendorf\/Westercelle II<\/td>\n<td style=\"text-align: center;\" nowrap=\"nowrap\">4 &#8211; 4<\/td>\n<\/tr>\n<tr>\n<td nowrap=\"nowrap\">Bleckeder SC<\/td>\n<td>&#8211;<\/td>\n<td nowrap=\"nowrap\">SVG B\u00f6hmetal<\/td>\n<td style=\"text-align: center;\" nowrap=\"nowrap\">2 &#8211; 6<\/td>\n<\/tr>\n<\/tbody>\n<\/table>\n<p>&nbsp;<\/p>\n<table class=\"noBorder\">\n<tbody>\n<tr>\n<th style=\"text-align: left;\" colspan=\"4\"><a id=\"r8\"><\/a>Runde 8, 09.03.2003<\/th>\n<\/tr>\n<tr>\n<td nowrap=\"nowrap\">SK Hermannsburg I<\/td>\n<td>&#8211;<\/td>\n<td nowrap=\"nowrap\">SVG B\u00f6hmetal<\/td>\n<td style=\"text-align: center;\" nowrap=\"nowrap\">4 &#8211; 4<\/td>\n<\/tr>\n<tr>\n<td nowrap=\"nowrap\">SG Lachendorf\/Westercelle II<\/td>\n<td>&#8211;<\/td>\n<td nowrap=\"nowrap\">Bleckeder SC<\/td>\n<td style=\"text-align: center;\" nowrap=\"nowrap\">1.5 &#8211; 6.5<\/td>\n<\/tr>\n<tr>\n<td style=\"color: darkblue; font-weight: bold;\" nowrap=\"nowrap\">SV Bad Bevensen<\/td>\n<td>&#8211;<\/td>\n<td nowrap=\"nowrap\">SV Winsen (Luhe) III<\/td>\n<td style=\"text-align: center;\" nowrap=\"nowrap\"><a href=\"https:\/\/www.sv-bad-bevensen.de\/?page_id=4751\">5 &#8211; 3<\/a><\/td>\n<\/tr>\n<tr>\n<td nowrap=\"nowrap\">SG Unterl\u00fc\u00df\/Wietzendorf I<\/td>\n<td>&#8211;<\/td>\n<td nowrap=\"nowrap\">PSV Uelzen IV<\/td>\n<td style=\"text-align: center;\" nowrap=\"nowrap\">5.5 &#8211; 2.5<\/td>\n<\/tr>\n<tr>\n<td nowrap=\"nowrap\">SC 81 Schneverdingen II<\/td>\n<td>&#8211;<\/td>\n<td nowrap=\"nowrap\">TSV Bienenb\u00fcttel<\/td>\n<td style=\"text-align: center;\" nowrap=\"nowrap\">3 &#8211; 5<\/td>\n<\/tr>\n<\/tbody>\n<\/table>\n<p>&nbsp;<\/p>\n<table class=\"noBorder\">\n<tbody>\n<tr>\n<th style=\"text-align: left;\" colspan=\"4\"><a id=\"r9\"><\/a>Runde 9, 30.03.2003<\/th>\n<\/tr>\n<tr>\n<td nowrap=\"nowrap\">TSV Bienenb\u00fcttel<\/td>\n<td>&#8211;<\/td>\n<td nowrap=\"nowrap\">SK Hermannsburg I<\/td>\n<td style=\"text-align: center;\" nowrap=\"nowrap\">2 &#8211; 6<\/td>\n<\/tr>\n<tr>\n<td nowrap=\"nowrap\">PSV Uelzen IV<\/td>\n<td>&#8211;<\/td>\n<td nowrap=\"nowrap\">SC 81 Schneverdingen II<\/td>\n<td style=\"text-align: center;\" nowrap=\"nowrap\">5 &#8211; 3<\/td>\n<\/tr>\n<tr>\n<td nowrap=\"nowrap\">SV Winsen (Luhe) III<\/td>\n<td>&#8211;<\/td>\n<td nowrap=\"nowrap\">SG Unterl\u00fc\u00df\/Wietzendorf I<\/td>\n<td style=\"text-align: center;\" nowrap=\"nowrap\">3.5 &#8211; 4.5<\/td>\n<\/tr>\n<tr>\n<td nowrap=\"nowrap\">Bleckeder SC<\/td>\n<td>&#8211;<\/td>\n<td style=\"color: darkblue; font-weight: bold;\" nowrap=\"nowrap\">SV Bad Bevensen<\/td>\n<td style=\"text-align: center;\" nowrap=\"nowrap\"><a href=\"https:\/\/www.sv-bad-bevensen.de\/?page_id=4754\">3.5 &#8211; 4.5<\/a><\/td>\n<\/tr>\n<tr>\n<td nowrap=\"nowrap\">SVG B\u00f6hmetal<\/td>\n<td>&#8211;<\/td>\n<td nowrap=\"nowrap\">SG Lachendorf\/Westercelle II<\/td>\n<td style=\"text-align: center;\" nowrap=\"nowrap\">7 &#8211; 1<\/td>\n<\/tr>\n<\/tbody>\n<\/table>\n<p>&nbsp;<\/p>\n<p><a id=\"tab\"><\/a><b>Tabelle<\/b><\/p>\n<table>\n<tbody>\n<tr>\n<th style=\"text-align: center;\">Pl.<\/th>\n<th align=\"left\">Mannschaft<\/th>\n<th style=\"text-align: center;\">Sp.<\/th>\n<th style=\"text-align: center;\">G<\/th>\n<th style=\"text-align: center;\">R<\/th>\n<th style=\"text-align: center;\">V<\/th>\n<th style=\"text-align: center;\" align=\"right\">MP<\/th>\n<th style=\"text-align: center;\" align=\"right\">BP<\/th>\n<\/tr>\n<tr style=\"font-weight: bold;\">\n<td style=\"text-align: right;\" align=\"right\">1.<\/td>\n<td align=\"left\">SK Hermannsburg I<\/td>\n<td style=\"text-align: center;\" align=\"center\">9<\/td>\n<td style=\"text-align: center;\" align=\"center\">8<\/td>\n<td style=\"text-align: center;\" align=\"center\">1<\/td>\n<td style=\"text-align: center;\" align=\"center\">0<\/td>\n<td style=\"text-align: center;\" align=\"right\">17<\/td>\n<td style=\"text-align: center;\" align=\"right\">52.5<\/td>\n<\/tr>\n<tr>\n<td style=\"text-align: right;\" align=\"right\">2.<\/td>\n<td align=\"left\">SVg B\u00f6hmetal<\/td>\n<td style=\"text-align: center;\" align=\"center\">9<\/td>\n<td style=\"text-align: center;\" align=\"center\">7<\/td>\n<td style=\"text-align: center;\" align=\"center\">2<\/td>\n<td style=\"text-align: center;\" align=\"center\">0<\/td>\n<td style=\"text-align: center;\" align=\"right\">16<\/td>\n<td style=\"text-align: center;\" align=\"right\">47.0<\/td>\n<\/tr>\n<tr>\n<td style=\"text-align: right;\" align=\"right\">3.<\/td>\n<td align=\"left\">SG Unterl\u00fc\u00df\/Wietzendorf I<\/td>\n<td style=\"text-align: center;\" align=\"center\">9<\/td>\n<td style=\"text-align: center;\" align=\"center\">6<\/td>\n<td style=\"text-align: center;\" align=\"center\">1<\/td>\n<td style=\"text-align: center;\" align=\"center\">2<\/td>\n<td style=\"text-align: center;\" align=\"right\">13<\/td>\n<td style=\"text-align: center;\" align=\"right\">40.5<\/td>\n<\/tr>\n<tr>\n<td style=\"text-align: right;\" align=\"right\">4.<\/td>\n<td align=\"left\">PSV Uelzen IV<\/td>\n<td style=\"text-align: center;\" align=\"center\">9<\/td>\n<td style=\"text-align: center;\" align=\"center\">6<\/td>\n<td style=\"text-align: center;\" align=\"center\">0<\/td>\n<td style=\"text-align: center;\" align=\"center\">3<\/td>\n<td style=\"text-align: center;\" align=\"right\">12<\/td>\n<td style=\"text-align: center;\" align=\"right\">43.0<\/td>\n<\/tr>\n<tr>\n<td style=\"text-align: right;\" align=\"right\">5.<\/td>\n<td align=\"left\">Bleckeder SC<\/td>\n<td style=\"text-align: center;\" align=\"center\">9<\/td>\n<td style=\"text-align: center;\" align=\"center\">4<\/td>\n<td style=\"text-align: center;\" align=\"center\">1<\/td>\n<td style=\"text-align: center;\" align=\"center\">4<\/td>\n<td style=\"text-align: center;\" align=\"right\">9<\/td>\n<td style=\"text-align: center;\" align=\"right\">37.5<\/td>\n<\/tr>\n<tr>\n<td style=\"text-align: right;\" align=\"right\">6.<\/td>\n<td align=\"left\">TSV Bienenb\u00fcttel<\/td>\n<td style=\"text-align: center;\" align=\"center\">9<\/td>\n<td style=\"text-align: center;\" align=\"center\">3<\/td>\n<td style=\"text-align: center;\" align=\"center\">2<\/td>\n<td style=\"text-align: center;\" align=\"center\">4<\/td>\n<td style=\"text-align: center;\" align=\"right\">8<\/td>\n<td style=\"text-align: center;\" align=\"right\">31.5<\/td>\n<\/tr>\n<tr>\n<td style=\"text-align: right;\" align=\"right\">7.<\/td>\n<td align=\"left\">SG Lachendorf\/Westerc. II<\/td>\n<td style=\"text-align: center;\" align=\"center\">9<\/td>\n<td style=\"text-align: center;\" align=\"center\">2<\/td>\n<td style=\"text-align: center;\" align=\"center\">2<\/td>\n<td style=\"text-align: center;\" align=\"center\">5<\/td>\n<td style=\"text-align: center;\" align=\"right\">6<\/td>\n<td style=\"text-align: center;\" align=\"right\">27.5<\/td>\n<\/tr>\n<tr style=\"color: darkblue; font-weight: bold;\">\n<td style=\"text-align: right;\" align=\"right\">8.<\/td>\n<td align=\"left\"><span style=\"color: #333399;\"><a style=\"color: #333399;\" href=\"https:\/\/www.sv-bad-bevensen.de\/?page_id=4757\">SV Bad Bevensen<\/a><\/span><\/td>\n<td style=\"text-align: center;\" align=\"center\">9<\/td>\n<td style=\"text-align: center;\" align=\"center\">2<\/td>\n<td style=\"text-align: center;\" align=\"center\">1<\/td>\n<td style=\"text-align: center;\" align=\"center\">6<\/td>\n<td style=\"text-align: center;\" align=\"right\">5<\/td>\n<td style=\"text-align: center;\" align=\"right\">32.0<\/td>\n<\/tr>\n<tr>\n<td style=\"text-align: right;\" align=\"right\">9.<\/td>\n<td align=\"left\">SV Winsen (Luhe) III<\/td>\n<td style=\"text-align: center;\" align=\"center\">9<\/td>\n<td style=\"text-align: center;\" align=\"center\">1<\/td>\n<td style=\"text-align: center;\" align=\"center\">1<\/td>\n<td style=\"text-align: center;\" align=\"center\">7<\/td>\n<td style=\"text-align: center;\" align=\"right\">3<\/td>\n<td style=\"text-align: center;\" align=\"right\">24.5<\/td>\n<\/tr>\n<tr>\n<td style=\"text-align: right;\" align=\"right\">10.<\/td>\n<td align=\"left\">SC 81 Schneverdingen II<\/td>\n<td style=\"text-align: center;\" align=\"center\">9<\/td>\n<td style=\"text-align: center;\" align=\"center\">0<\/td>\n<td style=\"text-align: center;\" align=\"center\">1<\/td>\n<td style=\"text-align: center;\" align=\"center\">8<\/td>\n<td style=\"text-align: center;\" align=\"right\">1<\/td>\n<td style=\"text-align: center;\" align=\"right\">24.0<\/td>\n<\/tr>\n<\/tbody>\n<\/table>\n<p>Beitrag zu Runde <a href=\"https:\/\/www.sv-bad-bevensen.de\/?p=9644\">1<\/a>, <a href=\"https:\/\/www.sv-bad-bevensen.de\/?p=9639\">2<\/a>, <a href=\"https:\/\/www.sv-bad-bevensen.de\/?p=9634\">3<\/a>, <a href=\"https:\/\/www.sv-bad-bevensen.de\/?p=9629\">4<\/a>, <a href=\"https:\/\/www.sv-bad-bevensen.de\/?p=9626\">5<\/a>, <a href=\"https:\/\/www.sv-bad-bevensen.de\/?p=9615\">6<\/a>, <a href=\"https:\/\/www.sv-bad-bevensen.de\/?p=9613\">7<\/a>, <a href=\"https:\/\/www.sv-bad-bevensen.de\/?p=9610\">8<\/a>, <a href=\"https:\/\/www.sv-bad-bevensen.de\/?p=9589\">9<\/a><\/p>\n<p><a href=\"https:\/\/www.sv-bad-bevensen.de\/?page_id=4768\">Saison 2001\/2002<\/a>, <a href=\"https:\/\/www.sv-bad-bevensen.de\/?page_id=580\">Archiv<\/a><\/p>\n","protected":false},"excerpt":{"rendered":"<p>Runde 1 2 3 4 5 6 7 8 9 Tabelle Runde 1, 20.10.2002 SG Lachendorf\/Westercelle II &#8211; SK Hermannsburg I 1 &#8211; 7 SV Bad Bevensen &#8211; SVG B\u00f6hmetal 3 &#8211; 5 SG Unterl\u00fc\u00df\/Wietzendorf I &#8211; Bleckeder SC 3.5 &#8211; 4.5 SC 81 Schneverdingen II &#8211; SV Winsen (Luhe) III 3.5 &#8211; 4.5 TSV &hellip; <a href=\"https:\/\/www.sv-bad-bevensen.de\/?page_id=4717\" class=\"more-link\"><span class=\"screen-reader-text\">Mannschaftsmeisterschaft 2002\/2003 Kreisliga Ost<\/span> weiterlesen<\/a><\/p>\n","protected":false},"author":1,"featured_media":0,"parent":4715,"menu_order":1,"comment_status":"closed","ping_status":"closed","template":"","meta":{"ngg_post_thumbnail":0,"footnotes":""},"class_list":["post-4717","page","type-page","status-publish","hentry"],"_links":{"self":[{"href":"https:\/\/www.sv-bad-bevensen.de\/index.php?rest_route=\/wp\/v2\/pages\/4717","targetHints":{"allow":["GET"]}}],"collection":[{"href":"https:\/\/www.sv-bad-bevensen.de\/index.php?rest_route=\/wp\/v2\/pages"}],"about":[{"href":"https:\/\/www.sv-bad-bevensen.de\/index.php?rest_route=\/wp\/v2\/types\/page"}],"author":[{"embeddable":true,"href":"https:\/\/www.sv-bad-bevensen.de\/index.php?rest_route=\/wp\/v2\/users\/1"}],"replies":[{"embeddable":true,"href":"https:\/\/www.sv-bad-bevensen.de\/index.php?rest_route=%2Fwp%2Fv2%2Fcomments&post=4717"}],"version-history":[{"count":0,"href":"https:\/\/www.sv-bad-bevensen.de\/index.php?rest_route=\/wp\/v2\/pages\/4717\/revisions"}],"up":[{"embeddable":true,"href":"https:\/\/www.sv-bad-bevensen.de\/index.php?rest_route=\/wp\/v2\/pages\/4715"}],"wp:attachment":[{"href":"https:\/\/www.sv-bad-bevensen.de\/index.php?rest_route=%2Fwp%2Fv2%2Fmedia&parent=4717"}],"curies":[{"name":"wp","href":"https:\/\/api.w.org\/{rel}","templated":true}]}}