{"id":4627,"date":"2016-02-09T16:41:39","date_gmt":"2016-02-09T16:41:39","guid":{"rendered":"http:\/\/www.sv-bad-bevensen.de\/wp\/?page_id=4627"},"modified":"2016-02-09T17:09:51","modified_gmt":"2016-02-09T17:09:51","slug":"mms-20032004-kreisliga-ost-runde-2","status":"publish","type":"page","link":"https:\/\/www.sv-bad-bevensen.de\/?page_id=4627","title":{"rendered":"MMS 2003\/2004 Kreisliga Ost Runde 2"},"content":{"rendered":"<pre style=\"font-size: small;\"><b>SV Bad Bevensen                3\u00bd - 4\u00bd TSV Bienenb\u00fcttel<\/b>\r\n 2 Kozik, Andreas        (1839) 0 - 1 L\u00fcbbers, Reemt        (1588)  2\r\n 3 H\u00e4nel, Florian        (1564) 1 - 0 Vick, Andreas         (1481)  3\r\n 4 Hallensleben, Gerhard (1579) 1 - 0 Piepenburg, Norbert   (1629)  4\r\n 5 Milnikel, Eugen       (1432) 0 - 1 Sch\u00fctz, Alexander     (1500)  5\r\n 6 Harms, Friedjof       (1296) 1 - 0 P\u00e4per, Philip         (1339)  7\r\n 7 Bahr, Christian       (1330) \u00bd - \u00bd Westermann, Lutz      (1356)  8\r\n 9 Lembrecht, Harald     (1256) 0 - 1 Holzenk\u00e4mpfer, Dieter (1370)  9\r\n10 Krause, Holger               0 - 1 Dietmer, Otto         (1237) 13\r\n<\/pre>\n<p>&nbsp;<\/p>\n<p><a href=\"https:\/\/www.sv-bad-bevensen.de\/?page_id=4619\">Mannschaftsergebnisse\/Tabelle<\/a>, <a href=\"https:\/\/www.sv-bad-bevensen.de\/?page_id=580\">Archiv<\/a><\/p>\n","protected":false},"excerpt":{"rendered":"<p>SV Bad Bevensen 3\u00bd &#8211; 4\u00bd TSV Bienenb\u00fcttel 2 Kozik, Andreas (1839) 0 &#8211; 1 L\u00fcbbers, Reemt (1588) 2 3 H\u00e4nel, Florian (1564) 1 &#8211; 0 Vick, Andreas (1481) 3 4 Hallensleben, Gerhard (1579) 1 &#8211; 0 Piepenburg, Norbert (1629) 4 5 Milnikel, Eugen (1432) 0 &#8211; 1 Sch\u00fctz, Alexander (1500) 5 6 Harms, Friedjof &hellip; <a href=\"https:\/\/www.sv-bad-bevensen.de\/?page_id=4627\" class=\"more-link\"><span class=\"screen-reader-text\">MMS 2003\/2004 Kreisliga Ost Runde 2<\/span> weiterlesen<\/a><\/p>\n","protected":false},"author":1,"featured_media":0,"parent":4619,"menu_order":2,"comment_status":"closed","ping_status":"closed","template":"","meta":{"ngg_post_thumbnail":0,"footnotes":""},"class_list":["post-4627","page","type-page","status-publish","hentry"],"_links":{"self":[{"href":"https:\/\/www.sv-bad-bevensen.de\/index.php?rest_route=\/wp\/v2\/pages\/4627","targetHints":{"allow":["GET"]}}],"collection":[{"href":"https:\/\/www.sv-bad-bevensen.de\/index.php?rest_route=\/wp\/v2\/pages"}],"about":[{"href":"https:\/\/www.sv-bad-bevensen.de\/index.php?rest_route=\/wp\/v2\/types\/page"}],"author":[{"embeddable":true,"href":"https:\/\/www.sv-bad-bevensen.de\/index.php?rest_route=\/wp\/v2\/users\/1"}],"replies":[{"embeddable":true,"href":"https:\/\/www.sv-bad-bevensen.de\/index.php?rest_route=%2Fwp%2Fv2%2Fcomments&post=4627"}],"version-history":[{"count":0,"href":"https:\/\/www.sv-bad-bevensen.de\/index.php?rest_route=\/wp\/v2\/pages\/4627\/revisions"}],"up":[{"embeddable":true,"href":"https:\/\/www.sv-bad-bevensen.de\/index.php?rest_route=\/wp\/v2\/pages\/4619"}],"wp:attachment":[{"href":"https:\/\/www.sv-bad-bevensen.de\/index.php?rest_route=%2Fwp%2Fv2%2Fmedia&parent=4627"}],"curies":[{"name":"wp","href":"https:\/\/api.w.org\/{rel}","templated":true}]}}