{"id":4506,"date":"2016-02-08T14:07:51","date_gmt":"2016-02-08T14:07:51","guid":{"rendered":"http:\/\/www.sv-bad-bevensen.de\/wp\/?page_id=4506"},"modified":"2016-05-21T15:11:47","modified_gmt":"2016-05-21T14:11:47","slug":"mannschaftsmeisterschaft-20052006-kreisliga-ost","status":"publish","type":"page","link":"https:\/\/www.sv-bad-bevensen.de\/?page_id=4506","title":{"rendered":"Mannschaftsmeisterschaft 2005\/2006 Kreisliga Ost"},"content":{"rendered":"<p>Runde <a href=\"#r1\">1<\/a> <a href=\"#r2\">2<\/a> <a href=\"#r3\">3<\/a> <a href=\"#r4\">4<\/a> <a href=\"#r5\">5<\/a> <a href=\"#r6\">6<\/a> <a href=\"#r7\">7<\/a> <a href=\"#r8\">8<\/a> <a href=\"#r9\">9<\/a><br \/>\n<a href=\"#tab\">Tabelle<\/a><\/p>\n<table class=\"noBorder\">\n<tbody>\n<tr>\n<th style=\"text-align: left;\" colspan=\"4\"><a id=\"r1\"><\/a>Runde 1, 25.09.2005<\/th>\n<\/tr>\n<tr>\n<td nowrap=\"nowrap\">SG Unterl.\/Wietzend. I<\/td>\n<td>&#8211;<\/td>\n<td nowrap=\"nowrap\">SC Turm L\u00fcneburg III<\/td>\n<td style=\"text-align: center;\" nowrap=\"nowrap\">5.5 &#8211; 2.5<\/td>\n<\/tr>\n<tr>\n<td style=\"color: darkblue; font-weight: bold;\" nowrap=\"nowrap\">SV Bad Bevensen<\/td>\n<td>&#8211;<\/td>\n<td nowrap=\"nowrap\">TSV Bienenb\u00fcttel<\/td>\n<td style=\"text-align: center;\" nowrap=\"nowrap\"><a href=\"https:\/\/www.sv-bad-bevensen.de\/?page_id=4513\">5 &#8211; 3<\/a><\/td>\n<\/tr>\n<tr>\n<td nowrap=\"nowrap\">Caissa Schwarmstedt II<\/td>\n<td>&#8211;<\/td>\n<td nowrap=\"nowrap\">PSV Uelzen V<\/td>\n<td style=\"text-align: center;\" nowrap=\"nowrap\">6 &#8211; 2<\/td>\n<\/tr>\n<tr>\n<td nowrap=\"nowrap\">SC Hamb\u00fchren<\/td>\n<td>&#8211;<\/td>\n<td nowrap=\"nowrap\">SK Hermannsburg II<\/td>\n<td style=\"text-align: center;\" nowrap=\"nowrap\">3.5 &#8211; 4.5<\/td>\n<\/tr>\n<tr>\n<td nowrap=\"nowrap\">Bleckeder SC I<\/td>\n<td>&#8211;<\/td>\n<td nowrap=\"nowrap\">Breloher SC II<\/td>\n<td style=\"text-align: center;\" nowrap=\"nowrap\">3 &#8211; 5<\/td>\n<\/tr>\n<\/tbody>\n<\/table>\n<p>&nbsp;<\/p>\n<table class=\"noBorder\">\n<tbody>\n<tr>\n<th style=\"text-align: left;\" colspan=\"4\"><a id=\"r2\"><\/a>Runde 2, 13.11.2005<\/th>\n<\/tr>\n<tr>\n<td nowrap=\"nowrap\">SC Turm L\u00fcneburg III<\/td>\n<td>&#8211;<\/td>\n<td nowrap=\"nowrap\">Breloher SC II<\/td>\n<td style=\"text-align: center;\" nowrap=\"nowrap\">2 &#8211; 6<\/td>\n<\/tr>\n<tr>\n<td nowrap=\"nowrap\">SK Hermannsburg II<\/td>\n<td>&#8211;<\/td>\n<td nowrap=\"nowrap\">Bleckeder SC I<\/td>\n<td style=\"text-align: center;\" nowrap=\"nowrap\">3 &#8211; 5<\/td>\n<\/tr>\n<tr>\n<td nowrap=\"nowrap\">PSV Uelzen V<\/td>\n<td>&#8211;<\/td>\n<td nowrap=\"nowrap\">SC Hamb\u00fchren<\/td>\n<td style=\"text-align: center;\" nowrap=\"nowrap\">3.5 &#8211; 4.5<\/td>\n<\/tr>\n<tr>\n<td nowrap=\"nowrap\">TSV Bienenb\u00fcttel<\/td>\n<td>&#8211;<\/td>\n<td nowrap=\"nowrap\">Caissa Schwarmst. II<\/td>\n<td style=\"text-align: center;\" nowrap=\"nowrap\">6.5 &#8211; 1.5<\/td>\n<\/tr>\n<tr>\n<td nowrap=\"nowrap\">SG Unterl.\/Wietzend. I<\/td>\n<td>&#8211;<\/td>\n<td style=\"color: darkblue; font-weight: bold;\" nowrap=\"nowrap\">SV Bad Bevensen<\/td>\n<td style=\"text-align: center;\" nowrap=\"nowrap\"><a href=\"https:\/\/www.sv-bad-bevensen.de\/?page_id=4516\">4.5 &#8211; 3.5<\/a><\/td>\n<\/tr>\n<\/tbody>\n<\/table>\n<p>&nbsp;<\/p>\n<table class=\"&quot;noBorder\">\n<tbody>\n<tr>\n<th style=\"text-align: left;\" colspan=\"4\"><a id=\"r3\"><\/a>Runde 3, 27.11.2005<\/th>\n<\/tr>\n<tr>\n<td style=\"color: darkblue; font-weight: bold;\" nowrap=\"nowrap\">SV Bad Bevensen<\/td>\n<td>&#8211;<\/td>\n<td nowrap=\"nowrap\">SC Turm L\u00fcneburg III<\/td>\n<td style=\"text-align: center;\" nowrap=\"nowrap\"><a href=\"https:\/\/www.sv-bad-bevensen.de\/?page_id=4520\">4.5 &#8211; 3.5<\/a><\/td>\n<\/tr>\n<tr>\n<td nowrap=\"nowrap\">Caissa Schwarmst. II<\/td>\n<td>&#8211;<\/td>\n<td nowrap=\"nowrap\">SG Unterl.\/Wietzend. I<\/td>\n<td style=\"text-align: center;\" nowrap=\"nowrap\">3 &#8211; 5<\/td>\n<\/tr>\n<tr>\n<td nowrap=\"nowrap\">SC Hamb\u00fchren<\/td>\n<td>&#8211;<\/td>\n<td nowrap=\"nowrap\">TSV Bienenb\u00fcttel<\/td>\n<td style=\"text-align: center;\" nowrap=\"nowrap\">4 &#8211; 4<\/td>\n<\/tr>\n<tr>\n<td nowrap=\"nowrap\">Bleckeder SC I<\/td>\n<td>&#8211;<\/td>\n<td nowrap=\"nowrap\">PSV Uelzen V<\/td>\n<td style=\"text-align: center;\" nowrap=\"nowrap\">6.5 &#8211; 1.5<\/td>\n<\/tr>\n<tr>\n<td nowrap=\"nowrap\">Breloher SC II<\/td>\n<td>&#8211;<\/td>\n<td nowrap=\"nowrap\">SK Hermannsburg II<\/td>\n<td style=\"text-align: center;\" nowrap=\"nowrap\">4.5 &#8211; 3.5<\/td>\n<\/tr>\n<\/tbody>\n<\/table>\n<p>&nbsp;<\/p>\n<table class=\"noBorder\">\n<tbody>\n<tr>\n<th style=\"text-align: left;\" colspan=\"4\"><a id=\"r4\"><\/a>Runde 4, 11.12.2005<\/th>\n<\/tr>\n<tr>\n<td nowrap=\"nowrap\">SC Turm L\u00fcneburg III<\/td>\n<td>&#8211;<\/td>\n<td nowrap=\"nowrap\">SK Hermannsburg II<\/td>\n<td style=\"text-align: center;\" nowrap=\"nowrap\">6 &#8211; 2<\/td>\n<\/tr>\n<tr>\n<td nowrap=\"nowrap\">PSV Uelzen V<\/td>\n<td>&#8211;<\/td>\n<td nowrap=\"nowrap\">Breloher SC II<\/td>\n<td style=\"text-align: center;\" nowrap=\"nowrap\">3.5 &#8211; 4.5<\/td>\n<\/tr>\n<tr>\n<td nowrap=\"nowrap\">TSV Bienenb\u00fcttel<\/td>\n<td>&#8211;<\/td>\n<td nowrap=\"nowrap\">Bleckeder SC I<\/td>\n<td style=\"text-align: center;\" nowrap=\"nowrap\">4.5 &#8211; 3.5<\/td>\n<\/tr>\n<tr>\n<td nowrap=\"nowrap\">SG Unterl.\/Wietzend. I<\/td>\n<td>&#8211;<\/td>\n<td nowrap=\"nowrap\">SC Hamb\u00fchren<\/td>\n<td style=\"text-align: center;\" nowrap=\"nowrap\">3 &#8211; 5<\/td>\n<\/tr>\n<tr>\n<td style=\"color: darkblue; font-weight: bold;\" nowrap=\"nowrap\">SV Bad Bevensen<\/td>\n<td>&#8211;<\/td>\n<td nowrap=\"nowrap\">Caissa Schwarmst. II<\/td>\n<td style=\"text-align: center;\" nowrap=\"nowrap\"><a href=\"https:\/\/www.sv-bad-bevensen.de\/?page_id=4523\">1 &#8211; 7<\/a><\/td>\n<\/tr>\n<\/tbody>\n<\/table>\n<p>&nbsp;<\/p>\n<table class=\"noBorder\">\n<tbody>\n<tr>\n<th style=\"text-align: left;\" colspan=\"4\"><a id=\"r5\"><\/a>Runde 5, 15.01.2006<\/th>\n<\/tr>\n<tr>\n<td nowrap=\"nowrap\">Caissa Schwarmstedt II<\/td>\n<td>&#8211;<\/td>\n<td nowrap=\"nowrap\">SC Turm L\u00fcneburg III<\/td>\n<td style=\"text-align: center;\" nowrap=\"nowrap\">3 &#8211; 5<\/td>\n<\/tr>\n<tr>\n<td nowrap=\"nowrap\">SC Hamb\u00fchren<\/td>\n<td>&#8211;<\/td>\n<td style=\"color: darkblue; font-weight: bold;\" nowrap=\"nowrap\">SV Bad Bevensen<\/td>\n<td style=\"text-align: center;\" nowrap=\"nowrap\"><a href=\"https:\/\/www.sv-bad-bevensen.de\/?page_id=4526\">5 &#8211; 3<\/a><\/td>\n<\/tr>\n<tr>\n<td nowrap=\"nowrap\">Bleckeder SC I<\/td>\n<td>&#8211;<\/td>\n<td nowrap=\"nowrap\">SG Unterl.\/Wietzend. I<\/td>\n<td style=\"text-align: center;\" nowrap=\"nowrap\">5 &#8211; 3<\/td>\n<\/tr>\n<tr>\n<td nowrap=\"nowrap\">Breloher SC II<\/td>\n<td>&#8211;<\/td>\n<td nowrap=\"nowrap\">TSV Bienenb\u00fcttel<\/td>\n<td style=\"text-align: center;\" nowrap=\"nowrap\">4.5 &#8211; 3.5<\/td>\n<\/tr>\n<tr>\n<td nowrap=\"nowrap\">SK Hermannsburg II<\/td>\n<td>&#8211;<\/td>\n<td nowrap=\"nowrap\">PSV Uelzen V<\/td>\n<td style=\"text-align: center;\" nowrap=\"nowrap\">4 &#8211; 4<\/td>\n<\/tr>\n<\/tbody>\n<\/table>\n<p>&nbsp;<\/p>\n<table class=\"noBorder\">\n<tbody>\n<tr>\n<th style=\"text-align: left;\" colspan=\"4\"><a id=\"r6\"><\/a>Runde 6, 29.01.2006<\/th>\n<\/tr>\n<tr>\n<td nowrap=\"nowrap\">SC Turm L\u00fcneburg III<\/td>\n<td>&#8211;<\/td>\n<td nowrap=\"nowrap\">PSV Uelzen V<\/td>\n<td style=\"text-align: center;\" nowrap=\"nowrap\">5 &#8211; 3<\/td>\n<\/tr>\n<tr>\n<td nowrap=\"nowrap\">TSV Bienenb\u00fcttel<\/td>\n<td>&#8211;<\/td>\n<td nowrap=\"nowrap\">SK Hermannsburg II<\/td>\n<td style=\"text-align: center;\" nowrap=\"nowrap\">3 &#8211; 5<\/td>\n<\/tr>\n<tr>\n<td nowrap=\"nowrap\">SG Unterl.\/Wietzend. I<\/td>\n<td>&#8211;<\/td>\n<td nowrap=\"nowrap\">Breloher SC II<\/td>\n<td style=\"text-align: center;\" nowrap=\"nowrap\">1.5 &#8211; 6.5<\/td>\n<\/tr>\n<tr>\n<td style=\"color: darkblue; font-weight: bold;\" nowrap=\"nowrap\">SV Bad Bevensen<\/td>\n<td>&#8211;<\/td>\n<td nowrap=\"nowrap\">Bleckeder SC I<\/td>\n<td style=\"text-align: center;\" nowrap=\"nowrap\"><a href=\"https:\/\/www.sv-bad-bevensen.de\/?page_id=4529\">3 &#8211; 5<\/a><\/td>\n<\/tr>\n<tr>\n<td nowrap=\"nowrap\">Caissa Schwarmst. II<\/td>\n<td>&#8211;<\/td>\n<td nowrap=\"nowrap\">SC Hamb\u00fchren<\/td>\n<td style=\"text-align: center;\" nowrap=\"nowrap\">2.5 &#8211; 5.5<\/td>\n<\/tr>\n<\/tbody>\n<\/table>\n<p>&nbsp;<\/p>\n<table class=\"noBorder\">\n<tbody>\n<tr>\n<th style=\"text-align: left;\" colspan=\"4\"><a id=\"r7\"><\/a>Runde 7, 19.02.2006<\/th>\n<\/tr>\n<tr>\n<td nowrap=\"nowrap\">SC Hamb\u00fchren<\/td>\n<td>&#8211;<\/td>\n<td nowrap=\"nowrap\">SC Turm L\u00fcneburg III<\/td>\n<td style=\"text-align: center;\" nowrap=\"nowrap\">3.5 &#8211; 4.5<\/td>\n<\/tr>\n<tr>\n<td nowrap=\"nowrap\">Bleckeder SC I<\/td>\n<td>&#8211;<\/td>\n<td nowrap=\"nowrap\">Caissa Schwarmst. II<\/td>\n<td style=\"text-align: center;\" nowrap=\"nowrap\">5 &#8211; 3<\/td>\n<\/tr>\n<tr>\n<td nowrap=\"nowrap\">Breloher SC II<\/td>\n<td>&#8211;<\/td>\n<td style=\"color: darkblue; font-weight: bold;\" nowrap=\"nowrap\">SV Bad Bevensen<\/td>\n<td style=\"text-align: center;\" nowrap=\"nowrap\"><a href=\"https:\/\/www.sv-bad-bevensen.de\/?page_id=4532\">4.5 &#8211; 3.5<\/a><\/td>\n<\/tr>\n<tr>\n<td nowrap=\"nowrap\">SK Hermannsburg II<\/td>\n<td>&#8211;<\/td>\n<td nowrap=\"nowrap\">SG Unterl.\/Wietzend. I<\/td>\n<td style=\"text-align: center;\" nowrap=\"nowrap\">4 &#8211; 4<\/td>\n<\/tr>\n<tr>\n<td nowrap=\"nowrap\">PSV Uelzen V<\/td>\n<td>&#8211;<\/td>\n<td nowrap=\"nowrap\">TSV Bienenb\u00fcttel<\/td>\n<td style=\"text-align: center;\" nowrap=\"nowrap\">3 &#8211; 5<\/td>\n<\/tr>\n<\/tbody>\n<\/table>\n<p>&nbsp;<\/p>\n<table class=\"noBorder\">\n<tbody>\n<tr>\n<th style=\"text-align: left;\" colspan=\"4\"><a id=\"r8\"><\/a>Runde 8, 12.03.2006<\/th>\n<\/tr>\n<tr>\n<td nowrap=\"nowrap\">SC Turm L\u00fcneburg III<\/td>\n<td>&#8211;<\/td>\n<td nowrap=\"nowrap\">TSV Bienenb\u00fcttel<\/td>\n<td style=\"text-align: center;\" nowrap=\"nowrap\">4 &#8211; 4<\/td>\n<\/tr>\n<tr>\n<td nowrap=\"nowrap\">SG Unterl.\/Wietzend. I<\/td>\n<td>&#8211;<\/td>\n<td nowrap=\"nowrap\">PSV Uelzen V<\/td>\n<td style=\"text-align: center;\" nowrap=\"nowrap\">5 &#8211; 3<\/td>\n<\/tr>\n<tr>\n<td style=\"color: darkblue; font-weight: bold;\" nowrap=\"nowrap\">SV Bad Bevensen<\/td>\n<td>&#8211;<\/td>\n<td nowrap=\"nowrap\">SK Hermannsburg II<\/td>\n<td style=\"text-align: center;\" nowrap=\"nowrap\"><a href=\"https:\/\/www.sv-bad-bevensen.de\/?page_id=4535\">3.5 &#8211; 4.5<\/a><\/td>\n<\/tr>\n<tr>\n<td nowrap=\"nowrap\">Caissa Schwarmst. II<\/td>\n<td>&#8211;<\/td>\n<td nowrap=\"nowrap\">Breloher SC II<\/td>\n<td style=\"text-align: center;\" nowrap=\"nowrap\">4 &#8211; 4<\/td>\n<\/tr>\n<tr>\n<td nowrap=\"nowrap\">SC Hamb\u00fchren<\/td>\n<td>&#8211;<\/td>\n<td nowrap=\"nowrap\">Bleckeder SC<\/td>\n<td style=\"text-align: center;\" nowrap=\"nowrap\">2.5 &#8211; 5.5<\/td>\n<\/tr>\n<\/tbody>\n<\/table>\n<p>&nbsp;<\/p>\n<table class=\"noBorder\">\n<tbody>\n<tr>\n<th style=\"text-align: left;\" colspan=\"4\"><a id=\"r9\"><\/a>Runde 9, 26.03.2006<\/th>\n<\/tr>\n<tr>\n<td nowrap=\"nowrap\">Bleckeder SC I<\/td>\n<td>&#8211;<\/td>\n<td nowrap=\"nowrap\">SC Turm L\u00fcneburg III<\/td>\n<td style=\"text-align: center;\" nowrap=\"nowrap\">4 &#8211; 4<\/td>\n<\/tr>\n<tr>\n<td nowrap=\"nowrap\">Breloher SC II<\/td>\n<td>&#8211;<\/td>\n<td nowrap=\"nowrap\">SC Hamb\u00fchren<\/td>\n<td style=\"text-align: center;\" nowrap=\"nowrap\">4.5 &#8211; 3.5<\/td>\n<\/tr>\n<tr>\n<td nowrap=\"nowrap\">SK Hermannsburg II<\/td>\n<td>&#8211;<\/td>\n<td nowrap=\"nowrap\">Caissa Schwarmst. II<\/td>\n<td style=\"text-align: center;\" nowrap=\"nowrap\">3 &#8211; 5<\/td>\n<\/tr>\n<tr>\n<td nowrap=\"nowrap\">PSV Uelzen V<\/td>\n<td>&#8211;<\/td>\n<td style=\"color: darkblue; font-weight: bold;\" nowrap=\"nowrap\">SV Bad Bevensen<\/td>\n<td style=\"text-align: center;\" nowrap=\"nowrap\"><a href=\"https:\/\/www.sv-bad-bevensen.de\/?page_id=4538\">3.5 &#8211; 4.5<\/a><\/td>\n<\/tr>\n<tr>\n<td nowrap=\"nowrap\">TSV Bienenb\u00fcttel<\/td>\n<td>&#8211;<\/td>\n<td nowrap=\"nowrap\">SG Unterl.\/Wietzend. I<\/td>\n<td style=\"text-align: center;\" nowrap=\"nowrap\">4 &#8211; 4<\/td>\n<\/tr>\n<\/tbody>\n<\/table>\n<p>&nbsp;<\/p>\n<p><a id=\"tab\"><\/a><b>Tabelle<\/b><\/p>\n<table>\n<tbody>\n<tr>\n<th style=\"text-align: center;\">Pl.<\/th>\n<th align=\"left\">Mannschaft<\/th>\n<th style=\"text-align: center;\">Sp.<\/th>\n<th style=\"text-align: center;\">G<\/th>\n<th style=\"text-align: center;\">R<\/th>\n<th style=\"text-align: center;\">V<\/th>\n<th style=\"text-align: center;\" align=\"right\">MP<\/th>\n<th style=\"text-align: center;\" align=\"right\">BP<\/th>\n<\/tr>\n<p><!--\n\n\n<td align=\"center\"><img decoding=\"async\" src=\"..\/..\/gif\/grPkt.gif\" alt=\"2\"\/><\/td>\n\n\n\n\n<td align=\"center\"><img decoding=\"async\" src=\"..\/..\/gif\/grPktKl.gif\" alt=\"1\"\/><img decoding=\"async\" src=\"..\/..\/gif\/rtPktKl.gif\" alt=\"-1\"\/><\/td>\n\n\n\n\n<td align=\"center\"><img decoding=\"async\" src=\"..\/..\/gif\/rtPkt.gif\" alt=\"-2\"\/><\/td>\n\n\n--><\/p>\n<tr>\n<td style=\"text-align: right;\" align=\"right\">1.<\/td>\n<td align=\"left\">Breloher SC II<\/td>\n<td style=\"text-align: center;\" align=\"center\">9<\/td>\n<td style=\"text-align: center;\" align=\"center\">8<\/td>\n<td style=\"text-align: center;\" align=\"center\">1<\/td>\n<td style=\"text-align: center;\" align=\"center\">0<\/td>\n<td style=\"text-align: center;\" align=\"right\">17<\/td>\n<td style=\"text-align: center;\" align=\"right\">44.0<\/td>\n<\/tr>\n<tr>\n<td style=\"text-align: right;\" align=\"right\">2.<\/td>\n<td align=\"left\">Bleckeder SC I<\/td>\n<td style=\"text-align: center;\" align=\"center\">9<\/td>\n<td style=\"text-align: center;\" align=\"center\">6<\/td>\n<td style=\"text-align: center;\" align=\"center\">1<\/td>\n<td style=\"text-align: center;\" align=\"center\">2<\/td>\n<td style=\"text-align: center;\" align=\"right\">13<\/td>\n<td style=\"text-align: center;\" align=\"right\">42.5<\/td>\n<\/tr>\n<tr>\n<td style=\"text-align: right;\" align=\"right\">3.<\/td>\n<td align=\"left\">SC Turm L\u00fcneburg III<\/td>\n<td style=\"text-align: center;\" align=\"center\">9<\/td>\n<td style=\"text-align: center;\" align=\"center\">4<\/td>\n<td style=\"text-align: center;\" align=\"center\">2<\/td>\n<td style=\"text-align: center;\" align=\"center\">3<\/td>\n<td style=\"text-align: center;\" align=\"right\">10<\/td>\n<td style=\"text-align: center;\" align=\"right\">36.5<\/td>\n<\/tr>\n<tr>\n<td style=\"text-align: right;\" align=\"right\">4.<\/td>\n<td align=\"left\">SG Unterl.\/Wietzend. I<\/td>\n<td style=\"text-align: center;\" align=\"center\">9<\/td>\n<td style=\"text-align: center;\" align=\"center\">4<\/td>\n<td style=\"text-align: center;\" align=\"center\">2<\/td>\n<td style=\"text-align: center;\" align=\"center\">3<\/td>\n<td style=\"text-align: center;\" align=\"right\">10<\/td>\n<td style=\"text-align: center;\" align=\"right\">35.5<\/td>\n<\/tr>\n<tr>\n<td style=\"text-align: right;\" align=\"right\">5.<\/td>\n<td align=\"left\">TSV Bienenb\u00fcttel<\/td>\n<td style=\"text-align: center;\" align=\"center\">9<\/td>\n<td style=\"text-align: center;\" align=\"center\">3<\/td>\n<td style=\"text-align: center;\" align=\"center\">3<\/td>\n<td style=\"text-align: center;\" align=\"center\">3<\/td>\n<td style=\"text-align: center;\" align=\"right\">9<\/td>\n<td style=\"text-align: center;\" align=\"right\">37.5<\/td>\n<\/tr>\n<tr>\n<td style=\"text-align: right;\" align=\"right\">6.<\/td>\n<td align=\"left\">SC Hamb\u00fchren<\/td>\n<td style=\"text-align: center;\" align=\"center\">9<\/td>\n<td style=\"text-align: center;\" align=\"center\">4<\/td>\n<td style=\"text-align: center;\" align=\"center\">1<\/td>\n<td style=\"text-align: center;\" align=\"center\">3<\/td>\n<td style=\"text-align: center;\" align=\"right\">9<\/td>\n<td style=\"text-align: center;\" align=\"right\">37.0<\/td>\n<\/tr>\n<tr>\n<td style=\"text-align: right;\" align=\"right\">7.<\/td>\n<td align=\"left\">SK Hermannsburg II<\/td>\n<td style=\"text-align: center;\" align=\"center\">9<\/td>\n<td style=\"text-align: center;\" align=\"center\">3<\/td>\n<td style=\"text-align: center;\" align=\"center\">2<\/td>\n<td style=\"text-align: center;\" align=\"center\">4<\/td>\n<td style=\"text-align: center;\" align=\"right\">8<\/td>\n<td style=\"text-align: center;\" align=\"right\">33.5<\/td>\n<\/tr>\n<tr>\n<td style=\"text-align: right;\" align=\"right\">8.<\/td>\n<td align=\"left\">Caissa Schwarmstedt II<\/td>\n<td style=\"text-align: center;\" align=\"center\">9<\/td>\n<td style=\"text-align: center;\" align=\"center\">3<\/td>\n<td style=\"text-align: center;\" align=\"center\">1<\/td>\n<td style=\"text-align: center;\" align=\"center\">5<\/td>\n<td style=\"text-align: center;\" align=\"right\">7<\/td>\n<td style=\"text-align: center;\" align=\"right\">35.0<\/td>\n<\/tr>\n<tr style=\"color: darkblue; font-weight: bold;\">\n<td style=\"text-align: right;\" align=\"right\">9.<\/td>\n<td align=\"left\"><a style=\"color: darkblue;\" href=\"https:\/\/www.sv-bad-bevensen.de\/?page_id=4541\">SV Bad Bevensen<\/a><\/td>\n<td style=\"text-align: center;\" align=\"center\">9<\/td>\n<td style=\"text-align: center;\" align=\"center\">3<\/td>\n<td style=\"text-align: center;\" align=\"center\">0<\/td>\n<td style=\"text-align: center;\" align=\"center\">6<\/td>\n<td style=\"text-align: center;\" align=\"right\">6<\/td>\n<td style=\"text-align: center;\" align=\"right\">31.5<\/td>\n<\/tr>\n<tr>\n<td style=\"text-align: right;\" align=\"right\">10.<\/td>\n<td align=\"left\">PSV Uelzen V<\/td>\n<td style=\"text-align: center;\" align=\"center\">9<\/td>\n<td style=\"text-align: center;\" align=\"center\">0<\/td>\n<td style=\"text-align: center;\" align=\"center\">1<\/td>\n<td style=\"text-align: center;\" align=\"center\">8<\/td>\n<td style=\"text-align: center;\" align=\"right\">1<\/td>\n<td style=\"text-align: center;\" align=\"right\">27.0<\/td>\n<\/tr>\n<\/tbody>\n<\/table>\n<p>Beitrag zu Runde <a href=\"https:\/\/www.sv-bad-bevensen.de\/?p=9208\">1<\/a>, <a href=\"https:\/\/www.sv-bad-bevensen.de\/?p=9197\">2<\/a>, <a href=\"https:\/\/www.sv-bad-bevensen.de\/?p=9192\">3<\/a>, <a href=\"https:\/\/www.sv-bad-bevensen.de\/?p=9179\">4<\/a>, <a href=\"https:\/\/www.sv-bad-bevensen.de\/?p=9166\">5<\/a>, <a href=\"https:\/\/www.sv-bad-bevensen.de\/?p=9158\">6<\/a>, <a href=\"https:\/\/www.sv-bad-bevensen.de\/?p=9152\">7<\/a>, <a href=\"https:\/\/www.sv-bad-bevensen.de\/?p=9149\">8<\/a>, <a href=\"https:\/\/www.sv-bad-bevensen.de\/?p=9138\">9<\/a><\/p>\n<p><a href=\"https:\/\/www.sv-bad-bevensen.de\/?page_id=4546\">Saison 2004\/2005<\/a>, <a href=\"https:\/\/www.sv-bad-bevensen.de\/?page_id=580\">Archiv<\/a><\/p>\n","protected":false},"excerpt":{"rendered":"<p>Runde 1 2 3 4 5 6 7 8 9 Tabelle Runde 1, 25.09.2005 SG Unterl.\/Wietzend. I &#8211; SC Turm L\u00fcneburg III 5.5 &#8211; 2.5 SV Bad Bevensen &#8211; TSV Bienenb\u00fcttel 5 &#8211; 3 Caissa Schwarmstedt II &#8211; PSV Uelzen V 6 &#8211; 2 SC Hamb\u00fchren &#8211; SK Hermannsburg II 3.5 &#8211; 4.5 Bleckeder SC &hellip; <a href=\"https:\/\/www.sv-bad-bevensen.de\/?page_id=4506\" class=\"more-link\"><span class=\"screen-reader-text\">Mannschaftsmeisterschaft 2005\/2006 Kreisliga Ost<\/span> weiterlesen<\/a><\/p>\n","protected":false},"author":1,"featured_media":0,"parent":4504,"menu_order":1,"comment_status":"closed","ping_status":"closed","template":"","meta":{"ngg_post_thumbnail":0,"footnotes":""},"class_list":["post-4506","page","type-page","status-publish","hentry"],"_links":{"self":[{"href":"https:\/\/www.sv-bad-bevensen.de\/index.php?rest_route=\/wp\/v2\/pages\/4506","targetHints":{"allow":["GET"]}}],"collection":[{"href":"https:\/\/www.sv-bad-bevensen.de\/index.php?rest_route=\/wp\/v2\/pages"}],"about":[{"href":"https:\/\/www.sv-bad-bevensen.de\/index.php?rest_route=\/wp\/v2\/types\/page"}],"author":[{"embeddable":true,"href":"https:\/\/www.sv-bad-bevensen.de\/index.php?rest_route=\/wp\/v2\/users\/1"}],"replies":[{"embeddable":true,"href":"https:\/\/www.sv-bad-bevensen.de\/index.php?rest_route=%2Fwp%2Fv2%2Fcomments&post=4506"}],"version-history":[{"count":0,"href":"https:\/\/www.sv-bad-bevensen.de\/index.php?rest_route=\/wp\/v2\/pages\/4506\/revisions"}],"up":[{"embeddable":true,"href":"https:\/\/www.sv-bad-bevensen.de\/index.php?rest_route=\/wp\/v2\/pages\/4504"}],"wp:attachment":[{"href":"https:\/\/www.sv-bad-bevensen.de\/index.php?rest_route=%2Fwp%2Fv2%2Fmedia&parent=4506"}],"curies":[{"name":"wp","href":"https:\/\/api.w.org\/{rel}","templated":true}]}}