{"id":4234,"date":"2016-02-02T18:07:25","date_gmt":"2016-02-02T18:07:25","guid":{"rendered":"http:\/\/www.sv-bad-bevensen.de\/wp\/?page_id=4234"},"modified":"2016-02-02T18:12:21","modified_gmt":"2016-02-02T18:12:21","slug":"mms-200910-kreisklasse-sued-runde-1","status":"publish","type":"page","link":"https:\/\/www.sv-bad-bevensen.de\/?page_id=4234","title":{"rendered":"MMS 2009\/10 Kreisklasse S\u00fcd Runde 1"},"content":{"rendered":"<table class=\"tournament\">\n<tbody>\n<tr>\n<th colspan=\"2\" align=\"left\">SV Bad Bevensen II<\/th>\n<th style=\"text-align: center;\">0,0 : 6,0<\/th>\n<th colspan=\"2\" align=\"left\">PSV Uelzen VI<\/th>\n<th style=\"text-align: center;\" align=\"right\">159<\/th>\n<th style=\"text-align: center;\">:<\/th>\n<th style=\"text-align: center;\" align=\"right\">1037<\/th>\n<\/tr>\n<tr>\n<td style=\"text-align: right;\" align=\"right\">11<\/td>\n<td>Thei\u00df,Felix<\/td>\n<td style=\"text-align: center;\" align=\"center\">0 : 1<\/td>\n<td>K\u00f6mpel,Thomas<\/td>\n<td style=\"text-align: right;\" align=\"right\">1<\/td>\n<td style=\"text-align: center;\" align=\"right\">953<\/td>\n<td style=\"text-align: center;\" align=\"center\">:<\/td>\n<td style=\"text-align: center;\" align=\"right\">1526<\/td>\n<\/tr>\n<tr>\n<td style=\"text-align: right;\" align=\"right\">13<\/td>\n<td>Friebe,Erik<\/td>\n<td style=\"text-align: center;\" align=\"center\">0 : 1<\/td>\n<td>Schl\u00e4ger,Michael<\/td>\n<td style=\"text-align: right;\" align=\"right\">5<\/td>\n<td style=\"text-align: center;\" align=\"right\"><\/td>\n<td style=\"text-align: center;\" align=\"center\">:<\/td>\n<td style=\"text-align: center;\" align=\"right\">1146<\/td>\n<\/tr>\n<tr>\n<td style=\"text-align: right;\" align=\"right\">14<\/td>\n<td>B\u00fcltge,T. J.<\/td>\n<td style=\"text-align: center;\" align=\"center\">0 : 1<\/td>\n<td>Lemke,Julian<\/td>\n<td style=\"text-align: right;\" align=\"right\">8<\/td>\n<td style=\"text-align: center;\" align=\"right\"><\/td>\n<td style=\"text-align: center;\" align=\"center\">:<\/td>\n<td style=\"text-align: center;\" align=\"right\">1046<\/td>\n<\/tr>\n<tr>\n<td style=\"text-align: right;\" align=\"right\">15<\/td>\n<td>van Eynem,Tom Luca<\/td>\n<td style=\"text-align: center;\" align=\"center\">0 : 1<\/td>\n<td>Schl\u00e4ger,Christian<\/td>\n<td style=\"text-align: right;\" align=\"right\">10<\/td>\n<td style=\"text-align: center;\" align=\"right\"><\/td>\n<td style=\"text-align: center;\" align=\"center\">:<\/td>\n<td style=\"text-align: center;\" align=\"right\">883<\/td>\n<\/tr>\n<tr>\n<td style=\"text-align: right;\" align=\"right\">16<\/td>\n<td>Lappl\u00f6hn,Ren\u00e9<\/td>\n<td style=\"text-align: center;\" align=\"center\">0 : 1<\/td>\n<td>Hofmeister,Markus<\/td>\n<td style=\"text-align: right;\" align=\"right\">12<\/td>\n<td style=\"text-align: center;\" align=\"right\"><\/td>\n<td style=\"text-align: center;\" align=\"center\">:<\/td>\n<td style=\"text-align: center;\" align=\"right\">832<\/td>\n<\/tr>\n<tr>\n<td style=\"text-align: right;\" align=\"right\">17<\/td>\n<td>Bauer,Constantin<\/td>\n<td style=\"text-align: center;\" align=\"center\">0 : 1<\/td>\n<td>Faesel,Moritz<\/td>\n<td style=\"text-align: right;\" align=\"right\">13<\/td>\n<td style=\"text-align: center;\" align=\"right\"><\/td>\n<td style=\"text-align: center;\" align=\"center\">:<\/td>\n<td style=\"text-align: center;\" align=\"right\">791<\/td>\n<\/tr>\n<\/tbody>\n<\/table>\n<p>&nbsp;<\/p>\n<p><a href=\"https:\/\/www.sv-bad-bevensen.de\/?page_id=4193\">Mannschaftsergebnisse\/Tabelle<\/a>, <a href=\"https:\/\/www.sv-bad-bevensen.de\/?page_id=580\">Archiv<\/a><\/p>\n","protected":false},"excerpt":{"rendered":"<p>SV Bad Bevensen II 0,0 : 6,0 PSV Uelzen VI 159 : 1037 11 Thei\u00df,Felix 0 : 1 K\u00f6mpel,Thomas 1 953 : 1526 13 Friebe,Erik 0 : 1 Schl\u00e4ger,Michael 5 : 1146 14 B\u00fcltge,T. J. 0 : 1 Lemke,Julian 8 : 1046 15 van Eynem,Tom Luca 0 : 1 Schl\u00e4ger,Christian 10 : 883 16 Lappl\u00f6hn,Ren\u00e9 &hellip; <a href=\"https:\/\/www.sv-bad-bevensen.de\/?page_id=4234\" class=\"more-link\"><span class=\"screen-reader-text\">MMS 2009\/10 Kreisklasse S\u00fcd Runde 1<\/span> weiterlesen<\/a><\/p>\n","protected":false},"author":1,"featured_media":0,"parent":4193,"menu_order":1,"comment_status":"closed","ping_status":"closed","template":"","meta":{"ngg_post_thumbnail":0,"footnotes":""},"class_list":["post-4234","page","type-page","status-publish","hentry"],"_links":{"self":[{"href":"https:\/\/www.sv-bad-bevensen.de\/index.php?rest_route=\/wp\/v2\/pages\/4234","targetHints":{"allow":["GET"]}}],"collection":[{"href":"https:\/\/www.sv-bad-bevensen.de\/index.php?rest_route=\/wp\/v2\/pages"}],"about":[{"href":"https:\/\/www.sv-bad-bevensen.de\/index.php?rest_route=\/wp\/v2\/types\/page"}],"author":[{"embeddable":true,"href":"https:\/\/www.sv-bad-bevensen.de\/index.php?rest_route=\/wp\/v2\/users\/1"}],"replies":[{"embeddable":true,"href":"https:\/\/www.sv-bad-bevensen.de\/index.php?rest_route=%2Fwp%2Fv2%2Fcomments&post=4234"}],"version-history":[{"count":0,"href":"https:\/\/www.sv-bad-bevensen.de\/index.php?rest_route=\/wp\/v2\/pages\/4234\/revisions"}],"up":[{"embeddable":true,"href":"https:\/\/www.sv-bad-bevensen.de\/index.php?rest_route=\/wp\/v2\/pages\/4193"}],"wp:attachment":[{"href":"https:\/\/www.sv-bad-bevensen.de\/index.php?rest_route=%2Fwp%2Fv2%2Fmedia&parent=4234"}],"curies":[{"name":"wp","href":"https:\/\/api.w.org\/{rel}","templated":true}]}}