{"id":26,"date":"2015-05-02T17:10:00","date_gmt":"2015-05-02T17:10:00","guid":{"rendered":"http:\/\/www.sv-bad-bevensen.de\/WordPress_01\/?page_id=26"},"modified":"2016-03-09T21:03:59","modified_gmt":"2016-03-09T20:03:59","slug":"ausschreibung","status":"publish","type":"page","link":"https:\/\/www.sv-bad-bevensen.de\/?page_id=26","title":{"rendered":"Stadtmeisterschaft 2015"},"content":{"rendered":"<p>Ausschreibung<\/p>\n<table class=\"noBorder\" border=\"0\" cellspacing=\"0\" cellpadding=\"10\">\n<colgroup>\n<col width=\"20%\" \/>\n<col width=\"80%\" \/> <\/colgroup>\n<tbody>\n<tr>\n<th colspan=\"2\" align=\"left\">Der Schachverein Bad Bevensen l\u00e4dt ein zur 9. Offenen Stadtmeisterschaft im Schnellschach<\/th>\n<\/tr>\n<tr>\n<th>Kurzinfo<\/th>\n<td>Offene Meisterschaft des SV Bad Bevensen<\/td>\n<\/tr>\n<tr>\n<th>Teilnehmer<\/th>\n<td>Das Turnier ist offen f\u00fcr Schachspieler jeden Alters, die die Schachregeln kennen.<br \/>\nEine Vereinszugeh\u00f6rigkeit ist nicht erforderlich.<\/td>\n<\/tr>\n<tr>\n<th>Turniermodus<\/th>\n<td>9 Runden nach Schweizer System, Programm: Swiss-Chess, Feinwertung: Buchholz (eine Streichwertung).<\/td>\n<\/tr>\n<tr>\n<th>Bedenkzeit<\/th>\n<td>Schnellschach-Partien mit 20 Minuten Bedenkzeit pro Spieler. Es gelten die <a href=\"http:\/\/srk.schachbund.de\/nachrichtenleser-der-srk\/deutsche-uebersetzung-der-fide-regeln.html\" target=\"_top\">FIDE-Regeln<\/a>.<\/td>\n<\/tr>\n<tr>\n<th>Spielort<\/th>\n<td><a href=\"http:\/\/www.carissa-sport-hotel.de\" target=\"_top\">CariSSA Sport Hotel, R\u00f6mstedter Str. 8, 29549 Bad Bevensen.<\/a><\/td>\n<\/tr>\n<tr>\n<th>Spieltag<\/th>\n<td>Samstag, den 12.09.2015. Pers\u00f6nliche Anmeldung von 9.00 bis 9.30 Uhr, Beginn um 9.30 Uhr; Siegerehrung gegen 17.45 Uhr.<br \/>\nUm p\u00fcnktliches Erscheinen wird gebeten!<\/td>\n<\/tr>\n<tr>\n<th>Turnierverlauf<\/th>\n<td>Es werden vier Runden am Vormittag und f\u00fcnf am Nachmittag gespielt.<br \/>\nMittagspause gegen 12.45 Uhr<br \/>\nJugendliche und Erwachsene spielen gemeinsam in einem Teilnehmerfeld.<br \/>\nDie besten Jugendlichen werden ebenso ausgezeichnet wie die besten Spieler insgesamt.<\/td>\n<\/tr>\n<tr>\n<th>Meldeschluss<\/th>\n<td>Da nicht mehr als ca. 50 Teilnehmer unterkommen k\u00f6nnen, bitten wir um fr\u00fchzeitige Anmeldung, m\u00f6glichst bis Donnerstag, 10.09.2015, sp\u00e4testens aber bis 9.30 Uhr am Turniertag (soweit noch Pl\u00e4tze frei sind).<\/td>\n<\/tr>\n<tr>\n<th>Preise<\/th>\n<td>Zu gewinnen sind Pokale und Sachpreise.<\/td>\n<\/tr>\n<tr>\n<th>Startgeld<\/th>\n<td>5 Euro f\u00fcr Erwachsene und 2 Euro f\u00fcr Jugendliche<\/td>\n<\/tr>\n<tr>\n<th>Turnierleitung<\/th>\n<td>Friedjof Harms und Hinrich Hayessen<\/td>\n<\/tr>\n<tr>\n<th>Veranstalter<\/th>\n<td>Der Schachverein Bad Bevensen e.V. ist der Veranstalter dieses Turniers.<\/td>\n<\/tr>\n<tr>\n<th>Sonstiges<\/th>\n<td>Eine <a href=\"https:\/\/www.sv-bad-bevensen.de\/?page_id=77\">vorl\u00e4ufige Teilnehmerliste<\/a> inklusive Anmeldung ist \u00fcber unsere <a href=\"https:\/\/www.sv-bad-bevensen.de\" target=\"_top\">Homepage<\/a> abrufbar.<\/td>\n<\/tr>\n<tr>\n<th>Noch Fragen?<\/th>\n<td>Dann reicht eine E-Mail an die Organisatoren Friedjof Harms und Hinrich Hayessen (<a href=\"mailto:stadtmeisterschaft@sv-bad-bevensen.de\">stadtmeisterschaft@sv-bad-bevensen.de<\/a>). Telefonisch erreicht man uns unter 0581-9735383 oder 0176-50285423.<br \/>\nOder es hilft ein Blick auf unsere Homepage <a href=\"https:\/\/www.sv-bad-bevensen.de\" target=\"_top\">www.sv-bad-bevensen.de<\/a>.<\/td>\n<\/tr>\n<\/tbody>\n<\/table>\n<p><a href=\"https:\/\/www.sv-bad-bevensen.de\/wp-content\/uploads\/2015\/05\/Ausschreibung.pdf\" rel=\"\">Ausschreibung im PDF-Format<\/a><\/p>\n<p><a href=\"https:\/\/www.sv-bad-bevensen.de\/?page_id=787\">Rangliste<\/a>, <a href=\"https:\/\/www.sv-bad-bevensen.de\/?page_id=744\">Archiv<\/a><\/p>\n","protected":false},"excerpt":{"rendered":"<p>Ausschreibung Der Schachverein Bad Bevensen l\u00e4dt ein zur 9. Offenen Stadtmeisterschaft im Schnellschach Kurzinfo Offene Meisterschaft des SV Bad Bevensen Teilnehmer Das Turnier ist offen f\u00fcr Schachspieler jeden Alters, die die Schachregeln kennen. Eine Vereinszugeh\u00f6rigkeit ist nicht erforderlich. Turniermodus 9 Runden nach Schweizer System, Programm: Swiss-Chess, Feinwertung: Buchholz (eine Streichwertung). Bedenkzeit Schnellschach-Partien mit 20 Minuten &hellip; <a href=\"https:\/\/www.sv-bad-bevensen.de\/?page_id=26\" class=\"more-link\"><span class=\"screen-reader-text\">Stadtmeisterschaft 2015<\/span> weiterlesen<\/a><\/p>\n","protected":false},"author":1,"featured_media":0,"parent":787,"menu_order":1,"comment_status":"closed","ping_status":"closed","template":"","meta":{"ngg_post_thumbnail":0,"footnotes":""},"class_list":["post-26","page","type-page","status-publish","hentry"],"_links":{"self":[{"href":"https:\/\/www.sv-bad-bevensen.de\/index.php?rest_route=\/wp\/v2\/pages\/26","targetHints":{"allow":["GET"]}}],"collection":[{"href":"https:\/\/www.sv-bad-bevensen.de\/index.php?rest_route=\/wp\/v2\/pages"}],"about":[{"href":"https:\/\/www.sv-bad-bevensen.de\/index.php?rest_route=\/wp\/v2\/types\/page"}],"author":[{"embeddable":true,"href":"https:\/\/www.sv-bad-bevensen.de\/index.php?rest_route=\/wp\/v2\/users\/1"}],"replies":[{"embeddable":true,"href":"https:\/\/www.sv-bad-bevensen.de\/index.php?rest_route=%2Fwp%2Fv2%2Fcomments&post=26"}],"version-history":[{"count":0,"href":"https:\/\/www.sv-bad-bevensen.de\/index.php?rest_route=\/wp\/v2\/pages\/26\/revisions"}],"up":[{"embeddable":true,"href":"https:\/\/www.sv-bad-bevensen.de\/index.php?rest_route=\/wp\/v2\/pages\/787"}],"wp:attachment":[{"href":"https:\/\/www.sv-bad-bevensen.de\/index.php?rest_route=%2Fwp%2Fv2%2Fmedia&parent=26"}],"curies":[{"name":"wp","href":"https:\/\/api.w.org\/{rel}","templated":true}]}}