{"id":2144,"date":"2012-11-06T18:21:08","date_gmt":"2012-11-06T18:21:08","guid":{"rendered":"http:\/\/www.sv-bad-bevensen.de\/wp\/?page_id=2144"},"modified":"2016-01-24T08:57:54","modified_gmt":"2016-01-24T08:57:54","slug":"vereinsmeisterschaft","status":"publish","type":"page","link":"https:\/\/www.sv-bad-bevensen.de\/?page_id=2144","title":{"rendered":"Vereinsmeisterschaft 2012"},"content":{"rendered":"<p>Tabelle nach der 9. Runde<\/p>\n<table class=\"tournament\">\n<tbody>\n<tr bgcolor=\"#C0C0C0\">\n<th>Rang<\/th>\n<th align=\"left\">Teilnehmer<\/th>\n<th style=\"text-align: center;\">DWZ<\/th>\n<th style=\"text-align: center;\">Attr.<\/th>\n<th style=\"text-align: center;\">Punkte<\/th>\n<th style=\"text-align: center;\">Buch.<\/th>\n<th style=\"text-align: center;\">SoBerg<\/th>\n<\/tr>\n<tr>\n<td style=\"text-align: right;\" align=\"right\">1.<\/td>\n<td>B\u00f6rner, Joachim<\/td>\n<td style=\"text-align: right;\" align=\"right\">1637<\/td>\n<td style=\"text-align: center;\"><\/td>\n<td style=\"text-align: center;\" align=\"center\">8<\/td>\n<td style=\"text-align: center;\" align=\"center\">45<\/td>\n<td style=\"text-align: center;\" align=\"center\">40\u00bc<\/td>\n<\/tr>\n<tr>\n<td style=\"text-align: right;\" align=\"right\">2.<\/td>\n<td>Harms, Friedjof<\/td>\n<td style=\"text-align: right;\" align=\"right\">1731<\/td>\n<td style=\"text-align: center;\"><\/td>\n<td style=\"text-align: center;\" align=\"center\">7\u00bd<\/td>\n<td style=\"text-align: center;\" align=\"center\">48<\/td>\n<td style=\"text-align: center;\" align=\"center\">36\u00be<\/td>\n<\/tr>\n<tr>\n<td style=\"text-align: right;\" align=\"right\">3.<\/td>\n<td>Hallensleben, Gerhard<\/td>\n<td style=\"text-align: right;\" align=\"right\">1548<\/td>\n<td style=\"text-align: center;\"><\/td>\n<td style=\"text-align: center;\" align=\"center\">7<\/td>\n<td style=\"text-align: center;\" align=\"center\">45<\/td>\n<td style=\"text-align: center;\" align=\"center\">29<\/td>\n<\/tr>\n<tr>\n<td style=\"text-align: right;\" align=\"right\">4.<\/td>\n<td>G\u00f6b, Helmut<\/td>\n<td style=\"text-align: right;\" align=\"right\">1354<\/td>\n<td style=\"text-align: center;\"><\/td>\n<td style=\"text-align: center;\" align=\"center\">5\u00bd<\/td>\n<td style=\"text-align: center;\" align=\"center\">45\u00bd<\/td>\n<td style=\"text-align: center;\" align=\"center\">21<\/td>\n<\/tr>\n<tr>\n<td style=\"text-align: right;\" align=\"right\">5.<\/td>\n<td>Hayessen, Hinrich<\/td>\n<td style=\"text-align: right;\" align=\"right\">1329<\/td>\n<td style=\"text-align: center;\"><\/td>\n<td style=\"text-align: center;\" align=\"center\">5<\/td>\n<td style=\"text-align: center;\" align=\"center\">46<\/td>\n<td style=\"text-align: center;\" align=\"center\">21\u00bc<\/td>\n<\/tr>\n<tr>\n<td style=\"text-align: right;\" align=\"right\">6.<\/td>\n<td>Thei\u00df, Felix<\/td>\n<td style=\"text-align: right;\" align=\"right\">990<\/td>\n<td style=\"text-align: center;\" align=\"center\">J<\/td>\n<td style=\"text-align: center;\" align=\"center\">5<\/td>\n<td style=\"text-align: center;\" align=\"center\">37\u00bd<\/td>\n<td style=\"text-align: center;\" align=\"center\">16<\/td>\n<\/tr>\n<tr>\n<td style=\"text-align: right;\" align=\"right\">7.<\/td>\n<td>Friebe, Erik<\/td>\n<td style=\"text-align: right;\" align=\"right\">799<\/td>\n<td style=\"text-align: center;\" align=\"center\">J<\/td>\n<td style=\"text-align: center;\" align=\"center\">5<\/td>\n<td style=\"text-align: center;\" align=\"center\">33\u00bd<\/td>\n<td style=\"text-align: center;\" align=\"center\">11\u00bd<\/td>\n<\/tr>\n<tr>\n<td style=\"text-align: right;\" align=\"right\">8.<\/td>\n<td>B\u00f6rner, Heinrich<\/td>\n<td style=\"text-align: right;\" align=\"right\">1432<\/td>\n<td style=\"text-align: center;\"><\/td>\n<td style=\"text-align: center;\" align=\"center\">4\u00bd<\/td>\n<td style=\"text-align: center;\" align=\"center\">48<\/td>\n<td style=\"text-align: center;\" align=\"center\">18\u00be<\/td>\n<\/tr>\n<tr>\n<td style=\"text-align: right;\" align=\"right\">9.<\/td>\n<td>Krause, Holger<\/td>\n<td style=\"text-align: right;\" align=\"right\">1270<\/td>\n<td style=\"text-align: center;\"><\/td>\n<td style=\"text-align: center;\" align=\"center\">4\u00bd<\/td>\n<td style=\"text-align: center;\" align=\"center\">38\u00bd<\/td>\n<td style=\"text-align: center;\" align=\"center\">14\u00be<\/td>\n<\/tr>\n<tr>\n<td style=\"text-align: right;\" align=\"right\">10.<\/td>\n<td>Weichsel, Philip<\/td>\n<td style=\"text-align: right;\" align=\"right\">1194<\/td>\n<td style=\"text-align: center;\" align=\"center\">J<\/td>\n<td style=\"text-align: center;\" align=\"center\">4<\/td>\n<td style=\"text-align: center;\" align=\"center\">47<\/td>\n<td style=\"text-align: center;\" align=\"center\">15<\/td>\n<\/tr>\n<tr>\n<td style=\"text-align: right;\" align=\"right\">11.<\/td>\n<td>Ludwig, Dr. Timm<\/td>\n<td style=\"text-align: right;\" align=\"right\">1421<\/td>\n<td style=\"text-align: center;\"><\/td>\n<td style=\"text-align: center;\" align=\"center\">4<\/td>\n<td style=\"text-align: center;\" align=\"center\">38<\/td>\n<td style=\"text-align: center;\" align=\"center\">16\u00bc<\/td>\n<\/tr>\n<tr>\n<td style=\"text-align: right;\" align=\"right\">12.<\/td>\n<td>Herbst, Georg<\/td>\n<td style=\"text-align: right;\" align=\"right\">1038<\/td>\n<td style=\"text-align: center;\"><\/td>\n<td style=\"text-align: center;\" align=\"center\">3<\/td>\n<td style=\"text-align: center;\" align=\"center\">36\u00bd<\/td>\n<td style=\"text-align: center;\" align=\"center\">5\u00bd<\/td>\n<\/tr>\n<tr>\n<td style=\"text-align: right;\" align=\"right\">13.<\/td>\n<td>Bauer, Leonhard<\/td>\n<td style=\"text-align: right;\" align=\"right\">740<\/td>\n<td style=\"text-align: center;\" align=\"center\">J<\/td>\n<td style=\"text-align: center;\" align=\"center\">3<\/td>\n<td style=\"text-align: center;\" align=\"center\">31\u00bd<\/td>\n<td style=\"text-align: center;\" align=\"center\">7<\/td>\n<\/tr>\n<tr>\n<td style=\"text-align: right;\" align=\"right\">14.<\/td>\n<td>Kozik, Klaus<\/td>\n<td style=\"text-align: right;\" align=\"right\">1011<\/td>\n<td style=\"text-align: center;\"><\/td>\n<td style=\"text-align: center;\" align=\"center\">2<\/td>\n<td style=\"text-align: center;\" align=\"center\">35\u00bd<\/td>\n<td style=\"text-align: center;\" align=\"center\">3\u00bd<\/td>\n<\/tr>\n<tr>\n<td style=\"text-align: right;\" align=\"right\">15.<\/td>\n<td>K\u00e4selow, Herbert<\/td>\n<td style=\"text-align: right;\" align=\"right\">944<\/td>\n<td style=\"text-align: center;\"><\/td>\n<td style=\"text-align: center;\" align=\"center\">2<\/td>\n<td style=\"text-align: center;\" align=\"center\">33\u00bd<\/td>\n<td style=\"text-align: center;\" align=\"center\">5\u00bc<\/td>\n<\/tr>\n<tr>\n<td style=\"text-align: right;\" align=\"right\">16.<\/td>\n<td>Bauer, Markus<\/td>\n<td style=\"text-align: right;\" align=\"right\">887<\/td>\n<td style=\"text-align: center;\"><\/td>\n<td style=\"text-align: center;\" align=\"center\">2<\/td>\n<td style=\"text-align: center;\" align=\"center\">33<\/td>\n<td style=\"text-align: center;\" align=\"center\">6<\/td>\n<\/tr>\n<\/tbody>\n<\/table>\n<p>&nbsp;<\/p>\n<p>Paarungen<\/p>\n<table class=\"tournament\">\n<tbody>\n<tr>\n<th colspan=\"2\" align=\"left\"><a name=\"runde1\"><\/a>Runde 1<\/th>\n<td style=\"text-align: right;\" colspan=\"2\" align=\"right\">20. April &#8211; 4. Mai<\/td>\n<\/tr>\n<tr>\n<td>Harms<\/td>\n<td>&#8211;<\/td>\n<td>Weichsel<\/td>\n<td style=\"text-align: center;\">1 : 0<\/td>\n<\/tr>\n<tr>\n<td>Herbst<\/td>\n<td>&#8211;<\/td>\n<td>B\u00f6rner, J.<\/td>\n<td style=\"text-align: center;\">0 : 1<\/td>\n<\/tr>\n<tr>\n<td>Hallensleben<\/td>\n<td>&#8211;<\/td>\n<td>Kozik<\/td>\n<td style=\"text-align: center;\">1 : 0<\/td>\n<\/tr>\n<tr>\n<td>Thei\u00df<\/td>\n<td>&#8211;<\/td>\n<td>B\u00f6rner, H.<\/td>\n<td style=\"text-align: center;\">0 : 1<\/td>\n<\/tr>\n<tr>\n<td>Ludwig<\/td>\n<td>&#8211;<\/td>\n<td>K\u00e4selow<\/td>\n<td style=\"text-align: center;\">1 : 0<\/td>\n<\/tr>\n<tr>\n<td>Bauer, M.<\/td>\n<td>&#8211;<\/td>\n<td>G\u00f6b<\/td>\n<td style=\"text-align: center;\">0 : 1<\/td>\n<\/tr>\n<tr>\n<td>Hayessen<\/td>\n<td>&#8211;<\/td>\n<td>Friebe<\/td>\n<td style=\"text-align: center;\">1 : 0<\/td>\n<\/tr>\n<tr>\n<td>Bauer, L.<\/td>\n<td>&#8211;<\/td>\n<td>Krause<\/td>\n<td style=\"text-align: center;\">0 : 1<\/td>\n<\/tr>\n<tr>\n<td colspan=\"4\" align=\"left\"><\/td>\n<\/tr>\n<tr>\n<th colspan=\"2\" align=\"left\"><a name=\"runde2\"><\/a>Runde 2<\/th>\n<td style=\"text-align: right;\" colspan=\"2\" align=\"right\">11. &#8211; 25. Mai<\/td>\n<\/tr>\n<tr>\n<td>G\u00f6b (1)<\/td>\n<td>&#8211;<\/td>\n<td>Harms (1)<\/td>\n<td style=\"text-align: center;\">0 : 1<\/td>\n<\/tr>\n<tr>\n<td>B\u00f6rner, J. (1)<\/td>\n<td>&#8211;<\/td>\n<td>Ludwig (1)<\/td>\n<td style=\"text-align: center;\">\u00bd : \u00bd<\/td>\n<\/tr>\n<tr>\n<td>Krause (1)<\/td>\n<td>&#8211;<\/td>\n<td>Hallensleben (1)<\/td>\n<td style=\"text-align: center;\">0 : 1<\/td>\n<\/tr>\n<tr>\n<td>B\u00f6rner, H. (1)<\/td>\n<td>&#8211;<\/td>\n<td>Hayessen (1)<\/td>\n<td style=\"text-align: center;\">0 : 1<\/td>\n<\/tr>\n<tr>\n<td>Weichsel (0)<\/td>\n<td>&#8211;<\/td>\n<td>Bauer, M. (0)<\/td>\n<td style=\"text-align: center;\">1 : 0<\/td>\n<\/tr>\n<tr>\n<td>K\u00e4selow (0)<\/td>\n<td>&#8211;<\/td>\n<td>Herbst (0)<\/td>\n<td style=\"text-align: center;\">0 : 1<\/td>\n<\/tr>\n<tr>\n<td>Kozik (0)<\/td>\n<td>&#8211;<\/td>\n<td>Bauer, L. (0)<\/td>\n<td style=\"text-align: center;\">0 : 1<\/td>\n<\/tr>\n<tr>\n<td>Friebe (0)<\/td>\n<td>&#8211;<\/td>\n<td>Thei\u00df (0)<\/td>\n<td style=\"text-align: center;\">0 : 1<\/td>\n<\/tr>\n<tr>\n<td colspan=\"4\" align=\"left\"><\/td>\n<\/tr>\n<tr>\n<th colspan=\"3\" align=\"left\"><a name=\"runde3\"><\/a>Runde 3<\/th>\n<td style=\"text-align: right;\" colspan=\"2\" align=\"right\">1. &#8211; 15. Juni<\/td>\n<\/tr>\n<tr>\n<td>Harms (2)<\/td>\n<td>&#8211;<\/td>\n<td>Hallensleben (2)<\/td>\n<td style=\"text-align: center;\">\u00bd : \u00bd<\/td>\n<\/tr>\n<tr>\n<td>Hayessen (2)<\/td>\n<td>&#8211;<\/td>\n<td>B\u00f6rner, J. (1\u00bd)<\/td>\n<td style=\"text-align: center;\">\u00bd : \u00bd<\/td>\n<\/tr>\n<tr>\n<td>Ludwig (1\u00bd)<\/td>\n<td>&#8211;<\/td>\n<td>B\u00f6rner, H. (1)<\/td>\n<td style=\"text-align: center;\">0 : 1<\/td>\n<\/tr>\n<tr>\n<td>Herbst (1)<\/td>\n<td>&#8211;<\/td>\n<td>G\u00f6b (1)<\/td>\n<td style=\"text-align: center;\">0 : 1<\/td>\n<\/tr>\n<tr>\n<td>Thei\u00df (1)<\/td>\n<td>&#8211;<\/td>\n<td>Krause (1)<\/td>\n<td style=\"text-align: center;\">1 : 0<\/td>\n<\/tr>\n<tr>\n<td>Bauer, L. (1)<\/td>\n<td>&#8211;<\/td>\n<td>Weichsel (1)<\/td>\n<td style=\"text-align: center;\">0 : 1<\/td>\n<\/tr>\n<tr>\n<td>Bauer, M. (0)<\/td>\n<td>&#8211;<\/td>\n<td>Kozik (0)<\/td>\n<td style=\"text-align: center;\">0 : 1<\/td>\n<\/tr>\n<tr>\n<td>Friebe (0)<\/td>\n<td>&#8211;<\/td>\n<td>K\u00e4selow (0)<\/td>\n<td style=\"text-align: center;\">1 : 0<\/td>\n<\/tr>\n<tr>\n<td colspan=\"4\" align=\"left\"><\/td>\n<\/tr>\n<tr>\n<th colspan=\"3\" align=\"left\"><a name=\"runde4\"><\/a>Runde 4<\/th>\n<td style=\"text-align: right;\" colspan=\"2\" align=\"right\">29. Juni &#8211; 13. Juli<\/td>\n<\/tr>\n<tr>\n<td>Hallensleben (2\u00bd)<\/td>\n<td>&#8211;<\/td>\n<td>Hayessen (2\u00bd)<\/td>\n<td style=\"text-align: center;\">1 : 0<\/td>\n<\/tr>\n<tr>\n<td>B\u00f6rner, J. (2)<\/td>\n<td>&#8211;<\/td>\n<td>Harms (2\u00bd)<\/td>\n<td style=\"text-align: center;\">1 : 0<\/td>\n<\/tr>\n<tr>\n<td>B\u00f6rner, H. (2)<\/td>\n<td>&#8211;<\/td>\n<td>Weichsel (2)<\/td>\n<td style=\"text-align: center;\">1 : 0<\/td>\n<\/tr>\n<tr>\n<td>G\u00f6b (2)<\/td>\n<td>&#8211;<\/td>\n<td>Thei\u00df (2)<\/td>\n<td style=\"text-align: center;\">1 : 0<\/td>\n<\/tr>\n<tr>\n<td>Krause (1)<\/td>\n<td>&#8211;<\/td>\n<td>Ludwig (1\u00bd)<\/td>\n<td style=\"text-align: center;\">\u00bd : \u00bd<\/td>\n<\/tr>\n<tr>\n<td>Bauer, L. (1)<\/td>\n<td>&#8211;<\/td>\n<td>Herbst (1)<\/td>\n<td style=\"text-align: center;\">1 : 0<\/td>\n<\/tr>\n<tr>\n<td>Kozik (1)<\/td>\n<td>&#8211;<\/td>\n<td>Friebe (1)<\/td>\n<td style=\"text-align: center;\">0 : 1<\/td>\n<\/tr>\n<tr>\n<td>K\u00e4selow (0)<\/td>\n<td>&#8211;<\/td>\n<td>Bauer, M. (0)<\/td>\n<td style=\"text-align: center;\">0 : 1<\/td>\n<\/tr>\n<tr>\n<td colspan=\"4\" align=\"left\"><\/td>\n<\/tr>\n<tr>\n<th colspan=\"3\" align=\"left\"><a name=\"runde5\"><\/a>Runde 5<\/th>\n<td style=\"text-align: right;\" colspan=\"2\" align=\"right\">20. Juli &#8211; 3. August<\/td>\n<\/tr>\n<tr>\n<td>Hallensleben (3\u00bd)<\/td>\n<td>&#8211;<\/td>\n<td>G\u00f6b (3)<\/td>\n<td style=\"text-align: center;\">1 : 0<\/td>\n<\/tr>\n<tr>\n<td>B\u00f6rner, H. (3)<\/td>\n<td>&#8211;<\/td>\n<td>B\u00f6rner, J. (3)<\/td>\n<td style=\"text-align: center;\">0 : 1<\/td>\n<\/tr>\n<tr>\n<td>Harms (2\u00bd)<\/td>\n<td>&#8211;<\/td>\n<td>Hayessen (2\u00bd)<\/td>\n<td style=\"text-align: center;\">1 : 0<\/td>\n<\/tr>\n<tr>\n<td>Ludwig (2)<\/td>\n<td>&#8211;<\/td>\n<td>Bauer, L. (2)<\/td>\n<td style=\"text-align: center;\">1 : 0<\/td>\n<\/tr>\n<tr>\n<td>Weichsel (2)<\/td>\n<td>&#8211;<\/td>\n<td>Thei\u00df (2)<\/td>\n<td style=\"text-align: center;\">1 : 0<\/td>\n<\/tr>\n<tr>\n<td>Friebe (2)<\/td>\n<td>&#8211;<\/td>\n<td>Krause (1\u00bd)<\/td>\n<td style=\"text-align: center;\">0 : 1<\/td>\n<\/tr>\n<tr>\n<td>Herbst (1)<\/td>\n<td>&#8211;<\/td>\n<td>Bauer, M. (1)<\/td>\n<td style=\"text-align: center;\">1 : 0<\/td>\n<\/tr>\n<tr>\n<td>K\u00e4selow (0)<\/td>\n<td>&#8211;<\/td>\n<td>Kozik (1)<\/td>\n<td style=\"text-align: center;\">0 : 1<\/td>\n<\/tr>\n<tr>\n<td colspan=\"4\" align=\"left\"><\/td>\n<\/tr>\n<tr>\n<th colspan=\"3\" align=\"left\"><a name=\"runde6\"><\/a>Runde 6<\/th>\n<td style=\"text-align: right;\" colspan=\"2\" align=\"right\">10. &#8211; 24. August<\/td>\n<\/tr>\n<tr>\n<td>B\u00f6rner, J. (4)<\/td>\n<td>&#8211;<\/td>\n<td>Hallensleben (4\u00bd)<\/td>\n<td style=\"text-align: center;\">1 : 0<\/td>\n<\/tr>\n<tr>\n<td>Harms (3\u00bd)<\/td>\n<td>&#8211;<\/td>\n<td>B\u00f6rner, H. (3)<\/td>\n<td style=\"text-align: center;\">1 : 0<\/td>\n<\/tr>\n<tr>\n<td>G\u00f6b (3)<\/td>\n<td>&#8211;<\/td>\n<td>Weichsel (3)<\/td>\n<td style=\"text-align: center;\">1 : 0<\/td>\n<\/tr>\n<tr>\n<td>Hayessen (2\u00bd)<\/td>\n<td>&#8211;<\/td>\n<td>Herbst (2)<\/td>\n<td style=\"text-align: center;\">1 : 0<\/td>\n<\/tr>\n<tr>\n<td>Thei\u00df (2)<\/td>\n<td>&#8211;<\/td>\n<td>Kozik (2)<\/td>\n<td style=\"text-align: center;\">1 : 0<\/td>\n<\/tr>\n<tr>\n<td>Bauer, L. (2)<\/td>\n<td>&#8211;<\/td>\n<td>Friebe (2)<\/td>\n<td style=\"text-align: center;\">0 : 1<\/td>\n<\/tr>\n<tr>\n<td>Bauer, M. (1)<\/td>\n<td>&#8211;<\/td>\n<td>Krause (2\u00bd)<\/td>\n<td style=\"text-align: center;\">1 : 1<\/td>\n<\/tr>\n<tr>\n<td>spielfrei<\/td>\n<td>&#8211;<\/td>\n<td>K\u00e4selow (0)<\/td>\n<td style=\"text-align: center;\">&#8211; : +<\/td>\n<\/tr>\n<tr>\n<td colspan=\"4\" align=\"left\"><\/td>\n<\/tr>\n<tr>\n<th colspan=\"3\" align=\"left\"><a name=\"runde7\"><\/a>Runde 7<\/th>\n<td style=\"text-align: right;\" colspan=\"2\" align=\"right\">31. August &#8211; 14. September<\/td>\n<\/tr>\n<tr>\n<td>G\u00f6b (4)<\/td>\n<td>&#8211;<\/td>\n<td>B\u00f6rner, J. (5)<\/td>\n<td style=\"text-align: center;\">0 : 1<\/td>\n<\/tr>\n<tr>\n<td>Friebe (3)<\/td>\n<td>&#8211;<\/td>\n<td>Harms (4\u00bd)<\/td>\n<td style=\"text-align: center;\">0 : 1<\/td>\n<\/tr>\n<tr>\n<td>Hallensleben (4\u00bd)<\/td>\n<td>&#8211;<\/td>\n<td>Ludwig (3)<\/td>\n<td style=\"text-align: center;\">+ : &#8211;<\/td>\n<\/tr>\n<tr>\n<td>Weichsel (3)<\/td>\n<td>&#8211;<\/td>\n<td>Hayessen (3\u00bd)<\/td>\n<td style=\"text-align: center;\">1 : 0<\/td>\n<\/tr>\n<tr>\n<td>B\u00f6rner, H. (3)<\/td>\n<td>&#8211;<\/td>\n<td>Bauer, M. (2)<\/td>\n<td style=\"text-align: center;\">1 : 0<\/td>\n<\/tr>\n<tr>\n<td>Thei\u00df (3)<\/td>\n<td>&#8211;<\/td>\n<td>Bauer, L. (2)<\/td>\n<td style=\"text-align: center;\">1 : 0<\/td>\n<\/tr>\n<tr>\n<td>Krause (2\u00bd)<\/td>\n<td>&#8211;<\/td>\n<td>K\u00e4selow (1)<\/td>\n<td style=\"text-align: center;\">1 : 0<\/td>\n<\/tr>\n<tr>\n<td>Kozik (2)<\/td>\n<td>&#8211;<\/td>\n<td>Herbst (2)<\/td>\n<td style=\"text-align: center;\">0 : 1<\/td>\n<\/tr>\n<tr>\n<td colspan=\"4\" align=\"left\"><\/td>\n<\/tr>\n<tr>\n<th colspan=\"3\" align=\"left\"><a name=\"runde8\"><\/a>Runde 8<\/th>\n<td style=\"text-align: right;\" colspan=\"2\" align=\"right\">21. September &#8211; 5. Oktober<\/td>\n<\/tr>\n<tr>\n<td>B\u00f6rner, J. (6)<\/td>\n<td>&#8211;<\/td>\n<td>Weichsel (4)<\/td>\n<td style=\"text-align: center;\">1 : 0<\/td>\n<\/tr>\n<tr>\n<td>Harms (5\u00bd)<\/td>\n<td>&#8211;<\/td>\n<td>Thei\u00df (4)<\/td>\n<td style=\"text-align: center;\">1 : 0<\/td>\n<\/tr>\n<tr>\n<td>Hallensleben (5\u00bd)<\/td>\n<td>&#8211;<\/td>\n<td>B\u00f6rner, H. (4)<\/td>\n<td style=\"text-align: center;\">\u00bd : \u00bd<\/td>\n<\/tr>\n<tr>\n<td>Hayessen (3\u00bd)<\/td>\n<td>&#8211;<\/td>\n<td>G\u00f6b (4)<\/td>\n<td style=\"text-align: center;\">\u00bd : \u00bd<\/td>\n<\/tr>\n<tr>\n<td>Herbst (3)<\/td>\n<td>&#8211;<\/td>\n<td>Krause (3\u00bd)<\/td>\n<td style=\"text-align: center;\">0 : 1<\/td>\n<\/tr>\n<tr>\n<td>Kozik (2)<\/td>\n<td>&#8211;<\/td>\n<td>Ludwig (3)<\/td>\n<td style=\"text-align: center;\">0 : 1<\/td>\n<\/tr>\n<tr>\n<td>Bauer, M. (2)<\/td>\n<td>&#8211;<\/td>\n<td>Friebe (3)<\/td>\n<td style=\"text-align: center;\">0 : 1<\/td>\n<\/tr>\n<tr>\n<td>K\u00e4selow (1)<\/td>\n<td>&#8211;<\/td>\n<td>Bauer, L. (2)<\/td>\n<td style=\"text-align: center;\">1 : 0<\/td>\n<\/tr>\n<tr>\n<td colspan=\"4\" align=\"left\"><\/td>\n<\/tr>\n<tr>\n<th colspan=\"3\" align=\"left\"><a name=\"runde9\"><\/a>Runde 9<\/th>\n<td style=\"text-align: right;\" colspan=\"2\" align=\"right\">12. &#8211; 26. Oktober<\/td>\n<\/tr>\n<tr>\n<td>Krause (4\u00bd)<\/td>\n<td>&#8211;<\/td>\n<td>B\u00f6rner, J. (7)<\/td>\n<td style=\"text-align: center;\">0 : 1<\/td>\n<\/tr>\n<tr>\n<td>Ludwig (4)<\/td>\n<td>&#8211;<\/td>\n<td>Harms (6\u00bd)<\/td>\n<td style=\"text-align: center;\">0 : 1<\/td>\n<\/tr>\n<tr>\n<td>Weichsel (4)<\/td>\n<td>&#8211;<\/td>\n<td>Hallensleben (6)<\/td>\n<td style=\"text-align: center;\">0 : 1<\/td>\n<\/tr>\n<tr>\n<td>B\u00f6rner, H. (4\u00bd)<\/td>\n<td>&#8211;<\/td>\n<td>G\u00f6b (4\u00bd)<\/td>\n<td style=\"text-align: center;\">0 : 1<\/td>\n<\/tr>\n<tr>\n<td>Friebe (4)<\/td>\n<td>&#8211;<\/td>\n<td>Herbst (3)<\/td>\n<td style=\"text-align: center;\">1 : 0<\/td>\n<\/tr>\n<tr>\n<td>Hayessen (4)<\/td>\n<td>&#8211;<\/td>\n<td>Kozik (2)<\/td>\n<td style=\"text-align: center;\">1 : 0<\/td>\n<\/tr>\n<tr>\n<td>Thei\u00df (4)<\/td>\n<td>&#8211;<\/td>\n<td>K\u00e4selow (2)<\/td>\n<td style=\"text-align: center;\">1 : 0<\/td>\n<\/tr>\n<tr>\n<td>Bauer, L. (2)<\/td>\n<td>&#8211;<\/td>\n<td>Bauer, M. (2)<\/td>\n<td style=\"text-align: center;\">1 : 0<\/td>\n<\/tr>\n<\/tbody>\n<\/table>\n<p>&nbsp;<\/p>\n<p>Aussschreibung<\/p>\n<ul style=\"font-size: small;\">\n<li>9 Runden nach Schweizer System<\/li>\n<li>!!! 90 Minuten Bedenkzeit pro Spieler und Partie zzgl. 20 Sekunden pro Zug !!!<br \/>\n(Modus 18, 1. Anzeige je auf 1:30 stellen, die 2. Anzeige auf 0:20)<\/li>\n<li>Notationspflicht bis zum Ende der Partie<\/li>\n<li>DWZ-Auswertung<\/li>\n<li>pro Runde 3 Wochen Zeit<\/li>\n<li>Nach Rundenansetzung nehmt bitte immer (!) Kontakt zu Eurem Spielpartner auf und verabredet einen Termin.<\/li>\n<li>VMS-Partien finden im hinteren Teil des Raumes statt.<\/li>\n<li>Man darf sich auch unter der Woche zum Spielen verabreden.<\/li>\n<li>Der Gewinner meldet das Ergebnis (bei einem Remis meldet Wei\u00df).<\/li>\n<li>Eine Telefonliste liegt im Sporthotel aus und wurde zudem jeden Teilnehmer geschickt.<\/li>\n<li>Empfehlung: Startet die Partien kurz vor 19 Uhr. Dann ist das Jugendtraining fast vorbei und der Ger\u00e4uschpegel sinkt langsam. Fangt nicht zu sp\u00e4t an, der Gastwirt will auch Feierabend machen.<br \/>\nBei Partien gegen Jugendliche achtet auf einen fr\u00fchzeitigeren Beginn!<\/li>\n<li>Grundlage sind die FIDE-Schachregeln (Ausnahme Mobiltelefone: Regelung siehe <a href=\"http:\/\/www.schachbezirk4.de\/satzung\/BTO.pdf\" target=\"_top\">Bezirksturnierordnung<\/a> 9.8).<\/li>\n<li>Zwischenst\u00e4nde, Auslosungen etc. sind auch auf unserer <a href=\"vms.html\">Homepage<\/a> einzusehen.<\/li>\n<li>Es empfiehlt sich, die Partie (gemeinsam) nachzuspielen. Dazu k\u00f6nnt Ihr den Laptop nutzen. Analysiert Ihr die Partie erst zu Hause am PC, so schickt die Analyse doch auch Eurem Spielpartner.<\/li>\n<li>Bitte unterlasst das Anbieten fr\u00fchzeitiger Remis. Die VMS dient v.a. unserer Spielpraxis. Ein Remis l\u00e4sst meist offene Fragen auf dem Brett zur\u00fcck&#8230; was w\u00e4re wenn&#8230; spielt es doch einfach bis zum Schluss aus, dann er\u00fcbrigt sich die Frage.<\/li>\n<li>Spielplan (Beginn der Runden):<br \/>\n1. Runde: 20.04.2012<br \/>\n2. Runde: 11.05.2012<br \/>\n3. Runde: 01.06.2012<br \/>\n4. Runde: 22.06.2012<br \/>\n5. Runde: 20.07.2012<br \/>\n6. Runde: 10.08.2012<br \/>\n7. Runde: 31.08.2012<br \/>\n8. Runde: 21.09.2012<br \/>\n9. Runde: 12.10.2012<br \/>\nEnde der 9. Runde am 26.10.2012<\/li>\n<\/ul>\n<p style=\"font-size: small;\">Aller aller aller sp\u00e4testens einen Tag!!! vor Ansetzung der n\u00e4chsten Runde muss mir das Ergebnis telefonisch oder per E-Mail mitgeteilt werden. Findet eine Partie so sp\u00e4t statt, so informiert mich bitte. Spielt fair und lasst es bitte nicht zu Streitf\u00e4llen kommen! In meiner Abwesenheit \u00fcbernimmt der Spieler mit der h\u00f6chsten DWZ die Schiedsrichterfunktion.<\/p>\n<p style=\"font-size: small;\">Viel Spa\u00df und viel Erfolg!<br \/>\n<em>Friedjof<\/em><\/p>\n","protected":false},"excerpt":{"rendered":"<p>Tabelle nach der 9. Runde Rang Teilnehmer DWZ Attr. Punkte Buch. SoBerg 1. B\u00f6rner, Joachim 1637 8 45 40\u00bc 2. Harms, Friedjof 1731 7\u00bd 48 36\u00be 3. Hallensleben, Gerhard 1548 7 45 29 4. G\u00f6b, Helmut 1354 5\u00bd 45\u00bd 21 5. Hayessen, Hinrich 1329 5 46 21\u00bc 6. Thei\u00df, Felix 990 J 5 37\u00bd 16 &hellip; <a href=\"https:\/\/www.sv-bad-bevensen.de\/?page_id=2144\" class=\"more-link\"><span class=\"screen-reader-text\">Vereinsmeisterschaft 2012<\/span> weiterlesen<\/a><\/p>\n","protected":false},"author":1,"featured_media":0,"parent":2142,"menu_order":1,"comment_status":"closed","ping_status":"closed","template":"","meta":{"ngg_post_thumbnail":0,"footnotes":""},"class_list":["post-2144","page","type-page","status-publish","hentry"],"_links":{"self":[{"href":"https:\/\/www.sv-bad-bevensen.de\/index.php?rest_route=\/wp\/v2\/pages\/2144","targetHints":{"allow":["GET"]}}],"collection":[{"href":"https:\/\/www.sv-bad-bevensen.de\/index.php?rest_route=\/wp\/v2\/pages"}],"about":[{"href":"https:\/\/www.sv-bad-bevensen.de\/index.php?rest_route=\/wp\/v2\/types\/page"}],"author":[{"embeddable":true,"href":"https:\/\/www.sv-bad-bevensen.de\/index.php?rest_route=\/wp\/v2\/users\/1"}],"replies":[{"embeddable":true,"href":"https:\/\/www.sv-bad-bevensen.de\/index.php?rest_route=%2Fwp%2Fv2%2Fcomments&post=2144"}],"version-history":[{"count":0,"href":"https:\/\/www.sv-bad-bevensen.de\/index.php?rest_route=\/wp\/v2\/pages\/2144\/revisions"}],"up":[{"embeddable":true,"href":"https:\/\/www.sv-bad-bevensen.de\/index.php?rest_route=\/wp\/v2\/pages\/2142"}],"wp:attachment":[{"href":"https:\/\/www.sv-bad-bevensen.de\/index.php?rest_route=%2Fwp%2Fv2%2Fmedia&parent=2144"}],"curies":[{"name":"wp","href":"https:\/\/api.w.org\/{rel}","templated":true}]}}