{"id":20553,"date":"2025-05-23T14:41:35","date_gmt":"2025-05-23T13:41:35","guid":{"rendered":"https:\/\/www.sv-bad-bevensen.de\/?page_id=20553"},"modified":"2025-05-23T14:42:25","modified_gmt":"2025-05-23T13:42:25","slug":"vereinsmeisterschaft-2025-2","status":"publish","type":"page","link":"https:\/\/www.sv-bad-bevensen.de\/?page_id=20553","title":{"rendered":"Vereinsmeisterschaft 2025"},"content":{"rendered":"<p><strong>Teilnehmer<\/strong><\/p>\n<table class=\"tournament\" style=\"width: 100%;\">\n<thead>\n<tr bgcolor=\"#c0c0c0\">\n<th style=\"width: 15.371025%;\">TlnNr<\/th>\n<th style=\"width: 41.872792%;\">Teilnehmer<\/th>\n<th style=\"width: 13.074205%;\">TWZ<\/th>\n<th style=\"width: 11.837456%;\">Attr<\/th>\n<th style=\"width: 17.844523%;\">Geburt<\/th>\n<\/tr>\n<tr>\n<td style=\"width: 15.371025%;\">1<\/td>\n<td style=\"width: 41.872792%;\">Mishchenko,Serhii<\/td>\n<td style=\"width: 13.074205%;\">1949<\/td>\n<td style=\"width: 11.837456%;\">&nbsp;<\/td>\n<td style=\"width: 17.844523%;\">1956<\/td>\n<\/tr>\n<tr>\n<td style=\"width: 15.371025%;\">2<\/td>\n<td style=\"width: 41.872792%;\">Harms,Friedjof<\/td>\n<td style=\"width: 13.074205%;\">1866<\/td>\n<td style=\"width: 11.837456%;\">&nbsp;<\/td>\n<td style=\"width: 17.844523%;\">1987<\/td>\n<\/tr>\n<tr>\n<td style=\"width: 15.371025%;\">3<\/td>\n<td style=\"width: 41.872792%;\">Eichler,Gottfried<\/td>\n<td style=\"width: 13.074205%;\">1836<\/td>\n<td style=\"width: 11.837456%;\">&nbsp;<\/td>\n<td style=\"width: 17.844523%;\">1951<\/td>\n<\/tr>\n<tr>\n<td style=\"width: 15.371025%;\">4<\/td>\n<td style=\"width: 41.872792%;\">Kozik,Andreas<\/td>\n<td style=\"width: 13.074205%;\">1833<\/td>\n<td style=\"width: 11.837456%;\">&nbsp;<\/td>\n<td style=\"width: 17.844523%;\">1976<\/td>\n<\/tr>\n<tr>\n<td style=\"width: 15.371025%;\">5<\/td>\n<td style=\"width: 41.872792%;\">Papenfu\u00df,Kai<\/td>\n<td style=\"width: 13.074205%;\">1793<\/td>\n<td style=\"width: 11.837456%;\">&nbsp;<\/td>\n<td style=\"width: 17.844523%;\">1964<\/td>\n<\/tr>\n<tr>\n<td style=\"width: 15.371025%;\">6<\/td>\n<td style=\"width: 41.872792%;\">B\u00fcrgener,Richard<\/td>\n<td style=\"width: 13.074205%;\">1789<\/td>\n<td style=\"width: 11.837456%;\">J<\/td>\n<td style=\"width: 17.844523%;\">2011<\/td>\n<\/tr>\n<tr>\n<td style=\"width: 15.371025%;\">7<\/td>\n<td style=\"width: 41.872792%;\">Weidner,Bernhard<\/td>\n<td style=\"width: 13.074205%;\">1746<\/td>\n<td style=\"width: 11.837456%;\">&nbsp;<\/td>\n<td style=\"width: 17.844523%;\">1950<\/td>\n<\/tr>\n<tr>\n<td style=\"width: 15.371025%;\">8<\/td>\n<td style=\"width: 41.872792%;\">Labitzki,Marek<\/td>\n<td style=\"width: 13.074205%;\">1722<\/td>\n<td style=\"width: 11.837456%;\">&nbsp;<\/td>\n<td style=\"width: 17.844523%;\">2005<\/td>\n<\/tr>\n<tr>\n<td style=\"width: 15.371025%;\">9<\/td>\n<td style=\"width: 41.872792%;\">G\u00f6be,Thomas<\/td>\n<td style=\"width: 13.074205%;\">1697<\/td>\n<td style=\"width: 11.837456%;\">&nbsp;<\/td>\n<td style=\"width: 17.844523%;\">1978<\/td>\n<\/tr>\n<tr>\n<td style=\"width: 15.371025%;\">10<\/td>\n<td style=\"width: 41.872792%;\">Kruppa,Nils<\/td>\n<td style=\"width: 13.074205%;\">1611<\/td>\n<td style=\"width: 11.837456%;\">&nbsp;<\/td>\n<td style=\"width: 17.844523%;\">2005<\/td>\n<\/tr>\n<tr>\n<td style=\"width: 15.371025%;\">11<\/td>\n<td style=\"width: 41.872792%;\">Warns,Harald<\/td>\n<td style=\"width: 13.074205%;\">1610<\/td>\n<td style=\"width: 11.837456%;\">&nbsp;<\/td>\n<td style=\"width: 17.844523%;\">1958<\/td>\n<\/tr>\n<tr>\n<td style=\"width: 15.371025%;\">12<\/td>\n<td style=\"width: 41.872792%;\">Reimers,Malte<\/td>\n<td style=\"width: 13.074205%;\">1564<\/td>\n<td style=\"width: 11.837456%;\">J<\/td>\n<td style=\"width: 17.844523%;\">2007<\/td>\n<\/tr>\n<tr>\n<td style=\"width: 15.371025%;\">13<\/td>\n<td style=\"width: 41.872792%;\">Dettmann,Dominik<\/td>\n<td style=\"width: 13.074205%;\">1564<\/td>\n<td style=\"width: 11.837456%;\">&nbsp;<\/td>\n<td style=\"width: 17.844523%;\">2000<\/td>\n<\/tr>\n<tr>\n<td style=\"width: 15.371025%;\">14<\/td>\n<td style=\"width: 41.872792%;\">Witzel,Markus<\/td>\n<td style=\"width: 13.074205%;\">1512<\/td>\n<td style=\"width: 11.837456%;\">&nbsp;<\/td>\n<td style=\"width: 17.844523%;\">1987<\/td>\n<\/tr>\n<tr>\n<td style=\"width: 15.371025%;\">15<\/td>\n<td style=\"width: 41.872792%;\">Ziegler,Martin<\/td>\n<td style=\"width: 13.074205%;\">1494<\/td>\n<td style=\"width: 11.837456%;\">&nbsp;<\/td>\n<td style=\"width: 17.844523%;\">1972<\/td>\n<\/tr>\n<tr>\n<td style=\"width: 15.371025%;\">16<\/td>\n<td style=\"width: 41.872792%;\">Krause,Holger<\/td>\n<td style=\"width: 13.074205%;\">1476<\/td>\n<td style=\"width: 11.837456%;\">&nbsp;<\/td>\n<td style=\"width: 17.844523%;\">1973<\/td>\n<\/tr>\n<tr>\n<td style=\"width: 15.371025%;\">17<\/td>\n<td style=\"width: 41.872792%;\">B\u00f6rner,Heinrich<\/td>\n<td style=\"width: 13.074205%;\">1355<\/td>\n<td style=\"width: 11.837456%;\">&nbsp;<\/td>\n<td style=\"width: 17.844523%;\">1929<\/td>\n<\/tr>\n<tr>\n<td style=\"width: 15.371025%;\">18<\/td>\n<td style=\"width: 41.872792%;\">Tute,Leon<\/td>\n<td style=\"width: 13.074205%;\">1332<\/td>\n<td style=\"width: 11.837456%;\">J<\/td>\n<td style=\"width: 17.844523%;\">2008<\/td>\n<\/tr>\n<tr>\n<td style=\"width: 15.371025%;\">19<\/td>\n<td style=\"width: 41.872792%;\">Renken,Olaf<\/td>\n<td style=\"width: 13.074205%;\">1278<\/td>\n<td style=\"width: 11.837456%;\">&nbsp;<\/td>\n<td style=\"width: 17.844523%;\">2004<\/td>\n<\/tr>\n<tr>\n<td style=\"width: 15.371025%;\">20<\/td>\n<td style=\"width: 41.872792%;\">B\u00fcrgener,Axel<\/td>\n<td style=\"width: 13.074205%;\">1187<\/td>\n<td style=\"width: 11.837456%;\">&nbsp;<\/td>\n<td style=\"width: 17.844523%;\">1970<\/td>\n<\/tr>\n<tr>\n<td style=\"width: 15.371025%;\">21<\/td>\n<td style=\"width: 41.872792%;\">Komolska,Klaus<\/td>\n<td style=\"width: 13.074205%;\">1150<\/td>\n<td style=\"width: 11.837456%;\">&nbsp;<\/td>\n<td style=\"width: 17.844523%;\">1961<\/td>\n<\/tr>\n<tr>\n<td style=\"width: 15.371025%;\">22<\/td>\n<td style=\"width: 41.872792%;\">Herbst,Georg<\/td>\n<td style=\"width: 13.074205%;\">1141<\/td>\n<td style=\"width: 11.837456%;\">&nbsp;<\/td>\n<td style=\"width: 17.844523%;\">1949<\/td>\n<\/tr>\n<tr>\n<td style=\"width: 15.371025%;\">23<\/td>\n<td style=\"width: 41.872792%;\">Ebinger,J\u00f6rg<\/td>\n<td style=\"width: 13.074205%;\">1114<\/td>\n<td style=\"width: 11.837456%;\">&nbsp;<\/td>\n<td style=\"width: 17.844523%;\">1962<\/td>\n<\/tr>\n<tr>\n<td style=\"width: 15.371025%;\">24<\/td>\n<td style=\"width: 41.872792%;\">Hohlbein,Alexander<\/td>\n<td style=\"width: 13.074205%;\">1087<\/td>\n<td style=\"width: 11.837456%;\">J<\/td>\n<td style=\"width: 17.844523%;\">2010<\/td>\n<\/tr>\n<tr>\n<td style=\"width: 15.371025%;\">25<\/td>\n<td style=\"width: 41.872792%;\">Bielke,Fabian<\/td>\n<td style=\"width: 13.074205%;\">1030<\/td>\n<td style=\"width: 11.837456%;\">&nbsp;<\/td>\n<td style=\"width: 17.844523%;\">2005<\/td>\n<\/tr>\n<tr>\n<td style=\"width: 15.371025%;\">26<\/td>\n<td style=\"width: 41.872792%;\">Schulz,Ben-Theo<\/td>\n<td style=\"width: 13.074205%;\">837<\/td>\n<td style=\"width: 11.837456%;\">J<\/td>\n<td style=\"width: 17.844523%;\">2007<\/td>\n<\/tr>\n<tr>\n<td style=\"width: 15.371025%;\">27<\/td>\n<td style=\"width: 41.872792%;\">Yakymchuk,Denys<\/td>\n<td style=\"width: 13.074205%;\">&nbsp;<\/td>\n<td style=\"width: 11.837456%;\">J<\/td>\n<td style=\"width: 17.844523%;\">2008<\/td>\n<\/tr>\n<tr>\n<td style=\"width: 15.371025%;\">28<\/td>\n<td style=\"width: 41.872792%;\">K\u00fchl,Marvin<\/td>\n<td style=\"width: 13.074205%;\">&nbsp;<\/td>\n<td style=\"width: 11.837456%;\">&nbsp;<\/td>\n<td style=\"width: 17.844523%;\">1999<\/td>\n<\/tr>\n<\/thead>\n<\/table>\n<p><a href=\"https:\/\/www.sv-bad-bevensen.de\/wp-content\/uploads\/2025\/05\/Teilnehmerliste.pdf\">Liste im PDF-Format<\/a><\/p>\n","protected":false},"excerpt":{"rendered":"<p>Teilnehmer TlnNr Teilnehmer TWZ Attr Geburt 1 Mishchenko,Serhii 1949 &nbsp; 1956 2 Harms,Friedjof 1866 &nbsp; 1987 3 Eichler,Gottfried 1836 &nbsp; 1951 4 Kozik,Andreas 1833 &nbsp; 1976 5 Papenfu\u00df,Kai 1793 &nbsp; 1964 6 B\u00fcrgener,Richard 1789 J 2011 7 Weidner,Bernhard 1746 &nbsp; 1950 8 Labitzki,Marek 1722 &nbsp; 2005 9 G\u00f6be,Thomas 1697 &nbsp; 1978 10 Kruppa,Nils 1611 &nbsp; &hellip; <a href=\"https:\/\/www.sv-bad-bevensen.de\/?page_id=20553\" class=\"more-link\"><span class=\"screen-reader-text\">Vereinsmeisterschaft 2025<\/span> weiterlesen<\/a><\/p>\n","protected":false},"author":26,"featured_media":0,"parent":20541,"menu_order":1,"comment_status":"closed","ping_status":"closed","template":"","meta":{"ngg_post_thumbnail":0,"footnotes":""},"class_list":["post-20553","page","type-page","status-publish","hentry"],"_links":{"self":[{"href":"https:\/\/www.sv-bad-bevensen.de\/index.php?rest_route=\/wp\/v2\/pages\/20553","targetHints":{"allow":["GET"]}}],"collection":[{"href":"https:\/\/www.sv-bad-bevensen.de\/index.php?rest_route=\/wp\/v2\/pages"}],"about":[{"href":"https:\/\/www.sv-bad-bevensen.de\/index.php?rest_route=\/wp\/v2\/types\/page"}],"author":[{"embeddable":true,"href":"https:\/\/www.sv-bad-bevensen.de\/index.php?rest_route=\/wp\/v2\/users\/26"}],"replies":[{"embeddable":true,"href":"https:\/\/www.sv-bad-bevensen.de\/index.php?rest_route=%2Fwp%2Fv2%2Fcomments&post=20553"}],"version-history":[{"count":2,"href":"https:\/\/www.sv-bad-bevensen.de\/index.php?rest_route=\/wp\/v2\/pages\/20553\/revisions"}],"predecessor-version":[{"id":20556,"href":"https:\/\/www.sv-bad-bevensen.de\/index.php?rest_route=\/wp\/v2\/pages\/20553\/revisions\/20556"}],"up":[{"embeddable":true,"href":"https:\/\/www.sv-bad-bevensen.de\/index.php?rest_route=\/wp\/v2\/pages\/20541"}],"wp:attachment":[{"href":"https:\/\/www.sv-bad-bevensen.de\/index.php?rest_route=%2Fwp%2Fv2%2Fmedia&parent=20553"}],"curies":[{"name":"wp","href":"https:\/\/api.w.org\/{rel}","templated":true}]}}