{"id":20543,"date":"2025-05-23T14:20:40","date_gmt":"2025-05-23T13:20:40","guid":{"rendered":"https:\/\/www.sv-bad-bevensen.de\/?page_id=20543"},"modified":"2025-05-23T14:23:09","modified_gmt":"2025-05-23T13:23:09","slug":"vereinsmeisterschaft-2025","status":"publish","type":"page","link":"https:\/\/www.sv-bad-bevensen.de\/?page_id=20543","title":{"rendered":"Vereinsmeisterschaft 2025"},"content":{"rendered":"<p><strong>Ausschreibung<\/strong>&nbsp;<\/p>\n<p>&#8211; 9 Runden nach Schweizer System<br \/>\n&#8211; 90 Minuten Bedenkzeit pro Spieler und Partie zzgl. 30 Sekunden pro Zug<br \/>\n&#8211; Notationspflicht bis zum Ende der Partie<br \/>\n&#8211; DWZ-Auswertung<br \/>\n&#8211; 3 Wochen Zeit pro Runde<br \/>\n&#8211; Anmeldeschluss: Do. 22.05.2025<br \/>\n&#8211; Je Runde gibt es einen Haupttermin (Achtung!!! &#8211; \u00c4nderungen im Spielplan sind jederzeit m\u00f6glich).<\/p>\n<p>1. Runde: 30.05.2025<br \/>\n2. Runde: 20.06.2025<br \/>\n3. Runde: 11.07.2025<br \/>\n4. Runde: 01.08.2025<br \/>\n5. Runde: 22.08.2025<br \/>\n6. Runde: 12.09.2025<br \/>\n7. Runde: 03.10.2025<br \/>\n8. Runde: 24.10.2025<br \/>\n9. Runde: 14.11.2025<br \/>\nEnde der VMS sp\u00e4testens am 28.11.2024<\/p>\n<p>&#8211; Spielbeginn i.d.R. zwischen 18.30 Uhr und 19:00 Uhr<br \/>\n&#8211; Nach M\u00f6glichkeit soll am Hauptspieltag gespielt werden.<br \/>\n&#8211; Das Turnier ist offen f\u00fcr alle Mitglieder des SV Bad Bevensen.<br \/>\n&#8211; Im Rahmen des Turniers werden der Vereinsmeister, der Jugend-Vereinsmeister (Jg.2007 und j\u00fcnger) und der Senioren-Vereinsmeister (Jg. 1965 und \u00e4lter) ermittelt. Doppelte Preisvergabe m\u00f6glich.<br \/>\n&#8211; Die Teilnehmer verpflichten sich mit ihrer Turnieranmeldung, direkt nach jeder Rundenauslosung den jeweiligen Spielpartner zu kontaktieren und mit ihm einen Termin zu vereinbaren. Erfolgt die erste Kontaktaufnahme nicht innerhalb von 3 Tagen und kann die Partie in der Folge nicht stattfinden, so wird eine kampflose Partie i.d.R. kampflos verloren f\u00fcr beide Spieler gewertet.<br \/>\n&#8211; Mit der Anmeldung zur VMS bekundet jeder Teilnehmer seinen Willen, alle Partien stattfinden zu lassen. Damit kommt u.U. jeder Wochentag als Spieltermin<br \/>\n&#8211; Bis sp\u00e4testens 5 Tage vor Ansetzung der n\u00e4chsten Runde muss die Partie gespielt und das Ergebnis gemeldet sein. Alle Partieverlegungen sind dem Turnierleiter per E-Mail mitzuteilen.<br \/>\n&#8211; Beide Spieler melden dem Turnierleiter das Ergebnis innerhalb von 24 Stunden nach Ende der Partie.<br \/>\n&#8211; Es wird nach den FIDE-Schachregeln gespielt (Ausnahme Mobiltelefone: Regelung siehe Bezirksturnierordnung 8.7).<br \/>\n&#8211; Turnierleitung: Friedjof Harms<\/p>\n<p>Allgemeine Hinweise:<br \/>\n&#8211; Zur Terminabsprache bekommt jeder Teilnehmer eine Telefonliste. Die Teilnehmer stimmen mit ihrer Anmeldung automatisch der Weitergabe ihrer Kontaktdaten (Telefon + E-Mail) im Rahmen des Turniers zu.<br \/>\n&#8211; Zwischenst\u00e4nde, Auslosungen etc. sind regelm\u00e4\u00dfig auf der Vereins-Homepage www.sv-bad-bevensen.de einzusehen.<br \/>\n&#8211; VMS-Partien finden im hinteren Teil des Clubraumes statt, in dem man mehr Ruhe findet als im vorderen Teil.<br \/>\n&#8211; F\u00fcr den Lerneffekt empfiehlt sich eine gemeinsame Analyse im Anschluss der Partie.<br \/>\n&#8211; Das Anbieten fr\u00fchzeitiger Remis soll vermieden werden. Die VMS dient v.a. der Spielpraxis und der Spielst\u00e4rkesteigerung eines jeden Vereinsmitglieds.<\/p>\n<p><a href=\"https:\/\/www.sv-bad-bevensen.de\/wp-content\/uploads\/2025\/05\/Ausschreibung.pdf\">Ausschreibung Im PDF-Format&nbsp;<\/a><\/p>\n","protected":false},"excerpt":{"rendered":"<p>Ausschreibung&nbsp; &#8211; 9 Runden nach Schweizer System &#8211; 90 Minuten Bedenkzeit pro Spieler und Partie zzgl. 30 Sekunden pro Zug &#8211; Notationspflicht bis zum Ende der Partie &#8211; DWZ-Auswertung &#8211; 3 Wochen Zeit pro Runde &#8211; Anmeldeschluss: Do. 22.05.2025 &#8211; Je Runde gibt es einen Haupttermin (Achtung!!! &#8211; \u00c4nderungen im Spielplan sind jederzeit m\u00f6glich). 1. &hellip; <a href=\"https:\/\/www.sv-bad-bevensen.de\/?page_id=20543\" class=\"more-link\"><span class=\"screen-reader-text\">Vereinsmeisterschaft 2025<\/span> weiterlesen<\/a><\/p>\n","protected":false},"author":26,"featured_media":0,"parent":20541,"menu_order":0,"comment_status":"closed","ping_status":"closed","template":"","meta":{"ngg_post_thumbnail":0,"footnotes":""},"class_list":["post-20543","page","type-page","status-publish","hentry"],"_links":{"self":[{"href":"https:\/\/www.sv-bad-bevensen.de\/index.php?rest_route=\/wp\/v2\/pages\/20543","targetHints":{"allow":["GET"]}}],"collection":[{"href":"https:\/\/www.sv-bad-bevensen.de\/index.php?rest_route=\/wp\/v2\/pages"}],"about":[{"href":"https:\/\/www.sv-bad-bevensen.de\/index.php?rest_route=\/wp\/v2\/types\/page"}],"author":[{"embeddable":true,"href":"https:\/\/www.sv-bad-bevensen.de\/index.php?rest_route=\/wp\/v2\/users\/26"}],"replies":[{"embeddable":true,"href":"https:\/\/www.sv-bad-bevensen.de\/index.php?rest_route=%2Fwp%2Fv2%2Fcomments&post=20543"}],"version-history":[{"count":4,"href":"https:\/\/www.sv-bad-bevensen.de\/index.php?rest_route=\/wp\/v2\/pages\/20543\/revisions"}],"predecessor-version":[{"id":20550,"href":"https:\/\/www.sv-bad-bevensen.de\/index.php?rest_route=\/wp\/v2\/pages\/20543\/revisions\/20550"}],"up":[{"embeddable":true,"href":"https:\/\/www.sv-bad-bevensen.de\/index.php?rest_route=\/wp\/v2\/pages\/20541"}],"wp:attachment":[{"href":"https:\/\/www.sv-bad-bevensen.de\/index.php?rest_route=%2Fwp%2Fv2%2Fmedia&parent=20543"}],"curies":[{"name":"wp","href":"https:\/\/api.w.org\/{rel}","templated":true}]}}