{"id":20439,"date":"2025-05-10T08:44:28","date_gmt":"2025-05-10T07:44:28","guid":{"rendered":"https:\/\/www.sv-bad-bevensen.de\/?page_id=20439"},"modified":"2025-05-10T15:16:05","modified_gmt":"2025-05-10T14:16:05","slug":"stadtmeisterschaft-2025","status":"publish","type":"page","link":"https:\/\/www.sv-bad-bevensen.de\/?page_id=20439","title":{"rendered":"Stadtmeisterschaft 2025"},"content":{"rendered":"<p>Ausschreibung<\/p>\n<table class=\"noBorder\" style=\"border-collapse: collapse; width: 100%;\">\n<tbody>\n<tr>\n<td style=\"white-space: nowrap;\"><strong>Kurzinfo<\/strong><\/td>\n<td><strong>Offene Meisterschaft des SV Bad Bevensen<\/strong>&nbsp;<\/td>\n<\/tr>\n<tr>\n<td><strong>Teilnehmer<\/strong><\/td>\n<td>Das Turnier ist offen f\u00fcr Schachspieler <strong>jeden Alters<\/strong>, die die Schachregeln kennen.<\/p>\n<p>Eine Vereinszugeh\u00f6rigkeit ist nicht erforderlich.<\/p>\n<p>Spielern, die in den Vorjahren trotz Voranmeldung ohne abzusagen nicht erschienen sind, kann eine Teilnahme 2025 verwehrt werden.<\/td>\n<\/tr>\n<tr>\n<td><strong> Turniermodus<\/strong><\/td>\n<td><strong>9 Runden nach Schweizer System<\/strong> (beschleunigt). Programm Swiss-Chess. Feinwertung Buchholz (eine Streichwertung).<\/td>\n<\/tr>\n<tr>\n<td><strong>Bedenkzeit<\/strong><\/td>\n<td>Schnellschach-Partien mit <strong>20 Minuten Bedenkzeit<\/strong> pro Spieler. Es gelten die&nbsp; FIDE-Regeln.<\/td>\n<\/tr>\n<tr>\n<td><strong>Spielort<\/strong><\/td>\n<td><a href=\"http:\/\/www.sporthotel-badbevensen.de\/\">Sporthotel Bad Bevensen<\/a>, R\u00f6mstedter Stra\u00dfe 8, 29549 Bad Bevensen<\/td>\n<\/tr>\n<tr>\n<td><strong>Spieltag<\/strong><\/td>\n<td><strong>Samstag, d. 20.09.2025. Pers\u00f6nliche Anmeldung von 9.00 Uhr &#8211; 9.15 Uhr, <\/strong>Beginn um 09.30 Uhr,<strong> Siegerehrung gegen 17.45 Uhr. <\/strong><\/p>\n<p>Um p\u00fcnktliches Erscheinen wird gebeten!<\/td>\n<\/tr>\n<tr>\n<td><strong>Anmeldung<\/strong><\/td>\n<td>Eine vorl\u00e4ufige <a href=\"https:\/\/www.sv-bad-bevensen.de\/?page_id=20445\">Teilnehmerliste<\/a> inklusive <a href=\"https:\/\/www.sv-bad-bevensen.de\/?page_id=20442\">Anmeldem\u00f6glichkeit<\/a> ist \u00fcber unsere <a href=\"http:\/\/www.sv-bad-bevensen.de\/\">Homepage<\/a> aufrufbar.<\/td>\n<\/tr>\n<tr>\n<td style=\"white-space:nowrap;\"><strong>Turnierverlauf<\/strong><\/td>\n<td>Es werden vier Runden am Vormittag und f\u00fcnf am Nachmittag gespielt.&nbsp;Mittagspause von ca. 12.40 -13.30 Uhr.<\/p>\n<p>Jugendliche und Erwachsene spielen gemeinsam in einem Teilnehmerfeld. Die besten Jugendlichen werden ebenso ausgezeichnet wie die besten Spieler insgesamt.<\/td>\n<\/tr>\n<tr>\n<td><strong>Meldeschluss<\/strong><\/td>\n<td>Wir bitten um fr\u00fchzeitige Anmeldung, m\u00f6glichst bis <strong>Donnerstag, 18.09.2025<\/strong>, sp\u00e4testens aber bis 09.20 Uhr am Turniertag (soweit noch Pl\u00e4tze frei).<\/td>\n<\/tr>\n<tr>\n<td><strong>Preise<\/strong><\/td>\n<td>Zu gewinnen sind Pokale und Sachpreise.<\/td>\n<\/tr>\n<tr>\n<td><strong>Startgeld<\/strong><\/td>\n<td><strong>5,- Euro f\u00fcr Erwachsene und 2,- Euro f\u00fcr Jugendliche<\/strong><\/td>\n<\/tr>\n<tr>\n<td><strong>Verpflegung<\/strong><strong><br \/>\n<\/strong><\/td>\n<td>Getr\u00e4nke werden vom Sporthotel angeboten. Mitgebrachte Getr\u00e4nke sind im Sporthotel nicht gestattet.<\/p>\n<p>Mittagessen ist bei La Piccola Italia m\u00f6glich (400m Fu\u00dfweg entfernt).<\/td>\n<\/tr>\n<tr>\n<td><strong>Turnierleitung<\/strong><\/td>\n<td>Friedjof Harms<\/td>\n<\/tr>\n<tr>\n<td><strong>Veranstalter<\/strong><\/td>\n<td>Der Schachverein Bad Bevensen ist der Veranstalter dieses Turniers.<\/td>\n<\/tr>\n<tr>\n<td><strong>Fr\u00fchst\u00fcck oder \u00dcbernachtung?<\/strong><\/td>\n<td>F\u00fcr weit anreisende Teilnehmer bietet sich eine \u00dcbernachtung oder das Fr\u00fchst\u00fccken im Sporthotel an. Bitte hierzu separat Kontakt zum Sporthotel aufnehmen (Tel. 05821-9673220 o. E-Mail <a href=\"mailto:info@sporthotel-badbevensen.de\">info@sporthotel-badbevensen.de<\/a>)<\/td>\n<\/tr>\n<tr>\n<td><strong>Noch Fragen?<\/strong><\/td>\n<td>Per E-Mail an <a href=\"mailto:stadtmeisterschaft@sv-bad-bevensen.de\">stadtmeisterschaft@sv-bad-bevensen.de<\/a>.<\/p>\n<p>Telefonisch erreicht man Friedjof unter 0151-581 644 34.<\/p>\n<p>Oder es hilft ein Blick auf unsere Homepage <a href=\"http:\/\/www.sv-bad-bevensen.de\/\">www.sv-bad-bevensen.de<\/a><\/td>\n<\/tr>\n<\/tbody>\n<\/table>\n<p><a href=\"https:\/\/www.sv-bad-bevensen.de\/wp-content\/uploads\/2025\/05\/Stadtmeisterschaft-2025-Ausschreibung.pdf\">Ausschreibung im PDF-Format<\/a><\/p>\n","protected":false},"excerpt":{"rendered":"<p>Ausschreibung Kurzinfo Offene Meisterschaft des SV Bad Bevensen&nbsp; Teilnehmer Das Turnier ist offen f\u00fcr Schachspieler jeden Alters, die die Schachregeln kennen. Eine Vereinszugeh\u00f6rigkeit ist nicht erforderlich. Spielern, die in den Vorjahren trotz Voranmeldung ohne abzusagen nicht erschienen sind, kann eine Teilnahme 2025 verwehrt werden. Turniermodus 9 Runden nach Schweizer System (beschleunigt). Programm Swiss-Chess. Feinwertung Buchholz &hellip; <a href=\"https:\/\/www.sv-bad-bevensen.de\/?page_id=20439\" class=\"more-link\"><span class=\"screen-reader-text\">Stadtmeisterschaft 2025<\/span> weiterlesen<\/a><\/p>\n","protected":false},"author":26,"featured_media":0,"parent":20434,"menu_order":0,"comment_status":"closed","ping_status":"closed","template":"","meta":{"ngg_post_thumbnail":0,"footnotes":""},"class_list":["post-20439","page","type-page","status-publish","hentry"],"_links":{"self":[{"href":"https:\/\/www.sv-bad-bevensen.de\/index.php?rest_route=\/wp\/v2\/pages\/20439","targetHints":{"allow":["GET"]}}],"collection":[{"href":"https:\/\/www.sv-bad-bevensen.de\/index.php?rest_route=\/wp\/v2\/pages"}],"about":[{"href":"https:\/\/www.sv-bad-bevensen.de\/index.php?rest_route=\/wp\/v2\/types\/page"}],"author":[{"embeddable":true,"href":"https:\/\/www.sv-bad-bevensen.de\/index.php?rest_route=\/wp\/v2\/users\/26"}],"replies":[{"embeddable":true,"href":"https:\/\/www.sv-bad-bevensen.de\/index.php?rest_route=%2Fwp%2Fv2%2Fcomments&post=20439"}],"version-history":[{"count":9,"href":"https:\/\/www.sv-bad-bevensen.de\/index.php?rest_route=\/wp\/v2\/pages\/20439\/revisions"}],"predecessor-version":[{"id":20477,"href":"https:\/\/www.sv-bad-bevensen.de\/index.php?rest_route=\/wp\/v2\/pages\/20439\/revisions\/20477"}],"up":[{"embeddable":true,"href":"https:\/\/www.sv-bad-bevensen.de\/index.php?rest_route=\/wp\/v2\/pages\/20434"}],"wp:attachment":[{"href":"https:\/\/www.sv-bad-bevensen.de\/index.php?rest_route=%2Fwp%2Fv2%2Fmedia&parent=20439"}],"curies":[{"name":"wp","href":"https:\/\/api.w.org\/{rel}","templated":true}]}}