{"id":144,"date":"2015-12-05T18:44:05","date_gmt":"2015-12-05T18:44:05","guid":{"rendered":"http:\/\/www.sv-bad-bevensen.de\/WordPress_01\/?page_id=144"},"modified":"2026-03-30T09:42:51","modified_gmt":"2026-03-30T08:42:51","slug":"termin","status":"publish","type":"page","link":"https:\/\/www.sv-bad-bevensen.de\/?page_id=144","title":{"rendered":"Termine"},"content":{"rendered":"<p>Dieser Terminkalender soll eine \u00dcbersicht \u00fcber all unsere schachlichen und au\u00dferschachlichen Aktivit\u00e4ten geben. Er wird laufend aktualisiert. Links zu weiterf\u00fchrenden Informationen, wie z.B. Turnierausschreibungen, sind unterstrichen.<\/p>\n<p>Training ist jeden Freitagabend ab 17.30 Uhr im Sporthotel, R\u00f6mstedter Str. 8, Bad Bevensen<\/p>\n<table class=\"noBorder\" style=\"width: 100%; height: 392px;\">\n<tbody>\n<tr style=\"height: 28px;\">\n<td style=\"width: 99.6969%; height: 28px;\" colspan=\"3\" valign=\"top\"><strong>April 2026<\/strong><\/td>\n<\/tr>\n<tr style=\"height: 28px;\">\n<td style=\"width: 8.63636%; height: 28px;\">So,<\/td>\n<td style=\"width: 8.63636%; height: 28px;\">12.<\/td>\n<td style=\"width: 82.4242%; height: 28px;\"><a href=\"https:\/\/clm.schachbezirk4.de\/\" target=\"_blank\" rel=\"noopener\">Mannschaftsmeisterschaft<\/a> 2025\/26, Runde 8<\/td>\n<\/tr>\n<tr style=\"height: 28px;\">\n<td style=\"width: 8.63636%; height: 28px;\">So,<\/td>\n<td style=\"width: 8.63636%; height: 28px;\">26.<\/td>\n<td style=\"width: 82.4242%; height: 28px;\"><a href=\"https:\/\/clm.schachbezirk4.de\/\" target=\"_blank\" rel=\"noopener\">Mannschaftsmeisterschaft<\/a> 2025\/26, Runde 9<\/td>\n<\/tr>\n<tr style=\"height: 28px;\">\n<td style=\"width: 99.6969%; height: 28px;\" colspan=\"3\" valign=\"top\"><strong>Mai 2026<\/strong><\/td>\n<\/tr>\n<tr style=\"height: 28px;\">\n<td style=\"width: 8.63636%; height: 28px;\">Fr,<\/td>\n<td style=\"width: 8.63636%; height: 28px;\">01.<\/td>\n<td style=\"width: 82.4242%; height: 28px;\">&#8211; So, 03.: <a href=\"https:\/\/www.dsam-cup.de\/magdeburg\/\" target=\"_blank\" rel=\"noopener\">DSAM Qualifikationsturnier Magdeburg<\/a><\/td>\n<\/tr>\n<\/tbody>\n<\/table>\n<p>&nbsp;<\/p>\n","protected":false},"excerpt":{"rendered":"<p>Dieser Terminkalender soll eine \u00dcbersicht \u00fcber all unsere schachlichen und au\u00dferschachlichen Aktivit\u00e4ten geben. Er wird laufend aktualisiert. Links zu weiterf\u00fchrenden Informationen, wie z.B. Turnierausschreibungen, sind unterstrichen. Training ist jeden Freitagabend ab 17.30 Uhr im Sporthotel, R\u00f6mstedter Str. 8, Bad Bevensen April 2026 So, 12. Mannschaftsmeisterschaft 2025\/26, Runde 8 So, 26. Mannschaftsmeisterschaft 2025\/26, Runde 9 Mai &hellip; <a href=\"https:\/\/www.sv-bad-bevensen.de\/?page_id=144\" class=\"more-link\"><span class=\"screen-reader-text\">Termine<\/span> weiterlesen<\/a><\/p>\n","protected":false},"author":1,"featured_media":0,"parent":0,"menu_order":50,"comment_status":"closed","ping_status":"closed","template":"","meta":{"ngg_post_thumbnail":0,"footnotes":""},"class_list":["post-144","page","type-page","status-publish","hentry"],"_links":{"self":[{"href":"https:\/\/www.sv-bad-bevensen.de\/index.php?rest_route=\/wp\/v2\/pages\/144","targetHints":{"allow":["GET"]}}],"collection":[{"href":"https:\/\/www.sv-bad-bevensen.de\/index.php?rest_route=\/wp\/v2\/pages"}],"about":[{"href":"https:\/\/www.sv-bad-bevensen.de\/index.php?rest_route=\/wp\/v2\/types\/page"}],"author":[{"embeddable":true,"href":"https:\/\/www.sv-bad-bevensen.de\/index.php?rest_route=\/wp\/v2\/users\/1"}],"replies":[{"embeddable":true,"href":"https:\/\/www.sv-bad-bevensen.de\/index.php?rest_route=%2Fwp%2Fv2%2Fcomments&post=144"}],"version-history":[{"count":43,"href":"https:\/\/www.sv-bad-bevensen.de\/index.php?rest_route=\/wp\/v2\/pages\/144\/revisions"}],"predecessor-version":[{"id":21044,"href":"https:\/\/www.sv-bad-bevensen.de\/index.php?rest_route=\/wp\/v2\/pages\/144\/revisions\/21044"}],"wp:attachment":[{"href":"https:\/\/www.sv-bad-bevensen.de\/index.php?rest_route=%2Fwp%2Fv2%2Fmedia&parent=144"}],"curies":[{"name":"wp","href":"https:\/\/api.w.org\/{rel}","templated":true}]}}