{"id":13688,"date":"2018-07-07T14:55:39","date_gmt":"2018-07-07T13:55:39","guid":{"rendered":"https:\/\/www.sv-bad-bevensen.de\/?page_id=13688"},"modified":"2018-09-17T16:11:36","modified_gmt":"2018-09-17T15:11:36","slug":"stadtmeisterschaft-2018-3","status":"publish","type":"page","link":"https:\/\/www.sv-bad-bevensen.de\/?page_id=13688","title":{"rendered":"Stadtmeisterschaft 2018"},"content":{"rendered":"<p>Ausschreibung<\/p>\n<table class=\"noBorder\" cellspacing=\"0\" cellpadding=\"10\" border=\"0\">\n<colgroup>\n<col width=\"20%\">\n<col width=\"80%\"> <\/colgroup>\n<tbody>\n<tr>\n<th colspan=\"2\" align=\"left\">Der Schachverein Bad Bevensen l\u00e4dt ein zur 1<strong>2<\/strong>. Offenen Stadtmeisterschaft im Schnellschach<\/th>\n<\/tr>\n<tr>\n<th>Kurzinfo<\/th>\n<td>Offene Meisterschaft des SV Bad Bevensen<\/td>\n<\/tr>\n<tr>\n<th>Teilnehmer<\/th>\n<td>Das Turnier ist offen f\u00fcr Schachspieler jeden Alters, die die Schachregeln kennen.<br \/>\nEine Vereinszugeh\u00f6rigkeit ist nicht erforderlich.<\/td>\n<\/tr>\n<tr>\n<th>Turniermodus<\/th>\n<td>9 Runden nach Schweizer System (beschleunigt), Programm: Swiss-Chess, Feinwertung: Buchholz (eine Streichwertung).<\/td>\n<\/tr>\n<tr>\n<th>Bedenkzeit<\/th>\n<td>Schnellschach-Partien mit 20 Minuten Bedenkzeit pro Spieler. Es gelten die <a href=\"http:\/\/srk.schachbund.de\/nachrichtenleser-der-srk\/deutsche-uebersetzung-der-fide-regeln.html\" target=\"_blank\" rel=\"noopener\">FIDE-Regeln<\/a>.<\/td>\n<\/tr>\n<tr>\n<th>Spielort<\/th>\n<td>Neuer Spielort! <a href=\"http:\/\/www.sporthotel-badbevensen.de\/\" target=\"_blank\" rel=\"noopener\">Sport Hotel<\/a>, R\u00f6mstedter Str. 8, 29549 Bad Bevensen<\/td>\n<\/tr>\n<tr>\n<th>Spieltag<\/th>\n<td>Samstag, den 15.09.2018. Pers\u00f6nliche Anmeldung von 9.00 bis 9.20 Uhr, Beginn um 9.30 Uhr; Siegerehrung gegen 17.45 Uhr.<br \/>\nUm p\u00fcnktliches Erscheinen wird gebeten!<\/td>\n<\/tr>\n<tr>\n<th>Turnierverlauf<\/th>\n<td>Es werden vier Runden am Vormittag und f\u00fcnf am Nachmittag gespielt.<br \/>\nMittagspause von ca. 12.30 -13.30 Uhr.<br \/>\nJugendliche und Erwachsene spielen gemeinsam in einem Teilnehmerfeld.<br \/>\nDie besten Jugendlichen werden ebenso ausgezeichnet wie die besten Spieler insgesamt.<\/td>\n<\/tr>\n<tr>\n<th>Meldeschluss<\/th>\n<td>Wir bitten um fr\u00fchzeitige Anmeldung, m\u00f6glichst bis Mittwoch, 12.09.2018, sp\u00e4testens aber bis 09.20 Uhr am Turniertag.<\/td>\n<\/tr>\n<tr>\n<th>Preise<\/th>\n<td>Zu gewinnen sind Pokale und Sachpreise.<\/td>\n<\/tr>\n<tr>\n<th>Startgeld<\/th>\n<td>5 Euro f\u00fcr Erwachsene und 2 Euro f\u00fcr Jugendliche<\/td>\n<\/tr>\n<tr>\n<th><strong>Verpflegung<\/strong><\/th>\n<td>Verpflegung wird im Sporthotel angeboten. Morgens vor dem Turnierstart bietet sich das Fr\u00fchst\u00fccksbuffet an, die ca. einst\u00fcndige Mittagspause l\u00e4dt zum reichhaltigen Mittagsbuffet ein (alternativ Bestellung \u00e0 la carte). Mitgebrachte Speisen und Getr\u00e4nke sind vor Ort nicht gestattet.<\/td>\n<\/tr>\n<tr>\n<th>Turnierleitung<\/th>\n<td>Friedjof Harms<\/td>\n<\/tr>\n<tr>\n<th>Veranstalter<\/th>\n<td>Der Schachverein Bad Bevensen e.V. ist der Veranstalter dieses Turniers.<\/td>\n<\/tr>\n<tr>\n<th>Sonstiges<\/th>\n<td>Eine vorl\u00e4ufige <a href=\"https:\/\/www.sv-bad-bevensen.de\/?page_id=13694\">Teilnehmerliste<\/a> inklusive <strong>Anmeldem\u00f6glichkeit<\/strong> ist \u00fcber unsere Homepage aufrufbar.<\/td>\n<\/tr>\n<tr>\n<th>Noch Fragen?<\/th>\n<td>Per E-Mail an <a href=\"mailto:stadtmeisterschaft@sv-bad-bevensen.de\">stadtmeisterschaft@sv-bad-bevensen.de<\/a>. Telefonisch erreicht man Friedjof unter 0151-581 644 34. Oder es hilft ein Blick auf unsere Homepage <a href=\"https:\/\/www.sv-bad-bevensen.de\">www.sv-bad-bevensen.de<\/a><\/td>\n<\/tr>\n<\/tbody>\n<\/table>\n<p><a href=\"https:\/\/www.sv-bad-bevensen.de\/wp-content\/uploads\/2018\/07\/Stadtmeisterschaft-2018-Ausschreibung.pdf\" target=\"_blank\" rel=\"noopener\">Ausschreibung im PDF Format<\/a><\/p>\n<p><a href=\"https:\/\/www.sv-bad-bevensen.de\/?page_id=13694\">Teilnehmer<\/a>, <a href=\"https:\/\/www.sv-bad-bevensen.de\/?page_id=13954\">Paarungen<\/a>, <a href=\"https:\/\/www.sv-bad-bevensen.de\/?page_id=13948\">Rangliste<\/a>, <a href=\"https:\/\/www.sv-bad-bevensen.de\/wp-content\/uploads\/2018\/09\/Fortschrittstabelle.pdf\">Fortschrittstabelle<\/a>, <a href=\"https:\/\/www.sv-bad-bevensen.de\/?page_id=13959\">Fotos<\/a>, <a href=\"https:\/\/www.sv-bad-bevensen.de\/?page_id=744\">Archiv<\/a><\/p>\n","protected":false},"excerpt":{"rendered":"<p>Ausschreibung Der Schachverein Bad Bevensen l\u00e4dt ein zur 12. Offenen Stadtmeisterschaft im Schnellschach Kurzinfo Offene Meisterschaft des SV Bad Bevensen Teilnehmer Das Turnier ist offen f\u00fcr Schachspieler jeden Alters, die die Schachregeln kennen. Eine Vereinszugeh\u00f6rigkeit ist nicht erforderlich. Turniermodus 9 Runden nach Schweizer System (beschleunigt), Programm: Swiss-Chess, Feinwertung: Buchholz (eine Streichwertung). Bedenkzeit Schnellschach-Partien mit 20 &hellip; <a href=\"https:\/\/www.sv-bad-bevensen.de\/?page_id=13688\" class=\"more-link\"><span class=\"screen-reader-text\">Stadtmeisterschaft 2018<\/span> weiterlesen<\/a><\/p>\n","protected":false},"author":26,"featured_media":0,"parent":13686,"menu_order":0,"comment_status":"closed","ping_status":"closed","template":"","meta":{"ngg_post_thumbnail":0,"footnotes":""},"class_list":["post-13688","page","type-page","status-publish","hentry"],"_links":{"self":[{"href":"https:\/\/www.sv-bad-bevensen.de\/index.php?rest_route=\/wp\/v2\/pages\/13688","targetHints":{"allow":["GET"]}}],"collection":[{"href":"https:\/\/www.sv-bad-bevensen.de\/index.php?rest_route=\/wp\/v2\/pages"}],"about":[{"href":"https:\/\/www.sv-bad-bevensen.de\/index.php?rest_route=\/wp\/v2\/types\/page"}],"author":[{"embeddable":true,"href":"https:\/\/www.sv-bad-bevensen.de\/index.php?rest_route=\/wp\/v2\/users\/26"}],"replies":[{"embeddable":true,"href":"https:\/\/www.sv-bad-bevensen.de\/index.php?rest_route=%2Fwp%2Fv2%2Fcomments&post=13688"}],"version-history":[{"count":0,"href":"https:\/\/www.sv-bad-bevensen.de\/index.php?rest_route=\/wp\/v2\/pages\/13688\/revisions"}],"up":[{"embeddable":true,"href":"https:\/\/www.sv-bad-bevensen.de\/index.php?rest_route=\/wp\/v2\/pages\/13686"}],"wp:attachment":[{"href":"https:\/\/www.sv-bad-bevensen.de\/index.php?rest_route=%2Fwp%2Fv2%2Fmedia&parent=13688"}],"curies":[{"name":"wp","href":"https:\/\/api.w.org\/{rel}","templated":true}]}}