{"id":11945,"date":"2017-05-09T15:31:34","date_gmt":"2017-05-09T14:31:34","guid":{"rendered":"http:\/\/www.sv-bad-bevensen.de\/?page_id=11945"},"modified":"2017-05-23T00:27:13","modified_gmt":"2017-05-22T23:27:13","slug":"vereinsmeisterschaft-2017","status":"publish","type":"page","link":"https:\/\/www.sv-bad-bevensen.de\/?page_id=11945","title":{"rendered":"Vereinsmeisterschaft 2017"},"content":{"rendered":"<p>Ausschreibung<\/p>\n<ul style=\"list-style-type: square;\">\n<li>9 Runden nach Schweizer System<\/li>\n<li>90 Minuten Bedenkzeit pro Spieler und Partie zzgl. 30 Sekunden pro Zug<\/li>\n<li>Notationspflicht bis zum Ende der Partie<\/li>\n<li>DWZ-Auswertung<\/li>\n<li>maximal 3 Wochen Zeit pro Runde<\/li>\n<li><strong>Anmeldeschluss: 21.05.2017<\/strong><\/li>\n<li>Je Runde gibt es einen Haupttermin (Achtung!!! &#8211; \u00c4nderungen im Spielplan sind jederzeit m\u00f6glich. Liegen z.B. alle Ergebnisse einer Runde fr\u00fchzeitig vor, so kann die Vorverlegung der n\u00e4chsten Runden bekannt gegeben werden.):<\/li>\n<\/ul>\n<p>1. Runde: 26.05.2017<br \/>\n2. Runde: 16.06.2017<br \/>\n3. Runde: 07.07.2017<br \/>\n4. Runde: 28.07.2017<br \/>\n5. Runde: 18.08.2017<br \/>\n6. Runde: 08.09.2017<br \/>\n7. Runde: 29.09.2017<br \/>\n8. Runde: 20.10.2017<br \/>\n9. Runde: 10.11.2017<br \/>\nEnde der VMS sp\u00e4testens am 24.11.2017<\/p>\n<ul style=\"list-style-type: square;\">\n<li>Spielbeginn i.d.R. zwischen 18.30 Uhr und 19:00 Uhr<\/li>\n<li>Nach M\u00f6glichkeit soll am Hauptspieltag gespielt werden.<\/li>\n<li><strong>Die Teilnehmer verpflichten sich mit ihrer Turnieranmeldung, direkt nach jeder Rundenauslosung den jeweiligen Spielpartner zu kontaktieren und mit ihm einen Termin zu vereinbaren.<\/strong><\/li>\n<li><strong>Mit der Anmeldung zur VMS bekundet jeder Teilnehmer seinen Willen, alle Partien stattfinden zu lassen. Damit kommt u.U. jeder Wochentag als Spieltermin infrage. Kampflose Paarungen sollen nach Kr\u00e4ften vermieden werden!<\/strong><\/li>\n<li>Bis sp\u00e4testens 5 Tage vor Ansetzung der n\u00e4chsten Runde muss die Partie gespielt und das Ergebnis gemeldet sein. Dementsprechend ist die Auslosung einer Runde auch rechtzeitig bekannt. Alle Partieverlegungen sind dem Turnierleiter per E-Mail mitzuteilen!<\/li>\n<li>Beide Spieler melden dem Turnierleiter das Ergebnis innerhalb von 24 Stunden nach Ende der Partie.<\/li>\n<li>Es wird nach den FIDE-Schachregeln gespielt (Ausnahme Mobiltelefone: Regelung siehe <a href=\"http:\/\/www.schachbezirk4.de\/satzung\/BTO.pdf\">Bezirksturnierordnung 9.8<\/a>).<\/li>\n<li>Turnierleitung: Friedjof Harms&nbsp;<\/li>\n<\/ul>\n<p><strong>Allgemeine Hinweise:<\/p>\n<p><\/strong><\/p>\n<ul style=\"list-style-type: square;\">\n<li>Zur Terminabsprache bekommt jeder Teilnehmer eine Telefonliste.<\/li>\n<li>Zwischenst\u00e4nde, Auslosungen etc. sind regelm\u00e4\u00dfig auf der Vereins-Homepage <a href=\"https:\/\/www.sv-bad-bevensen.de\">www.sv-bad-bevensen.de<\/a> einzusehen.<\/li>\n<li>Der neue Clubraum ist kleiner und Nebenger\u00e4usche sind leichter wahrzunehmen. Daher zwei Empfehlungen: Spielt im hinteren Teil des Clubraumes und an Hauptspieltagen. Beginn der Partien zwischen 18:30 und 19:00 Uhr.<\/li>\n<li>F\u00fcr den Lerneffekt empfiehlt sich eine gemeinsame Analyse im Anschluss der Partie. Am heimischen PC analysierte Partien d\u00fcrfen gerne auch dem Spielpartner zur Verf\u00fcgung gestellt werden.<\/li>\n<li>Das Anbieten fr\u00fchzeitiger Remis soll vermieden werden. Die VMS dient v.a. der Spielpraxis und der Spielst\u00e4rkesteigerung eines jeden Vereinsmitglieds. Ein Remis l\u00e4sst meist offene Fragen auf dem Brett zur\u00fcck&#8230; was w\u00e4re wenn&#8230; Werden Partien bis zum Schluss ausgespielt, dann er\u00fcbrigt sich die Frage.&nbsp;<\/li>\n<\/ul>\n<p><a href=\"https:\/\/www.sv-bad-bevensen.de\/wp-content\/uploads\/2017\/05\/Ausschreibung.pdf\">Ausschreibung (PDF)<\/a><\/p>\n","protected":false},"excerpt":{"rendered":"<p>Ausschreibung 9 Runden nach Schweizer System 90 Minuten Bedenkzeit pro Spieler und Partie zzgl. 30 Sekunden pro Zug Notationspflicht bis zum Ende der Partie DWZ-Auswertung maximal 3 Wochen Zeit pro Runde Anmeldeschluss: 21.05.2017 Je Runde gibt es einen Haupttermin (Achtung!!! &#8211; \u00c4nderungen im Spielplan sind jederzeit m\u00f6glich. Liegen z.B. alle Ergebnisse einer Runde fr\u00fchzeitig vor, &hellip; <a href=\"https:\/\/www.sv-bad-bevensen.de\/?page_id=11945\" class=\"more-link\"><span class=\"screen-reader-text\">Vereinsmeisterschaft 2017<\/span> weiterlesen<\/a><\/p>\n","protected":false},"author":26,"featured_media":0,"parent":11928,"menu_order":0,"comment_status":"closed","ping_status":"closed","template":"","meta":{"ngg_post_thumbnail":0,"footnotes":""},"class_list":["post-11945","page","type-page","status-publish","hentry"],"_links":{"self":[{"href":"https:\/\/www.sv-bad-bevensen.de\/index.php?rest_route=\/wp\/v2\/pages\/11945","targetHints":{"allow":["GET"]}}],"collection":[{"href":"https:\/\/www.sv-bad-bevensen.de\/index.php?rest_route=\/wp\/v2\/pages"}],"about":[{"href":"https:\/\/www.sv-bad-bevensen.de\/index.php?rest_route=\/wp\/v2\/types\/page"}],"author":[{"embeddable":true,"href":"https:\/\/www.sv-bad-bevensen.de\/index.php?rest_route=\/wp\/v2\/users\/26"}],"replies":[{"embeddable":true,"href":"https:\/\/www.sv-bad-bevensen.de\/index.php?rest_route=%2Fwp%2Fv2%2Fcomments&post=11945"}],"version-history":[{"count":0,"href":"https:\/\/www.sv-bad-bevensen.de\/index.php?rest_route=\/wp\/v2\/pages\/11945\/revisions"}],"up":[{"embeddable":true,"href":"https:\/\/www.sv-bad-bevensen.de\/index.php?rest_route=\/wp\/v2\/pages\/11928"}],"wp:attachment":[{"href":"https:\/\/www.sv-bad-bevensen.de\/index.php?rest_route=%2Fwp%2Fv2%2Fmedia&parent=11945"}],"curies":[{"name":"wp","href":"https:\/\/api.w.org\/{rel}","templated":true}]}}