{"id":10475,"date":"2016-09-14T16:51:08","date_gmt":"2016-09-14T15:51:08","guid":{"rendered":"http:\/\/www.sv-bad-bevensen.de\/?page_id=10475"},"modified":"2018-02-24T00:14:27","modified_gmt":"2018-02-23T23:14:27","slug":"turm-turnier-2016-3","status":"publish","type":"page","link":"https:\/\/www.sv-bad-bevensen.de\/?page_id=10475","title":{"rendered":"Turm-Turnier 2017\/2018"},"content":{"rendered":"<p><strong>Statusliste:<\/strong><\/p>\n<p><img loading=\"lazy\" decoding=\"async\" class=\"alignright\" src=\"https:\/\/www.sv-bad-bevensen.de\/wp-content\/uploads\/2016\/09\/BadBevensenerTurmPokal-1.jpg\" width=\"200\" height=\"233\"><\/p>\n<table class=\"tournament\" style=\"width: 699px;height: 451px\">\n<tbody>\n<tr>\n<td style=\"width: 135px;background-color: #b8b8b5\"><strong>Aktueller Rang<br \/>\n<\/strong><\/td>\n<td style=\"width: 205px;background-color: #b8b8b5\"><strong>Teilnehmer<\/strong><\/td>\n<td style=\"width: 145.85px;background-color: #b8b8b5;text-align: center\"><strong>Punkte<\/strong><\/td>\n<td style=\"width: 150.15px;background-color: #b8b8b5;text-align: center\"><strong>Anz. Spiele<\/strong><\/td>\n<\/tr>\n<tr>\n<td style=\"width: 135px;text-align: center\">&nbsp;2<\/td>\n<td style=\"width: 205px\">G.Herbst<\/td>\n<td style=\"width: 145.85px;text-align: center\">59<\/td>\n<td style=\"width: 150.15px;text-align: center\">2<\/td>\n<\/tr>\n<tr>\n<td style=\"width: 135px;text-align: center\">&nbsp;4<\/td>\n<td style=\"width: 205px\">&nbsp;H.Hayessen<\/td>\n<td style=\"width: 145.85px;text-align: center\">12<\/td>\n<td style=\"width: 150.15px;text-align: center\">1<\/td>\n<\/tr>\n<tr>\n<td style=\"width: 135px;text-align: center\">&nbsp;3<\/td>\n<td style=\"width: 205px\">&nbsp;H.Schnatzer<\/td>\n<td style=\"width: 145.85px;text-align: center\">16<\/td>\n<td style=\"width: 150.15px;text-align: center\">1<\/td>\n<\/tr>\n<tr>\n<td style=\"width: 135px;text-align: center\">&nbsp;1<\/td>\n<td style=\"width: 205px\">&nbsp;K.Baldauf<\/td>\n<td style=\"width: 145.85px;text-align: center\">144<\/td>\n<td style=\"width: 150.15px;text-align: center\">3<\/td>\n<\/tr>\n<tr>\n<td style=\"width: 135px;text-align: center\">&nbsp;5<\/td>\n<td style=\"width: 205px\">&nbsp;J.Richert<\/td>\n<td style=\"width: 145.85px;text-align: center\">9<\/td>\n<td style=\"width: 150.15px;text-align: center\">&nbsp;1<\/td>\n<\/tr>\n<tr>\n<td style=\"width: 135px;text-align: center\">&nbsp;<\/td>\n<td style=\"width: 205px\">&nbsp;<\/td>\n<td style=\"width: 145.85px;text-align: center\">&nbsp;<\/td>\n<td style=\"width: 150.15px;text-align: center\">&nbsp;<\/td>\n<\/tr>\n<tr>\n<td style=\"width: 135px;text-align: center\">&nbsp;<\/td>\n<td style=\"width: 205px\">&nbsp;<\/td>\n<td style=\"width: 145.85px;text-align: center\">&nbsp;<\/td>\n<td style=\"width: 150.15px;text-align: center\">&nbsp;<\/td>\n<\/tr>\n<tr>\n<td style=\"width: 135px;text-align: center\">&nbsp;<\/td>\n<td style=\"width: 205px\">&nbsp;<\/td>\n<td style=\"width: 145.85px;text-align: center\">&nbsp;<\/td>\n<td style=\"width: 150.15px;text-align: center\">&nbsp;<\/td>\n<\/tr>\n<tr>\n<td style=\"width: 135px;text-align: center\">&nbsp;<\/td>\n<td style=\"width: 205px\">&nbsp;<\/td>\n<td style=\"width: 145.85px;text-align: center\">&nbsp;<\/td>\n<td style=\"width: 150.15px;text-align: center\">&nbsp;<\/td>\n<\/tr>\n<\/tbody>\n<\/table>\n<p>&nbsp;<\/p>\n<p>Bisher gespielte Runden: 4<\/p>\n<p>&nbsp;<\/p>\n<table class=\"tournament\" style=\"width: 412.283px\">\n<tbody>\n<tr>\n<td style=\"background-color: #b8b8b8;width: 286.467px\"><strong>Kriterium<\/strong><\/td>\n<td style=\"background-color: #b8b8b8;width: 93.5667px;text-align: center\"><strong>Punkte<\/strong><\/td>\n<\/tr>\n<tr>\n<td style=\"width: 286.467px\">Punkte f\u00fcr einen Wei\u00df-Sieg<\/td>\n<td style=\"width: 93.5667px;text-align: center\">30<\/td>\n<\/tr>\n<tr>\n<td style=\"width: 286.467px\">Punkte f\u00fcr einen Schwarz-Sieg<\/td>\n<td style=\"width: 93.5667px;text-align: center\">35<\/td>\n<\/tr>\n<tr>\n<td style=\"width: 286.467px\">Punkte f\u00fcr ein Remis<\/td>\n<td style=\"width: 93.5667px;text-align: center\">10<\/td>\n<\/tr>\n<tr>\n<td style=\"width: 286.467px\">Punkte f\u00fcr eine gespielte Partie<\/td>\n<td style=\"width: 93.5667px;text-align: center\">10<\/td>\n<\/tr>\n<tr>\n<td style=\"width: 286.467px\">&nbsp;<\/td>\n<td style=\"width: 93.5667px;text-align: center\">&nbsp;<\/td>\n<\/tr>\n<tr>\n<td style=\"width: 286.467px\">Punkte f\u00fcr dreimaliges Spielen in Folge<\/td>\n<td style=\"width: 93.5667px;text-align: center\">20<\/td>\n<\/tr>\n<tr>\n<td style=\"width: 286.467px\">Punkte f\u00fcr die sch\u00f6nste Partie*<\/td>\n<td style=\"width: 93.5667px;text-align: center\">50<\/td>\n<\/tr>\n<tr>\n<td style=\"width: 286.467px\">Punktabzug f\u00fcr Remisk\u00f6nig**<\/td>\n<td style=\"width: 93.5667px;text-align: center\">60<\/td>\n<\/tr>\n<tr>\n<td style=\"width: 286.467px\">Punktebonus\/-abzug je 100 DWZ-Unterschied<\/td>\n<td style=\"width: 93.5667px;text-align: center\">1<\/td>\n<\/tr>\n<\/tbody>\n<\/table>\n<table class=\"tournament\" style=\"width: 412.283px;border-color: #fffff7\">\n<tbody>\n<tr>\n<td style=\"width: 31.2167px;border-color: #fffff7\">*<\/td>\n<td style=\"width: 350.917px;border-color: #fffff7\">Die sch\u00f6nste Partie wird von allen Teilnehmern ausgew\u00e4hlt. Zur sch\u00f6nsten Partie k\u00f6nnen nur Partien gew\u00e4hlt werden, die von einem Teilnehmer bei der Turnierleitung eingereicht wurden.<\/td>\n<\/tr>\n<tr>\n<td style=\"width: 31.2167px;border-color: #fffff7\">**<\/td>\n<td style=\"width: 350.917px;border-color: #fffff7\">Remisk\u00f6nig ist derjenige Spieler, der prozentual am meisten Remisen mehr als Siege+Verluste aufweist. Bei Gleichheit wird der Punkteabzug auf alle Remisk\u00f6nige zu gleichen Teilen aufgeteilt.<\/td>\n<\/tr>\n<\/tbody>\n<\/table>\n<p>&nbsp;<\/p>\n<p>&nbsp;<\/p>\n","protected":false},"excerpt":{"rendered":"<p>Statusliste: Aktueller Rang Teilnehmer Punkte Anz. Spiele &nbsp;2 G.Herbst 59 2 &nbsp;4 &nbsp;H.Hayessen 12 1 &nbsp;3 &nbsp;H.Schnatzer 16 1 &nbsp;1 &nbsp;K.Baldauf 144 3 &nbsp;5 &nbsp;J.Richert 9 &nbsp;1 &nbsp; &nbsp; &nbsp; &nbsp; &nbsp; &nbsp; &nbsp; &nbsp; &nbsp; &nbsp; &nbsp; &nbsp; &nbsp; &nbsp; &nbsp; &nbsp; &nbsp; Bisher gespielte Runden: 4 &nbsp; Kriterium Punkte Punkte f\u00fcr einen Wei\u00df-Sieg &hellip; <a href=\"https:\/\/www.sv-bad-bevensen.de\/?page_id=10475\" class=\"more-link\"><span class=\"screen-reader-text\">Turm-Turnier 2017\/2018<\/span> weiterlesen<\/a><\/p>\n","protected":false},"author":3,"featured_media":0,"parent":10116,"menu_order":4,"comment_status":"closed","ping_status":"closed","template":"","meta":{"ngg_post_thumbnail":0,"footnotes":""},"class_list":["post-10475","page","type-page","status-publish","hentry"],"_links":{"self":[{"href":"https:\/\/www.sv-bad-bevensen.de\/index.php?rest_route=\/wp\/v2\/pages\/10475","targetHints":{"allow":["GET"]}}],"collection":[{"href":"https:\/\/www.sv-bad-bevensen.de\/index.php?rest_route=\/wp\/v2\/pages"}],"about":[{"href":"https:\/\/www.sv-bad-bevensen.de\/index.php?rest_route=\/wp\/v2\/types\/page"}],"author":[{"embeddable":true,"href":"https:\/\/www.sv-bad-bevensen.de\/index.php?rest_route=\/wp\/v2\/users\/3"}],"replies":[{"embeddable":true,"href":"https:\/\/www.sv-bad-bevensen.de\/index.php?rest_route=%2Fwp%2Fv2%2Fcomments&post=10475"}],"version-history":[{"count":0,"href":"https:\/\/www.sv-bad-bevensen.de\/index.php?rest_route=\/wp\/v2\/pages\/10475\/revisions"}],"up":[{"embeddable":true,"href":"https:\/\/www.sv-bad-bevensen.de\/index.php?rest_route=\/wp\/v2\/pages\/10116"}],"wp:attachment":[{"href":"https:\/\/www.sv-bad-bevensen.de\/index.php?rest_route=%2Fwp%2Fv2%2Fmedia&parent=10475"}],"curies":[{"name":"wp","href":"https:\/\/api.w.org\/{rel}","templated":true}]}}